{"id":16961,"date":"2023-12-31T21:54:23","date_gmt":"2023-12-31T20:54:23","guid":{"rendered":"https:\/\/yahyaouishop.com\/?post_type=product&#038;p=16961"},"modified":"2025-10-01T01:06:43","modified_gmt":"2025-10-01T00:06:43","slug":"canon-pixma-g640-imprimante-multifonction-photo-a-reservoirs-rechargeables","status":"publish","type":"product","link":"https:\/\/yahyaouishop.com\/fr\/produit\/canon-pixma-g640-imprimante-multifonction-photo-a-reservoirs-rechargeables\/","title":{"rendered":"Canon PIXMA G640 Imprimante multifonction photo \u00e0 r\u00e9servoirs rechargeables"},"content":{"rendered":"<p>L&#8217;imprimante multifonction Canon PIXMA G640 r\u00e9volutionne l&#8217;impression photo avec ses six r\u00e9servoirs rechargeables. Produisez des images de qualit\u00e9 professionnelle \u00e0 co\u00fbt r\u00e9duit, id\u00e9al pour les gros volumes. Profitez d&#8217;une impression sans fil depuis vos appareils Wi-Fi. L&#8217;\u00e9cran LCD \u00e0 2 lignes facilite les r\u00e9glages. Chargez jusqu&#8217;\u00e0 100 feuilles \u00e0 la fois. Imprimez des photos sans bordure jusqu&#8217;au format A4. Copiez et num\u00e9risez avec facilit\u00e9. Les encres de haute qualit\u00e9 offrent une large gamme de couleurs. \u00c9conomisez du temps avec des cartouches rempla\u00e7ables. Une solution 3-en-1 pour vos besoins d&#8217;impression, copie et num\u00e9risation.<\/p>\n<p>Fiche technique<\/p>\n<p>Fonctions<\/p>\n<p>Impression, copie et scan, Wi-Fi, Cloud<\/p>\n<p>Technologie d&#8217;impression<\/p>\n<p>Jet d\u200e\u200e&#8217;\u200e\u200eencre<\/p>\n<p>Consommables fournis avec l&#8217;imprimante<\/p>\n<p>Livr\u00e9e avec 1 jeu de 6 bouteilles d&#8217;encre.<\/p>\n<p>Cartouches d&#8217;impression<\/p>\n<p>6 bouteilles d&#8217;encre<\/p>\n<p>Vitesse d&#8217;impression noir<\/p>\n<p>3,9 images\/min en norme ISO<\/p>\n<p>Vitesse d&#8217;impression couleur<\/p>\n<p>3,9 images\/min en norme ISO<\/p>\n<p>Qualit\u00e9 d&#8217;impression noire<\/p>\n<p>Jusqu&#8217;\u00e0 4800\u00a0<sup><a href=\"https:\/\/www.iris.ma\/12822-imprimante-multifonction-a-reservoirs-rechargeables-canon-pixma-g640-4620c009aa.html\" target=\"_blank\" rel=\"noopener\">1<\/a><\/sup>\u00a0x 1200 ppp<\/p>\n<p>Qualit\u00e9 d&#8217;impression couleur<\/p>\n<p>Jusqu&#8217;\u00e0 4800 x 1200 ppp<\/p>\n<p>\u00c9cran<\/p>\n<p>LCD \u00e0 2 lignes<\/p>\n<p>Connectivit\u00e9<\/p>\n<p>USB haute vitesse (port USB B) &#8211; WI-FI : IEEE802.11 b\/g\/n 13<\/p>\n<p>Impression recto\/verso<\/p>\n<p>Fonctionnement manuel<\/p>\n<p>Impression sans bordure<\/p>\n<p>OuiA4, LTR, 10 \u00d7 15 cm (4&#8243; \u00d7 6&#8243;), 13 \u00d7 18 cm (5&#8243; \u00d7 7&#8243;), 18 \u00d7 25 cm (7&#8243; \u00d7 10&#8243;), 20 \u00d7 25 cm (8&#8243; \u00d7 10&#8243;), carr\u00e9 127 mm \u00d7 127 mm (5&#8243; \u00d7 5\u201c), carr\u00e9 89 mm \u00d7 89 mm (3,5&#8243; \u00d7 3,5&#8243;), format de carte 55 mm \u00d7 91 mm (2,17&#8243; \u00d7 3,58&#8243;)<\/p>\n<p>Capacit\u00e9 bac papier<\/p>\n<p>Bac arri\u00e8re : Papier ordinaire : 64 \u00e0 105 g\/m\u00b2 (100 feuilles) ou papiers Canon authentiques pris en charge<\/p>\n<p>Formats de supports pris en charge<\/p>\n<p>A4, A5, B5,A6, LTR, LGL, 4&#8243;&#8221; x 6&#8243;&#8221; (10x15cm), 5&#8243;&#8221; x 7&#8243;&#8221; (13x18cm), 7&#8243;&#8221; x 10&#8243;&#8221; (18x25cm), 8&#8243;&#8221; x 10 &#8220;&#8221; (20x25cm), Carr\u00e9 5&#8243;&#8221; x 5&#8243;&#8221; (127mm x 127mm), Carr\u00e9 3.5&#8243;&#8221; x 3.5&#8243;&#8221; (89 mm x 89 mm), Taille de la carte 55mm x 91 mm (2.17&#8243;&#8221; x 3.58&#8243; &#8220;)<\/p>\n<p>Enveloppes(DL, COM10, C5, Monarch),<\/p>\n<p>[Format personnalis\u00e9]<\/p>\n<p>largeur 55 &#8211; 216 mm, longueur 89 &#8211; 1200 mm<\/p>\n<p>Types de support pris en charge<\/p>\n<p>Papier ordinaire Papier photo Pro Lustre (LU-101), Papier photo glac\u00e9 Plus II (PP-201) Papier photo mat (MP-101), Papier photo brillant \u00ab Utilisation quotidienne \u00bb (GP-501) Papier haute r\u00e9solution (HR-101N), Papier photo plus semi-brillant (SG-201), Brut d\u2019art haut de gamme\u00a0Papier photo recollable (RP-101) Papier photo magn\u00e9tique (MG-101) Repassage en tissu fonc\u00e9 sur transferts (DF-101), Repassage pour tissu l\u00e9ger sur transferts (LF-101), Papier mat double face (MP-101D) Carte de v\u0153ux (fabriqu\u00e9e par Avery et RedRiverPaper), Papier cartonn\u00e9 (fabriqu\u00e9 par Neenah Paper et INKPRESS), Canon \u00c9tiquette Rouge Sup\u00e9rieure (WOP111) Papier couleur de bureau Canon Oce (SAT213)<\/p>\n<p>Dimensions (l x p x h)<\/p>\n<p>Environ. 445 x 340 x 167 mm (plateaux r\u00e9tract\u00e9s)<\/p>\n<p>Environ. 445 x 555 x 238 mm (bacs d\u00e9ploy\u00e9s)<\/p>\n<p>Poids net<\/p>\n<p>Environ. 6,6 kg<\/p>\n<p>Cartouches compatibles<\/p>\n<p>GI-43\u00a0GI-43\u00a0GI-43\u00a0GI-43\u00a0GI-43\u00a0GI-43<\/p>\n<p>C\u00e2ble fourni<\/p>\n<p>Non, acheter s\u00e9par\u00e9ment.<\/p>\n<p>Photocopieur<\/p>\n<p>Vitesse de copie: sFCOT : env. 25 sec10 \/ sESAT : environ 2,9 ipm11<\/p>\n<p>Copie multiple: 99 exemplaires (max.)<\/p>\n<p>Fonctions de copie: Copie de documents, copie de photos, copie sans bordure, copie 2 sur 1 et 4 sur 1, copie avec effacement de cadre, copie d&#8217;identit\u00e9<\/p>\n<p>Copier le zoom: 25 &#8211; 400 % (par incr\u00e9ments de 1 %) Ajuster \u00e0 la page A5 \u00e0 A4, B5 \u00e0 A4, A4 \u00e0 A5 et A4 \u00e0 B5<\/p>\n<p>Scanner<\/p>\n<p>Type de scanner: Scanner de photos et de documents \u00e0 plat CIS<\/p>\n<p>R\u00e9solution du scanner (optique): 600 x 1 200 ppp8<\/p>\n<p>Vitesse de balayage des lignes: Couleur : 3,5 ms\/ligne (300 dpi) &#8211; \u00c9chelle de gris : 1,5 ms\/ligne (300 dpi)9<\/p>\n<p>Profondeur de num\u00e9risation (Entr\u00e9e\/Sortie): Couleur : RVB chacun 16 bits\/8 bits &#8211; Niveaux de gris : 16 bits \/ 8 bits<\/p>\n<p>Taille maximale des documents: A4\/LTR<\/p>\n<p>Logiciels inclus<\/p>\n<p>Le pilote d&#8217;imprimante Outil Assistant d&#8217;imprimante IJ \u00c9diteur Easy-PhotoPrint (t\u00e9l\u00e9charger)<\/p>\n<p>Poids du support recommand\u00e9<\/p>\n<p>Bac arri\u00e8re : Papier ordinaire : 64 \u00e0 105 g\/m\u00b2 ou papiers Canon authentiques pris en charge Papier photo : grammage maximum du papier : env. 275 g\/m\u00b2 ou papiers Canon authentiques pris en charge<\/p>","protected":false},"excerpt":{"rendered":"<p>L&#8217;imprimante multifonction Canon PIXMA G640 r\u00e9volutionne l&#8217;impression photo avec ses six r\u00e9servoirs rechargeables. Produisez des images de qualit\u00e9 professionnelle \u00e0<\/p>","protected":false},"featured_media":16962,"comment_status":"open","ping_status":"closed","template":"","meta":[],"product_brand":[453],"product_cat":[126],"product_tag":[221],"class_list":{"0":"post-16961","1":"product","2":"type-product","3":"status-publish","4":"has-post-thumbnail","6":"product_brand-canon","7":"product_cat-produits-divers","8":"product_tag-brand-canon","10":"first","11":"outofstock","12":"taxable","13":"shipping-taxable","14":"purchasable","15":"product-type-simple"},"jetpack_sharing_enabled":true,"_links":{"self":[{"href":"https:\/\/yahyaouishop.com\/fr\/wp-json\/wp\/v2\/product\/16961","targetHints":{"allow":["GET"]}}],"collection":[{"href":"https:\/\/yahyaouishop.com\/fr\/wp-json\/wp\/v2\/product"}],"about":[{"href":"https:\/\/yahyaouishop.com\/fr\/wp-json\/wp\/v2\/types\/product"}],"replies":[{"embeddable":true,"href":"https:\/\/yahyaouishop.com\/fr\/wp-json\/wp\/v2\/comments?post=16961"}],"version-history":[{"count":1,"href":"https:\/\/yahyaouishop.com\/fr\/wp-json\/wp\/v2\/product\/16961\/revisions"}],"predecessor-version":[{"id":16964,"href":"https:\/\/yahyaouishop.com\/fr\/wp-json\/wp\/v2\/product\/16961\/revisions\/16964"}],"wp:featuredmedia":[{"embeddable":true,"href":"https:\/\/yahyaouishop.com\/fr\/wp-json\/wp\/v2\/media\/16962"}],"wp:attachment":[{"href":"https:\/\/yahyaouishop.com\/fr\/wp-json\/wp\/v2\/media?parent=16961"}],"wp:term":[{"taxonomy":"product_brand","embeddable":true,"href":"https:\/\/yahyaouishop.com\/fr\/wp-json\/wp\/v2\/product_brand?post=16961"},{"taxonomy":"product_cat","embeddable":true,"href":"https:\/\/yahyaouishop.com\/fr\/wp-json\/wp\/v2\/product_cat?post=16961"},{"taxonomy":"product_tag","embeddable":true,"href":"https:\/\/yahyaouishop.com\/fr\/wp-json\/wp\/v2\/product_tag?post=16961"}],"curies":[{"name":"wp","href":"https:\/\/api.w.org\/{rel}","templated":true}]}}