{"id":16946,"date":"2023-12-31T21:29:30","date_gmt":"2023-12-31T20:29:30","guid":{"rendered":"https:\/\/yahyaouishop.com\/?post_type=product&#038;p=16946"},"modified":"2025-11-24T18:50:02","modified_gmt":"2025-11-24T17:50:02","slug":"saramonic-blink-me-2-systeme-micro-sans-fil","status":"publish","type":"product","link":"https:\/\/yahyaouishop.com\/fr\/produit\/saramonic-blink-me-2-systeme-micro-sans-fil\/","title":{"rendered":"Saramonic Blink Me 2 &#8211; Syst\u00e8me micro sans fil"},"content":{"rendered":"<p>Le <strong>Saramonic Blink Me 2 &#8211; Syst\u00e8me micro sans fil<\/strong> r\u00e9volutionne l&#8217;audio pour les professionnels avec ses fonctionnalit\u00e9s avanc\u00e9es et sa facilit\u00e9 d&#8217;utilisation. Id\u00e9al pour les interviews, les vlogs, les films et bien plus encore, ce syst\u00e8me offre une qualit\u00e9 sonore exceptionnelle pour deux personnes. Dot\u00e9 d&#8217;un \u00e9cran tactile intuitif, d&#8217;un enregistrement \u00e0 bord, et d&#8217;une r\u00e9duction de bruit active, il offre une flexibilit\u00e9 maximale dans toutes les situations de tournage. Avec une interface personnalisable, il s&#8217;adapte \u00e0 vos besoins sp\u00e9cifiques. Compatible avec les cam\u00e9ras, les appareils mobiles et autres dispositifs avec entr\u00e9e 3.5mm TRS\/TRRS ou USB-C, le Saramonic Blink Me 2 &#8211; Syst\u00e8me micro sans fil est l&#8217;outil ultime pour des enregistrements audio impeccables.<\/p>\n<p><strong>Caract\u00e9ristiques techniques :<\/strong><\/p>\n<ul>\n<li><strong>Affichage \u00e9metteur:<\/strong> TFT 1,3&#8243; (Thin-Film-Transistor LED) avec verre Panda et rev\u00eatement AF<\/li>\n<li><strong>Affichage r\u00e9cepteur:<\/strong> TFT 0,96&#8243; (Thin-Film-Transistor LED) avec verre Panda et rev\u00eatement AF<\/li>\n<li><strong>Type de transmission:<\/strong> Fr\u00e9quence num\u00e9rique 2,4 GHz<\/li>\n<li><strong>Modulation:<\/strong> Modulation num\u00e9rique<\/li>\n<li><strong>Directivit\u00e9 du microphone:<\/strong> Omnidirectionnelle<\/li>\n<li><strong>Port\u00e9e de fonctionnement:<\/strong> 100m en visibilit\u00e9 directe<\/li>\n<li><strong>Puissance de sortie RF:<\/strong> &lt;10mW<\/li>\n<li><strong>R\u00e9solution du syst\u00e8me:<\/strong> 24 bits \/ 48 kHz<\/li>\n<li><strong>R\u00e9ponse en fr\u00e9quence:<\/strong> 20 Hz \u00e0 10 kHz<\/li>\n<li><strong>Rapport signal sur bruit:<\/strong> &gt; 80 dB<\/li>\n<li><strong>Niveau maximal SPL:<\/strong> 110 dB<\/li>\n<li><strong>Sensibilit\u00e9:<\/strong> -39 \u00b1 2 dB<\/li>\n<li><strong>Entr\u00e9e audio \u00e9metteur:<\/strong> Microphone \u00e0 condensateur int\u00e9gr\u00e9<\/li>\n<li><strong>Sortie audio analogique r\u00e9cepteur:<\/strong> Sortie auto-d\u00e9tection femelle 3,5 mm (TRS \/ TRRS)<\/li>\n<li><strong>Sortie audio num\u00e9rique r\u00e9cepteur:<\/strong> USB-C femelle<\/li>\n<li><strong>Sortie casque r\u00e9cepteur:<\/strong> Femelle 3,5 mm TRS<\/li>\n<li><strong>Alimentation:<\/strong> Batterie Li-Ion rechargeable int\u00e9gr\u00e9e ou USB-C DC 5V (uniquement r\u00e9cepteur)<\/li>\n<li><strong>Sp\u00e9cifications de la batterie:<\/strong> \u00c9metteur: 3,85 V \/ 495 mAh \/ R\u00e9cepteur: 3,7 V \/ 1600 mAh<\/li>\n<li><strong>Connecteur de charge:<\/strong> \u00c9metteur: Contacts de charge \/ R\u00e9cepteur: USB-C<\/li>\n<li><strong>Temps de charge du r\u00e9cepteur:<\/strong> Environ 2,5 heures (avec chargeur 5V \/ 2A)<\/li>\n<li><strong>Autonomie de la batterie de l&#8217;\u00e9metteur:<\/strong> Environ 6 heures (enregistrement activ\u00e9) \/ 8 heures (enregistrement d\u00e9sactiv\u00e9)<\/li>\n<li><strong>Autonomie de la batterie du r\u00e9cepteur:<\/strong> Environ 24 heures (avec une charge compl\u00e8te pour 1 \u00e9metteur)<\/li>\n<li><strong>M\u00e9moire des \u00e9metteurs:<\/strong> 8 Go<\/li>\n<li><strong>Dur\u00e9e d&#8217;enregistrement des \u00e9metteurs:<\/strong> 16 bits \/ 48 kHz: 22 heures \/ 48 bits \/ 48 kHz: 15 heures<\/li>\n<li><strong>Dimensions de l&#8217;\u00e9metteur:<\/strong> 47 x 12,5 mm<\/li>\n<li><strong>Poids de l&#8217;\u00e9metteur:<\/strong> 30g<\/li>\n<li><strong>Dimensions du r\u00e9cepteur:<\/strong> 56,6 x 56,6 x 25,2 mm<\/li>\n<li><strong>Poids du r\u00e9cepteur:<\/strong> 70g<\/li>\n<li><strong>Temp\u00e9rature de fonctionnement:<\/strong> 0\u02da C \u00e0 +50\u02da C<\/li>\n<li><strong>Temp\u00e9rature de stockage:<\/strong> -10\u02da C \u00e0 +50\u02da C<\/li>\n<\/ul>\n<p>&nbsp;<\/p>\n<p>&nbsp;<\/p>","protected":false},"excerpt":{"rendered":"<ul>\n<li>Syst\u00e8me de micro sans fil pour 2 personnes avec \u00e9cran tactile, enregistrement \u00e0 bord, r\u00e9duction de bruit active et interface personnalisable. Parfait pour cam\u00e9ras, appareils mobiles et autres dispositifs avec entr\u00e9e 3.5mm TRS\/TRRS ou USB-C.<\/li>\n<\/ul>\n<p>Le <strong>Saramonic Blink Me 2 &#8211; Syst\u00e8me micro sans fil<\/strong> offre une qualit\u00e9 sonore exceptionnelle pour deux personnes, id\u00e9ale pour les professionnels. Avec un \u00e9cran tactile intuitif, un enregistrement \u00e0 bord et une r\u00e9duction de bruit active, il garantit des performances optimales dans toutes les situations. Son interface personnalisable le rend adaptable \u00e0 vos besoins sp\u00e9cifiques, tandis que sa compatibilit\u00e9 avec les cam\u00e9ras, les appareils mobiles et autres dispositifs en fait un outil polyvalent pour des enregistrements audio impeccables.<\/p>","protected":false},"featured_media":16947,"comment_status":"open","ping_status":"closed","template":"","meta":[],"product_brand":[524],"product_cat":[188],"product_tag":[237],"class_list":{"0":"post-16946","1":"product","2":"type-product","3":"status-publish","4":"has-post-thumbnail","6":"product_brand-saramonic","7":"product_cat-son","8":"product_tag-brand-saramonic","10":"first","11":"instock","12":"purchasable","13":"product-type-simple"},"jetpack_sharing_enabled":true,"_links":{"self":[{"href":"https:\/\/yahyaouishop.com\/fr\/wp-json\/wp\/v2\/product\/16946","targetHints":{"allow":["GET"]}}],"collection":[{"href":"https:\/\/yahyaouishop.com\/fr\/wp-json\/wp\/v2\/product"}],"about":[{"href":"https:\/\/yahyaouishop.com\/fr\/wp-json\/wp\/v2\/types\/product"}],"replies":[{"embeddable":true,"href":"https:\/\/yahyaouishop.com\/fr\/wp-json\/wp\/v2\/comments?post=16946"}],"version-history":[{"count":3,"href":"https:\/\/yahyaouishop.com\/fr\/wp-json\/wp\/v2\/product\/16946\/revisions"}],"predecessor-version":[{"id":18985,"href":"https:\/\/yahyaouishop.com\/fr\/wp-json\/wp\/v2\/product\/16946\/revisions\/18985"}],"wp:featuredmedia":[{"embeddable":true,"href":"https:\/\/yahyaouishop.com\/fr\/wp-json\/wp\/v2\/media\/16947"}],"wp:attachment":[{"href":"https:\/\/yahyaouishop.com\/fr\/wp-json\/wp\/v2\/media?parent=16946"}],"wp:term":[{"taxonomy":"product_brand","embeddable":true,"href":"https:\/\/yahyaouishop.com\/fr\/wp-json\/wp\/v2\/product_brand?post=16946"},{"taxonomy":"product_cat","embeddable":true,"href":"https:\/\/yahyaouishop.com\/fr\/wp-json\/wp\/v2\/product_cat?post=16946"},{"taxonomy":"product_tag","embeddable":true,"href":"https:\/\/yahyaouishop.com\/fr\/wp-json\/wp\/v2\/product_tag?post=16946"}],"curies":[{"name":"wp","href":"https:\/\/api.w.org\/{rel}","templated":true}]}}