{"id":13800,"date":"2023-10-30T19:39:00","date_gmt":"2023-10-30T18:39:00","guid":{"rendered":"https:\/\/yahyaouishop.com\/index.php\/product\/samsung-t7-disque-externe-ssd-portable-2to\/"},"modified":"2025-10-01T01:06:24","modified_gmt":"2025-10-01T00:06:24","slug":"samsung-t7-disque-externe-ssd-portable-2to","status":"publish","type":"product","link":"https:\/\/yahyaouishop.com\/fr\/produit\/samsung-t7-disque-externe-ssd-portable-2to\/","title":{"rendered":"Samsung T7 Disque externe SSD portable 2To"},"content":{"rendered":"<p>Samsung T7 SSD<\/p>\n<p>La nouvelle norme du stockage externe<\/p>\n<p>L\u00e9ger et facile \u00e0 transporter, le Samsung T7 SSD externe est la solution id\u00e9ale pour stocker et transporter de gros fichiers. Alliant rapidit\u00e9 et s\u00e9curit\u00e9 pour vos transferts de donn\u00e9es, il est votre partenaire id\u00e9al au quotidien lors de vos journ\u00e9es de travail ou vos moments de d\u00e9tente.<\/p>\n<p>Des transferts, en un clin d\u2019\u0153il<\/p>\n<p>Transf\u00e9rer de tr\u00e8s lourds fichiers en quelques secondes gr\u00e2ce \u00e0 l\u2019incroyable vitesse procur\u00e9e par l\u2019USB 3.2 Gen 2 du Samsung T7 SSD. La technologie embarqu\u00e9e PCIe NVMe permet d\u2019atteindre des vitesses de lecture\/\u00e9criture s\u00e9quentielles de 1050\/1000 Mo\/s, ce qui rend le Samsung T7 SSD presque deux fois plus rapide que le mod\u00e8le pr\u00e9c\u00e9dent, le Samsung T5 SSD.<\/p>","protected":false},"excerpt":{"rendered":"<p>Samsung T7 SSD La nouvelle norme du stockage externe L\u00e9ger et facile \u00e0 transporter, le Samsung T7 SSD externe est<\/p>","protected":false},"featured_media":15004,"comment_status":"open","ping_status":"closed","template":"","meta":[],"product_brand":[455],"product_cat":[135,205,126],"product_tag":[449],"class_list":{"0":"post-13800","1":"product","2":"type-product","3":"status-publish","4":"has-post-thumbnail","6":"product_brand-yahyaoui-shop","7":"product_cat-stockage","8":"product_cat-memoires-externes","9":"product_cat-produits-divers","10":"product_tag-yahyaoui-shop","12":"first","13":"outofstock","14":"taxable","15":"shipping-taxable","16":"purchasable","17":"product-type-simple"},"jetpack_sharing_enabled":true,"_links":{"self":[{"href":"https:\/\/yahyaouishop.com\/fr\/wp-json\/wp\/v2\/product\/13800","targetHints":{"allow":["GET"]}}],"collection":[{"href":"https:\/\/yahyaouishop.com\/fr\/wp-json\/wp\/v2\/product"}],"about":[{"href":"https:\/\/yahyaouishop.com\/fr\/wp-json\/wp\/v2\/types\/product"}],"replies":[{"embeddable":true,"href":"https:\/\/yahyaouishop.com\/fr\/wp-json\/wp\/v2\/comments?post=13800"}],"version-history":[{"count":1,"href":"https:\/\/yahyaouishop.com\/fr\/wp-json\/wp\/v2\/product\/13800\/revisions"}],"predecessor-version":[{"id":17102,"href":"https:\/\/yahyaouishop.com\/fr\/wp-json\/wp\/v2\/product\/13800\/revisions\/17102"}],"wp:featuredmedia":[{"embeddable":true,"href":"https:\/\/yahyaouishop.com\/fr\/wp-json\/wp\/v2\/media\/15004"}],"wp:attachment":[{"href":"https:\/\/yahyaouishop.com\/fr\/wp-json\/wp\/v2\/media?parent=13800"}],"wp:term":[{"taxonomy":"product_brand","embeddable":true,"href":"https:\/\/yahyaouishop.com\/fr\/wp-json\/wp\/v2\/product_brand?post=13800"},{"taxonomy":"product_cat","embeddable":true,"href":"https:\/\/yahyaouishop.com\/fr\/wp-json\/wp\/v2\/product_cat?post=13800"},{"taxonomy":"product_tag","embeddable":true,"href":"https:\/\/yahyaouishop.com\/fr\/wp-json\/wp\/v2\/product_tag?post=13800"}],"curies":[{"name":"wp","href":"https:\/\/api.w.org\/{rel}","templated":true}]}}