{"id":13799,"date":"2023-10-30T19:38:59","date_gmt":"2023-10-30T18:38:59","guid":{"rendered":"https:\/\/yahyaouishop.com\/index.php\/product\/samsung-portable-ssd-t7-1-to-gris\/"},"modified":"2025-10-01T01:06:23","modified_gmt":"2025-10-01T00:06:23","slug":"samsung-portable-ssd-t7-1-to-gris","status":"publish","type":"product","link":"https:\/\/yahyaouishop.com\/fr\/produit\/samsung-portable-ssd-t7-1-to-gris\/","title":{"rendered":"Samsung Portable SSD T7 1To &#8211; Gris"},"content":{"rendered":"<p data-mce-fragment=\"1\"><strong data-mce-fragment=\"1\">La nouvelle norme en stockage externe<\/strong><\/p>\n<p data-mce-fragment=\"1\">L\u00e9ger et facile \u00e0 mettre en poche, le Portable SSD T7 est l&#8217;outil id\u00e9al pour stocker et transf\u00e9rer facilement des fichiers volumineux. Il garantit des vitesses \u00e9lev\u00e9es et prot\u00e8ge efficacement vos donn\u00e9es. D\u00e9couvrez le T7 et profitez vous aussi de hautes performances dans votre travail quotidien.<\/p>\n<p data-mce-fragment=\"1\"><strong data-mce-fragment=\"1\">Transfert en un \u00e9clair<\/strong><\/p>\n<p data-mce-fragment=\"1\">Transf\u00e9rez des fichiers massifs en quelques secondes gr\u00e2ce \u00e0 l&#8217;incroyable vitesse de l&#8217;USB 3.2 Gen2 sur le T7. La technologie PCIe NVMe\u2122 int\u00e9gr\u00e9e favorise les vitesses de lecture\/\u00e9criture s\u00e9quentielles pour leur permettre d&#8217;atteindre jusqu&#8217;\u00e0 1050\/1000 Mo\/s, ce qui rend le T7 presque deux fois plus rapide que le T5.<\/p>\n<p data-mce-fragment=\"1\"><strong data-mce-fragment=\"1\">Un design fait pour durer<\/strong><\/p>\n<p data-mce-fragment=\"1\">SSD signifie Solid State Drive. Autrement dit, il est construit sans pi\u00e8ces mobiles. Le hardware est s\u00e9curis\u00e9 par un mot de passe crypt\u00e9 AES 256 bits et prot\u00e9g\u00e9 par un corps m\u00e9tallique robuste qui conserve vos donn\u00e9es intactes m\u00eame apr\u00e8s une chute de 2 m\u00e8tres. Le T7 b\u00e9n\u00e9ficie d&#8217;une garantie limit\u00e9e de 3 ans.<\/p>","protected":false},"excerpt":{"rendered":"<p>La nouvelle norme en stockage externe L\u00e9ger et facile \u00e0 mettre en poche, le Portable SSD T7 est l&#8217;outil id\u00e9al<\/p>","protected":false},"featured_media":15001,"comment_status":"open","ping_status":"closed","template":"","meta":[],"product_brand":[455],"product_cat":[135,205,126],"product_tag":[449],"class_list":{"0":"post-13799","1":"product","2":"type-product","3":"status-publish","4":"has-post-thumbnail","6":"product_brand-yahyaoui-shop","7":"product_cat-stockage","8":"product_cat-memoires-externes","9":"product_cat-produits-divers","10":"product_tag-yahyaoui-shop","12":"first","13":"outofstock","14":"taxable","15":"shipping-taxable","16":"purchasable","17":"product-type-simple"},"jetpack_sharing_enabled":true,"_links":{"self":[{"href":"https:\/\/yahyaouishop.com\/fr\/wp-json\/wp\/v2\/product\/13799","targetHints":{"allow":["GET"]}}],"collection":[{"href":"https:\/\/yahyaouishop.com\/fr\/wp-json\/wp\/v2\/product"}],"about":[{"href":"https:\/\/yahyaouishop.com\/fr\/wp-json\/wp\/v2\/types\/product"}],"replies":[{"embeddable":true,"href":"https:\/\/yahyaouishop.com\/fr\/wp-json\/wp\/v2\/comments?post=13799"}],"version-history":[{"count":1,"href":"https:\/\/yahyaouishop.com\/fr\/wp-json\/wp\/v2\/product\/13799\/revisions"}],"predecessor-version":[{"id":20626,"href":"https:\/\/yahyaouishop.com\/fr\/wp-json\/wp\/v2\/product\/13799\/revisions\/20626"}],"wp:featuredmedia":[{"embeddable":true,"href":"https:\/\/yahyaouishop.com\/fr\/wp-json\/wp\/v2\/media\/15001"}],"wp:attachment":[{"href":"https:\/\/yahyaouishop.com\/fr\/wp-json\/wp\/v2\/media?parent=13799"}],"wp:term":[{"taxonomy":"product_brand","embeddable":true,"href":"https:\/\/yahyaouishop.com\/fr\/wp-json\/wp\/v2\/product_brand?post=13799"},{"taxonomy":"product_cat","embeddable":true,"href":"https:\/\/yahyaouishop.com\/fr\/wp-json\/wp\/v2\/product_cat?post=13799"},{"taxonomy":"product_tag","embeddable":true,"href":"https:\/\/yahyaouishop.com\/fr\/wp-json\/wp\/v2\/product_tag?post=13799"}],"curies":[{"name":"wp","href":"https:\/\/api.w.org\/{rel}","templated":true}]}}