{"id":13794,"date":"2023-10-30T19:38:52","date_gmt":"2023-10-30T18:38:52","guid":{"rendered":"https:\/\/yahyaouishop.com\/index.php\/product\/sac-a-dos-lolobo\/"},"modified":"2025-11-24T18:51:46","modified_gmt":"2025-11-24T17:51:46","slug":"sac-a-dos-lolobo","status":"publish","type":"product","link":"https:\/\/yahyaouishop.com\/fr\/produit\/sac-a-dos-lolobo\/","title":{"rendered":"Sac \u00e0 dos LOLOBO"},"content":{"rendered":"<p>Sac \u00e0 dos professionnel pour appareil photo, \u00e9tanche, r\u00e9sistant aux intemp\u00e9ries &#8211; Sac de rangement pour appareil photo reflex num\u00e9rique, objectif et accessoires<\/p>\n<ul style=\"border: 0px solid;padding: 0px;margin: 0px;max-height: 293px;overflow: auto;color: #000000;font-family: CircularPro, Arial, sans-serif;font-size: 13.92px;font-style: normal;font-weight: 400;letter-spacing: normal;text-align: left;text-indent: 0px;text-transform: none;background-color: #ffffff\">\n<li style=\"border: 0px solid;padding: 0px;margin: 0px\"><span style=\"border: 0px solid\" class=\"a-list-item\">Confortable \u00e0 utiliser : deux bretelles dorsales enti\u00e8rement r\u00e9glables et rembourr\u00e9es pour plus de confort. Les poches ext\u00e9rieures Am-ple permettent un acc\u00e8s rapide aux fournitures, en plus d&#8217;une poche pour bouteille d&#8217;eau \/ boucles de tr\u00e9pied r\u00e9glables.<\/span><\/li>\n<li style=\"border: 0px solid;padding: 0px;margin: 0px\"><span style=\"border: 0px solid\" class=\"a-list-item\">Compatible avec les syst\u00e8mes de cam\u00e9ras Go-Pro, les unit\u00e9s de flash professionnelles, les d\u00e9clencheurs radio, les appareils photo et objectifs sans miroir, la batterie et le chargeur, les c\u00e2bles et autres accessoires<\/span><\/li>\n<li style=\"border: 0px solid;padding: 0px;margin: 0px\"><span style=\"border: 0px solid\" class=\"a-list-item\">Confort en d\u00e9placement : le harnais d&#8217;\u00e9paule ergonomique et la ceinture abdominale offrent un excellent soutien et une r\u00e9partition uniforme du poids pour des tirs tout au long de la journ\u00e9e.<\/span><\/li>\n<li style=\"border: 0px solid;padding: 0px;margin: 0px\"><span style=\"border: 0px solid\" class=\"a-list-item\">Capacit\u00e9 du produit : appareil photo reflex num\u00e9rique \u00e0 objectif m\u00e9dium portable, 2 \u00e0 3 objectifs de rechange, carte m\u00e9moire flash, batterie et c\u00e2ble.<\/span><\/li>\n<li style=\"border: 0px solid;padding: 0px;margin: 0px\"><span style=\"border: 0px solid\" class=\"a-list-item\">Grande capacit\u00e9 \u2013 Rangement int\u00e9rieur AM-ple pour transporter facilement tout votre appareil photo et vos accessoires<\/span><\/li>\n<\/ul>","protected":false},"excerpt":{"rendered":"<p>Sac \u00e0 dos professionnel pour appareil photo, \u00e9tanche, r\u00e9sistant aux intemp\u00e9ries &#8211; Sac de rangement pour appareil photo reflex num\u00e9rique,<\/p>","protected":false},"featured_media":16712,"comment_status":"open","ping_status":"closed","template":"","meta":[],"product_brand":[455],"product_cat":[187,126],"product_tag":[449],"class_list":{"0":"post-13794","1":"product","2":"type-product","3":"status-publish","4":"has-post-thumbnail","6":"product_brand-yahyaoui-shop","7":"product_cat-sacs","8":"product_cat-produits-divers","9":"product_tag-yahyaoui-shop","11":"first","12":"instock","13":"sale","14":"purchasable","15":"product-type-simple"},"jetpack_sharing_enabled":true,"_links":{"self":[{"href":"https:\/\/yahyaouishop.com\/fr\/wp-json\/wp\/v2\/product\/13794","targetHints":{"allow":["GET"]}}],"collection":[{"href":"https:\/\/yahyaouishop.com\/fr\/wp-json\/wp\/v2\/product"}],"about":[{"href":"https:\/\/yahyaouishop.com\/fr\/wp-json\/wp\/v2\/types\/product"}],"replies":[{"embeddable":true,"href":"https:\/\/yahyaouishop.com\/fr\/wp-json\/wp\/v2\/comments?post=13794"}],"version-history":[{"count":3,"href":"https:\/\/yahyaouishop.com\/fr\/wp-json\/wp\/v2\/product\/13794\/revisions"}],"predecessor-version":[{"id":21810,"href":"https:\/\/yahyaouishop.com\/fr\/wp-json\/wp\/v2\/product\/13794\/revisions\/21810"}],"wp:featuredmedia":[{"embeddable":true,"href":"https:\/\/yahyaouishop.com\/fr\/wp-json\/wp\/v2\/media\/16712"}],"wp:attachment":[{"href":"https:\/\/yahyaouishop.com\/fr\/wp-json\/wp\/v2\/media?parent=13794"}],"wp:term":[{"taxonomy":"product_brand","embeddable":true,"href":"https:\/\/yahyaouishop.com\/fr\/wp-json\/wp\/v2\/product_brand?post=13794"},{"taxonomy":"product_cat","embeddable":true,"href":"https:\/\/yahyaouishop.com\/fr\/wp-json\/wp\/v2\/product_cat?post=13794"},{"taxonomy":"product_tag","embeddable":true,"href":"https:\/\/yahyaouishop.com\/fr\/wp-json\/wp\/v2\/product_tag?post=13794"}],"curies":[{"name":"wp","href":"https:\/\/api.w.org\/{rel}","templated":true}]}}