{"id":13763,"date":"2023-10-30T19:38:28","date_gmt":"2023-10-30T18:38:28","guid":{"rendered":"https:\/\/yahyaouishop.com\/index.php\/product\/reflecteur-80-cm\/"},"modified":"2025-12-15T13:07:50","modified_gmt":"2025-12-15T12:07:50","slug":"reflecteur-80-cm","status":"publish","type":"product","link":"https:\/\/yahyaouishop.com\/fr\/produit\/reflecteur-80-cm\/","title":{"rendered":"R\u00e9flecteur 80cm 5en1 pliable pour Studio"},"content":{"rendered":"<p data-mce-fragment=\"1\">Ce disque de r\u00e9flecteur pliable 5 en 1 est livr\u00e9 avec des surfaces plus populaires cinq translucides, argent, or, blancs et noirs. Paquets dans un paquet postal. Plis en 15&#8243; portent une poche de facile \u00e0 transporter, sommier en acier durable et flexible assure facile de r\u00e9pandre et de fermeture. Ce r\u00e9flecteur s&#8217;adapte \u00e0 tout titulaire de r\u00e9flecteur standard.<\/p>","protected":false},"excerpt":{"rendered":"<p>Ce disque de r\u00e9flecteur pliable 5 en 1 est livr\u00e9 avec des surfaces plus populaires cinq translucides, argent, or, blancs<\/p>","protected":false},"featured_media":14939,"comment_status":"open","ping_status":"closed","template":"","meta":[],"product_brand":[455],"product_cat":[169,166],"product_tag":[449],"class_list":{"0":"post-13763","1":"product","2":"type-product","3":"status-publish","4":"has-post-thumbnail","6":"product_brand-yahyaoui-shop","7":"product_cat-fonds-et-supports","8":"product_cat-eclairages-et-studio","9":"product_tag-yahyaoui-shop","11":"first","12":"instock","13":"taxable","14":"shipping-taxable","15":"purchasable","16":"product-type-simple"},"jetpack_sharing_enabled":true,"_links":{"self":[{"href":"https:\/\/yahyaouishop.com\/fr\/wp-json\/wp\/v2\/product\/13763","targetHints":{"allow":["GET"]}}],"collection":[{"href":"https:\/\/yahyaouishop.com\/fr\/wp-json\/wp\/v2\/product"}],"about":[{"href":"https:\/\/yahyaouishop.com\/fr\/wp-json\/wp\/v2\/types\/product"}],"replies":[{"embeddable":true,"href":"https:\/\/yahyaouishop.com\/fr\/wp-json\/wp\/v2\/comments?post=13763"}],"version-history":[{"count":1,"href":"https:\/\/yahyaouishop.com\/fr\/wp-json\/wp\/v2\/product\/13763\/revisions"}],"predecessor-version":[{"id":23514,"href":"https:\/\/yahyaouishop.com\/fr\/wp-json\/wp\/v2\/product\/13763\/revisions\/23514"}],"wp:featuredmedia":[{"embeddable":true,"href":"https:\/\/yahyaouishop.com\/fr\/wp-json\/wp\/v2\/media\/14939"}],"wp:attachment":[{"href":"https:\/\/yahyaouishop.com\/fr\/wp-json\/wp\/v2\/media?parent=13763"}],"wp:term":[{"taxonomy":"product_brand","embeddable":true,"href":"https:\/\/yahyaouishop.com\/fr\/wp-json\/wp\/v2\/product_brand?post=13763"},{"taxonomy":"product_cat","embeddable":true,"href":"https:\/\/yahyaouishop.com\/fr\/wp-json\/wp\/v2\/product_cat?post=13763"},{"taxonomy":"product_tag","embeddable":true,"href":"https:\/\/yahyaouishop.com\/fr\/wp-json\/wp\/v2\/product_tag?post=13763"}],"curies":[{"name":"wp","href":"https:\/\/api.w.org\/{rel}","templated":true}]}}