{"id":13754,"date":"2024-10-09T16:06:04","date_gmt":"2024-10-09T15:06:04","guid":{"rendered":"https:\/\/yahyaouishop.com\/?post_type=product&#038;p=13754"},"modified":"2025-11-10T15:36:37","modified_gmt":"2025-11-10T14:36:37","slug":"puluz-minibox-photo-studio-light","status":"publish","type":"product","link":"https:\/\/yahyaouishop.com\/fr\/produit\/puluz-minibox-photo-studio-light\/","title":{"rendered":"PULUZ MINIBOX -PHOTO STUDIO LIGHT"},"content":{"rendered":"<p data-mce-fragment=\"1\">Caract\u00e9ristiques:<\/p>\n<p data-mce-fragment=\"1\">100% tout neuf et de haute qualit\u00e9<\/p>\n<p data-mce-fragment=\"1\">Avec 6 tampons d&#8217;arri\u00e8re-plans (noir, blanc, orange, rouge, vert, bleu)<\/p>\n<p data-mce-fragment=\"1\">Plug &amp; play, directement aliment\u00e9 via votre c\u00e2ble USB<\/p>\n<p data-mce-fragment=\"1\">Livr\u00e9 avec des performances de photographie exceptionnelles et vous aide \u00e0 obtenir des photos de qualit\u00e9 studio<\/p>\n<p data-mce-fragment=\"1\">Aide tr\u00e8s utile pour les commer\u00e7ants en ligne, c&#8217;est facile, pratique et \u00e9conomique<\/p>\n<p data-mce-fragment=\"1\">La bo\u00eete \u00e0 lumi\u00e8re pour photographie est con\u00e7ue pour les petits amateurs de photographie, les artisans, les artistes, les professionnels et les clients de la publicit\u00e9 de produits.<\/p>\n<p data-mce-fragment=\"1\">Light box Studio permet une prise de vue rapide et facile de petits produits tels que des bijoux, des accessoires, des jouets, des montres, des gadgets et d&#8217;autres articles.<\/p>\n<p data-mce-fragment=\"1\">Conception de structure de circuit magn\u00e9tique pliable portable, plus pratique \u00e0 installer et \u00e0 transporter, lumi\u00e8re LED int\u00e9gr\u00e9e, fournissant une lumi\u00e8re moyenne et emp\u00eachant les ombres et les reflets sur vos photos.<\/p>\n<p data-mce-fragment=\"1\">Sp\u00e9cification:<\/p>\n<p data-mce-fragment=\"1\">Mat\u00e9riel :PVC<\/p>\n<p data-mce-fragment=\"1\">Quantit\u00e9 de LED : 2*20 pcs<\/p>\n<p data-mce-fragment=\"1\">Couleur : comme indiqu\u00e9<\/p>\n<p data-mce-fragment=\"1\">Taille de la bo\u00eete : 22 x 23 x 24 cm<\/p>\n<p data-mce-fragment=\"1\">Tension d&#8217;entr\u00e9e: DC5V\/1A<\/p>\n<p data-mce-fragment=\"1\">Temp\u00e9rature de couleur : 6000-6500k<\/p>\n<p data-mce-fragment=\"1\">Luminance : 550 LM<\/p>","protected":false},"excerpt":{"rendered":"<p>Caract\u00e9ristiques: 100% tout neuf et de haute qualit\u00e9 Avec 6 tampons d&#8217;arri\u00e8re-plans (noir, blanc, orange, rouge, vert, bleu) Plug &amp;<\/p>","protected":false},"featured_media":14923,"comment_status":"open","ping_status":"closed","template":"","meta":[],"product_brand":[514],"product_cat":[194,142,166,126],"product_tag":[510],"class_list":{"0":"post-13754","1":"product","2":"type-product","3":"status-publish","4":"has-post-thumbnail","6":"product_brand-puluz","7":"product_cat-torches-video","8":"product_cat-eclairages-continues","9":"product_cat-eclairages-et-studio","10":"product_cat-produits-divers","11":"product_tag-brand-puluz","13":"first","14":"instock","15":"taxable","16":"shipping-taxable","17":"purchasable","18":"product-type-simple"},"jetpack_sharing_enabled":true,"_links":{"self":[{"href":"https:\/\/yahyaouishop.com\/fr\/wp-json\/wp\/v2\/product\/13754","targetHints":{"allow":["GET"]}}],"collection":[{"href":"https:\/\/yahyaouishop.com\/fr\/wp-json\/wp\/v2\/product"}],"about":[{"href":"https:\/\/yahyaouishop.com\/fr\/wp-json\/wp\/v2\/types\/product"}],"replies":[{"embeddable":true,"href":"https:\/\/yahyaouishop.com\/fr\/wp-json\/wp\/v2\/comments?post=13754"}],"version-history":[{"count":4,"href":"https:\/\/yahyaouishop.com\/fr\/wp-json\/wp\/v2\/product\/13754\/revisions"}],"predecessor-version":[{"id":20597,"href":"https:\/\/yahyaouishop.com\/fr\/wp-json\/wp\/v2\/product\/13754\/revisions\/20597"}],"wp:featuredmedia":[{"embeddable":true,"href":"https:\/\/yahyaouishop.com\/fr\/wp-json\/wp\/v2\/media\/14923"}],"wp:attachment":[{"href":"https:\/\/yahyaouishop.com\/fr\/wp-json\/wp\/v2\/media?parent=13754"}],"wp:term":[{"taxonomy":"product_brand","embeddable":true,"href":"https:\/\/yahyaouishop.com\/fr\/wp-json\/wp\/v2\/product_brand?post=13754"},{"taxonomy":"product_cat","embeddable":true,"href":"https:\/\/yahyaouishop.com\/fr\/wp-json\/wp\/v2\/product_cat?post=13754"},{"taxonomy":"product_tag","embeddable":true,"href":"https:\/\/yahyaouishop.com\/fr\/wp-json\/wp\/v2\/product_tag?post=13754"}],"curies":[{"name":"wp","href":"https:\/\/api.w.org\/{rel}","templated":true}]}}