{"id":13738,"date":"2023-10-30T19:38:07","date_gmt":"2023-10-30T18:38:07","guid":{"rendered":"https:\/\/yahyaouishop.com\/index.php\/product\/pny-ssd-externe-elitex-pro-type-c-3-2-500gb\/"},"modified":"2025-10-01T01:06:21","modified_gmt":"2025-10-01T00:06:21","slug":"pny-ssd-externe-elitex-pro-type-c-3-2-500gb","status":"publish","type":"product","link":"https:\/\/yahyaouishop.com\/fr\/produit\/pny-ssd-externe-elitex-pro-type-c-3-2-500gb\/","title":{"rendered":"PNY SSD Externe EliteX- PRO Type-C 3.2 500GB"},"content":{"rendered":"<p>Vitesses de transfert allant jusqu&#8217;\u00e0 1 500 Mo\/s en lecture et 900 Mo\/s en \u00e9criture.<\/p>\n<p>Compatible avec les ordinateurs PC et Mac compatibles avec l&#8217;USB Type-C et Type-A, ainsi qu&#8217;avec les tablettes compatibles avec l&#8217;USB Type-C et Type-A, via les c\u00e2bles inclus.<\/p>\n<p>Id\u00e9al pour les joueurs qui cherchent \u00e0 maximiser le stockage externe tout en utilisant la derni\u00e8re technologie Gen 2.<\/p>\n<p>Performances accrues pour un transfert et un stockage rapides des documents, de la musique, des photos et des vid\u00e9os.<\/p>","protected":false},"excerpt":{"rendered":"<p>Vitesses de transfert allant jusqu&#8217;\u00e0 1 500 Mo\/s en lecture et 900 Mo\/s en \u00e9criture. Compatible avec les ordinateurs PC<\/p>","protected":false},"featured_media":14902,"comment_status":"open","ping_status":"closed","template":"","meta":[],"product_brand":[455],"product_cat":[135,205,126],"product_tag":[449],"class_list":{"0":"post-13738","1":"product","2":"type-product","3":"status-publish","4":"has-post-thumbnail","6":"product_brand-yahyaoui-shop","7":"product_cat-stockage","8":"product_cat-memoires-externes","9":"product_cat-produits-divers","10":"product_tag-yahyaoui-shop","12":"first","13":"outofstock","14":"taxable","15":"shipping-taxable","16":"purchasable","17":"product-type-simple"},"jetpack_sharing_enabled":true,"_links":{"self":[{"href":"https:\/\/yahyaouishop.com\/fr\/wp-json\/wp\/v2\/product\/13738","targetHints":{"allow":["GET"]}}],"collection":[{"href":"https:\/\/yahyaouishop.com\/fr\/wp-json\/wp\/v2\/product"}],"about":[{"href":"https:\/\/yahyaouishop.com\/fr\/wp-json\/wp\/v2\/types\/product"}],"replies":[{"embeddable":true,"href":"https:\/\/yahyaouishop.com\/fr\/wp-json\/wp\/v2\/comments?post=13738"}],"version-history":[{"count":1,"href":"https:\/\/yahyaouishop.com\/fr\/wp-json\/wp\/v2\/product\/13738\/revisions"}],"predecessor-version":[{"id":20627,"href":"https:\/\/yahyaouishop.com\/fr\/wp-json\/wp\/v2\/product\/13738\/revisions\/20627"}],"wp:featuredmedia":[{"embeddable":true,"href":"https:\/\/yahyaouishop.com\/fr\/wp-json\/wp\/v2\/media\/14902"}],"wp:attachment":[{"href":"https:\/\/yahyaouishop.com\/fr\/wp-json\/wp\/v2\/media?parent=13738"}],"wp:term":[{"taxonomy":"product_brand","embeddable":true,"href":"https:\/\/yahyaouishop.com\/fr\/wp-json\/wp\/v2\/product_brand?post=13738"},{"taxonomy":"product_cat","embeddable":true,"href":"https:\/\/yahyaouishop.com\/fr\/wp-json\/wp\/v2\/product_cat?post=13738"},{"taxonomy":"product_tag","embeddable":true,"href":"https:\/\/yahyaouishop.com\/fr\/wp-json\/wp\/v2\/product_tag?post=13738"}],"curies":[{"name":"wp","href":"https:\/\/api.w.org\/{rel}","templated":true}]}}