{"id":13736,"date":"2023-10-30T19:38:06","date_gmt":"2023-10-30T18:38:06","guid":{"rendered":"https:\/\/yahyaouishop.com\/index.php\/product\/pny-ssd-externe-elitex-pro-type-c-3-2-1tb\/"},"modified":"2026-03-26T14:06:34","modified_gmt":"2026-03-26T13:06:34","slug":"pny-ssd-externe-elitex-pro-type-c-3-2-1tb","status":"publish","type":"product","link":"https:\/\/yahyaouishop.com\/fr\/produit\/pny-ssd-externe-elitex-pro-type-c-3-2-1tb\/","title":{"rendered":"PNY SSD Externe EliteX- PRO Type-C 3.2 1TB"},"content":{"rendered":"<p>Vitesses de transfert allant jusqu&#8217;\u00e0 1 500 Mo\/s en lecture et 1 400 Mo\/s en \u00e9criture.<\/p>\n<p>Compatible avec les ordinateurs PC et Mac compatibles avec l&#8217;USB Type-C et Type-A, ainsi qu&#8217;avec les tablettes compatibles avec l&#8217;USB Type-C et Type-A, via les c\u00e2bles inclus.<\/p>\n<p>Id\u00e9al pour les joueurs qui cherchent \u00e0 maximiser le stockage externe tout en utilisant la derni\u00e8re technologie Gen 2.<\/p>\n<p>Performances accrues pour un transfert et un stockage rapides des documents, de la musique, des photos et des vid\u00e9os.<\/p>","protected":false},"excerpt":{"rendered":"<p>Vitesses de transfert allant jusqu&#8217;\u00e0 1 500 Mo\/s en lecture et 1 400 Mo\/s en \u00e9criture. Compatible avec les ordinateurs<\/p>","protected":false},"featured_media":14901,"comment_status":"open","ping_status":"closed","template":"","meta":[],"product_brand":[476],"product_cat":[135,205,126],"product_tag":[408],"class_list":{"0":"post-13736","1":"product","2":"type-product","3":"status-publish","4":"has-post-thumbnail","6":"product_brand-sandisk","7":"product_cat-stockage","8":"product_cat-memoires-externes","9":"product_cat-produits-divers","10":"product_tag-brand-sandisk","12":"first","13":"instock","14":"purchasable","15":"product-type-simple"},"jetpack_sharing_enabled":true,"_links":{"self":[{"href":"https:\/\/yahyaouishop.com\/fr\/wp-json\/wp\/v2\/product\/13736","targetHints":{"allow":["GET"]}}],"collection":[{"href":"https:\/\/yahyaouishop.com\/fr\/wp-json\/wp\/v2\/product"}],"about":[{"href":"https:\/\/yahyaouishop.com\/fr\/wp-json\/wp\/v2\/types\/product"}],"replies":[{"embeddable":true,"href":"https:\/\/yahyaouishop.com\/fr\/wp-json\/wp\/v2\/comments?post=13736"}],"version-history":[{"count":2,"href":"https:\/\/yahyaouishop.com\/fr\/wp-json\/wp\/v2\/product\/13736\/revisions"}],"predecessor-version":[{"id":21186,"href":"https:\/\/yahyaouishop.com\/fr\/wp-json\/wp\/v2\/product\/13736\/revisions\/21186"}],"wp:featuredmedia":[{"embeddable":true,"href":"https:\/\/yahyaouishop.com\/fr\/wp-json\/wp\/v2\/media\/14901"}],"wp:attachment":[{"href":"https:\/\/yahyaouishop.com\/fr\/wp-json\/wp\/v2\/media?parent=13736"}],"wp:term":[{"taxonomy":"product_brand","embeddable":true,"href":"https:\/\/yahyaouishop.com\/fr\/wp-json\/wp\/v2\/product_brand?post=13736"},{"taxonomy":"product_cat","embeddable":true,"href":"https:\/\/yahyaouishop.com\/fr\/wp-json\/wp\/v2\/product_cat?post=13736"},{"taxonomy":"product_tag","embeddable":true,"href":"https:\/\/yahyaouishop.com\/fr\/wp-json\/wp\/v2\/product_tag?post=13736"}],"curies":[{"name":"wp","href":"https:\/\/api.w.org\/{rel}","templated":true}]}}