{"id":13728,"date":"2023-10-30T19:37:59","date_gmt":"2023-10-30T18:37:59","guid":{"rendered":"https:\/\/yahyaouishop.com\/index.php\/product\/photographie-reflecteur-portable-toile-vert-pour-video-studio-150x200cm-2-en-1\/"},"modified":"2026-02-27T15:18:30","modified_gmt":"2026-02-27T15:18:30","slug":"photographie-reflecteur-portable-toile-vert-pour-video-studio-150x200cm-2-en-1","status":"publish","type":"product","link":"https:\/\/yahyaouishop.com\/fr\/produit\/photographie-reflecteur-portable-toile-vert-pour-video-studio-150x200cm-2-en-1\/","title":{"rendered":"Fond Pliable en Tissu Double Face R\u00e9versible Chromakey 2 en 1 Bleu et Vert 150 x 200cm"},"content":{"rendered":"<div class=\"richPinInformation\" style=\"color: #211922; font-family: -apple-system, BlinkMacSystemFont, 'Segoe UI', Roboto, Oxygen-Sans, Ubuntu, Cantarell, 'Fira Sans', 'Droid Sans', 'Helvetica Neue', Helvetica, '\u30d2\u30e9\u30ae\u30ce\u89d2\u30b4 Pro W3', 'Hiragino Kaku Gothic Pro', \u30e1\u30a4\u30ea\u30aa, Meiryo, '\uff2d\uff33 \uff30\u30b4\u30b7\u30c3\u30af', Arial, sans-serif, 'Apple Color Emoji', 'Segoe UI Emoji', 'Segoe UI Symbol'; font-size: 12px; font-style: normal; font-variant-ligatures: normal; font-variant-caps: normal; font-weight: 400; letter-spacing: normal; orphans: 2; text-align: start; text-indent: 0px; text-transform: none; white-space: normal; widows: 2; word-spacing: 0px; -webkit-text-stroke-width: 0px; background-color: #ffffff; text-decoration-thickness: initial; text-decoration-style: initial; text-decoration-color: initial;\">\n<div class=\"hjj zI7 iyn Hsu\" style=\"margin-top: calc(var(--g-boint)*2); box-sizing: border-box;\">\n<div class=\"flex flex-grow flex-col max-w-full\">\n<div class=\"min-h-[20px] text-message flex flex-col items-start whitespace-pre-wrap break-words [.text-message+&amp;]:mt-5 juice:w-full juice:items-end overflow-x-auto gap-2\" dir=\"auto\" data-message-author-role=\"assistant\" data-message-id=\"400d05eb-9b2b-4065-ab48-17d389c6d50e\">\n<div class=\"flex w-full flex-col gap-1 juice:empty:hidden juice:first:pt-[3px]\">\n<div class=\"markdown prose w-full break-words dark:prose-invert light\">\n<p>Le <strong>Fond Pliable en Tissu Double Face R\u00e9versible Chromakey 2 en 1 Bleu et Vert 150 x 200cm<\/strong>\u00a0est un outil essentiel pour les professionnels de la photographie et de la vid\u00e9ographie. Ce r\u00e9flecteur de haute qualit\u00e9 offre une solution pratique et efficace pour am\u00e9liorer l\u2019\u00e9clairage et les arri\u00e8re-plans de vos prises de vue en studio ou en ext\u00e9rieur. Gr\u00e2ce \u00e0 ses plaques d&#8217;arri\u00e8re-plan sp\u00e9ciales, le Photographie r\u00e9flecteur Portable toile vert pour vid\u00e9o Studio 150x200cm 2 en 1 assure une saturation des couleurs exceptionnelle et une qualit\u00e9 d&#8217;image fine.<\/p>\n<p>L&#8217;un des principaux avantages de ce r\u00e9flecteur est sa portabilit\u00e9. Il se plie facilement dans une pochette de transport compacte, ce qui permet de l\u2019ouvrir et de l\u2019utiliser \u00e0 tout moment et en tout lieu. Fabriqu\u00e9 \u00e0 partir de mat\u00e9riaux de haute qualit\u00e9, ce r\u00e9flecteur am\u00e9liore consid\u00e9rablement l&#8217;effet de clignotement et garantit des r\u00e9sultats professionnels.<\/p>\n<p>Le cadre \u00e0 ressort en acier durable et flexible du <strong>Fond Pliable en Tissu Double Face R\u00e9versible Chromakey 2 en 1 Bleu et Vert 150 x 200cm<\/strong> permet un \u00e9talement et une fermeture faciles, offrant ainsi une grande commodit\u00e9 d\u2019utilisation. Que vous soyez en train de faire une s\u00e9ance photo en plein air ou un tournage en studio, ce r\u00e9flecteur est un incontournable pour obtenir des r\u00e9sultats optimaux.<\/p>\n<p>En plus de son utilisation comme r\u00e9flecteur, ce produit 2 en 1 est \u00e9galement id\u00e9al pour les fonds verts, essentiels pour les effets sp\u00e9ciaux en vid\u00e9o. Le <strong>Fond Pliable en Tissu Double Face R\u00e9versible Chromakey 2 en 1 Bleu et Vert 150 x 200cm<\/strong> est donc polyvalent, r\u00e9pondant \u00e0 divers besoins cr\u00e9atifs dans le domaine de la photographie et de la vid\u00e9ographie.<\/p>\n<p>Les photographes professionnels appr\u00e9cieront la capacit\u00e9 de ce r\u00e9flecteur \u00e0 am\u00e9liorer la lumi\u00e8re naturelle et artificielle, tout en ajoutant de la profondeur et de la dimension \u00e0 leurs photos. Les vid\u00e9astes, quant \u00e0 eux, trouveront ce produit indispensable pour cr\u00e9er des effets visuels saisissants, que ce soit pour des vid\u00e9os promotionnelles, des interviews ou des productions cin\u00e9matographiques.<\/p>\n<p>Le <strong>Fond Pliable en Tissu Double Face R\u00e9versible Chromakey 2 en 1 Bleu et Vert 150 x 200cm<\/strong>\u00a0est con\u00e7u pour r\u00e9pondre aux normes les plus \u00e9lev\u00e9es de l&#8217;industrie. Sa construction robuste et ses fonctionnalit\u00e9s avanc\u00e9es en font un choix de premier ordre pour ceux qui cherchent \u00e0 am\u00e9liorer leur mat\u00e9riel de photographie et de vid\u00e9ographie.<\/p>\n<p>En conclusion, le <strong>Fond Pliable en Tissu Double Face R\u00e9versible Chromakey 2 en 1 Bleu et Vert 150 x 200cm<\/strong>\u00a0est un outil essentiel pour tout professionnel ou amateur s\u00e9rieux de la photographie et de la vid\u00e9o. Son design portable, ses mat\u00e9riaux de haute qualit\u00e9 et ses fonctionnalit\u00e9s polyvalentes en font un ajout pr\u00e9cieux \u00e0 tout \u00e9quipement de tournage.<\/p>\n<p>&nbsp;<\/p>\n<\/div>\n<\/div>\n<\/div>\n<\/div>\n<div class=\"mt-1 flex gap-3 empty:hidden juice:-ml-3\">\n<div class=\"items-center justify-start rounded-xl p-1 flex\">\n<div class=\"flex items-center\"><\/div>\n<\/div>\n<\/div>\n<\/div>\n<\/div>\n<div class=\"KO4 zI7 iyn Hsu\" style=\"margin-top: calc(var(--g-boint)*4); box-sizing: border-box; color: #211922; font-family: -apple-system, BlinkMacSystemFont, 'Segoe UI', Roboto, Oxygen-Sans, Ubuntu, Cantarell, 'Fira Sans', 'Droid Sans', 'Helvetica Neue', Helvetica, '\u30d2\u30e9\u30ae\u30ce\u89d2\u30b4 Pro W3', 'Hiragino Kaku Gothic Pro', \u30e1\u30a4\u30ea\u30aa, Meiryo, '\uff2d\uff33 \uff30\u30b4\u30b7\u30c3\u30af', Arial, sans-serif, 'Apple Color Emoji', 'Segoe UI Emoji', 'Segoe UI Symbol'; font-size: 12px; font-style: normal; font-variant-ligatures: normal; font-variant-caps: normal; font-weight: 400; letter-spacing: normal; orphans: 2; text-align: start; text-indent: 0px; text-transform: none; white-space: normal; widows: 2; word-spacing: 0px; -webkit-text-stroke-width: 0px; background-color: #ffffff; text-decoration-thickness: initial; text-decoration-style: initial; text-decoration-color: initial;\">\n<div class=\"zI7 iyn Hsu\" style=\"box-sizing: border-box;\">\n<div class=\"XiG wYR wfr z4_ zI7 iyn Hsu\" style=\"padding-left: calc(var(--g-boint)*2); padding-right: calc(var(--g-boint)*2); position: relative; box-sizing: border-box; margin-left: calc(var(--g-boint)*-2); margin-right: calc(var(--g-boint)*-2);\"><\/div>\n<\/div>\n<\/div>","protected":false},"excerpt":{"rendered":"<p>Le <strong>Photographie r\u00e9flecteur Portable toile vert pour vid\u00e9o Studio 150x200cm 2 en 1<\/strong> est un outil indispensable pour les photographes et vid\u00e9astes professionnels. Avec ses plaques d&#8217;arri\u00e8re-plan sp\u00e9ciales, il offre une saturation des couleurs exceptionnelle et une qualit\u00e9 d&#8217;image fine. Facile \u00e0 transporter et \u00e0 utiliser, il se plie dans une pochette compacte. Son cadre en acier durable assure une manipulation ais\u00e9e. Parfait pour les s\u00e9ances photo en studio ou en ext\u00e9rieur, ce r\u00e9flecteur am\u00e9liore la lumi\u00e8re et ajoute de la profondeur aux prises de vue. Le Photographie r\u00e9flecteur Portable toile vert pour vid\u00e9o Studio 150x200cm 2 en 1 est \u00e9galement id\u00e9al pour les effets sp\u00e9ciaux en vid\u00e9o.<\/p>","protected":false},"featured_media":14886,"comment_status":"open","ping_status":"closed","template":"","meta":[],"product_brand":[455],"product_cat":[169,166],"product_tag":[449],"class_list":{"0":"post-13728","1":"product","2":"type-product","3":"status-publish","4":"has-post-thumbnail","6":"product_brand-yahyaoui-shop","7":"product_cat-fonds-et-supports","8":"product_cat-eclairages-et-studio","9":"product_tag-yahyaoui-shop","11":"first","12":"instock","13":"sale","14":"taxable","15":"shipping-taxable","16":"purchasable","17":"product-type-simple"},"jetpack_sharing_enabled":true,"_links":{"self":[{"href":"https:\/\/yahyaouishop.com\/fr\/wp-json\/wp\/v2\/product\/13728","targetHints":{"allow":["GET"]}}],"collection":[{"href":"https:\/\/yahyaouishop.com\/fr\/wp-json\/wp\/v2\/product"}],"about":[{"href":"https:\/\/yahyaouishop.com\/fr\/wp-json\/wp\/v2\/types\/product"}],"replies":[{"embeddable":true,"href":"https:\/\/yahyaouishop.com\/fr\/wp-json\/wp\/v2\/comments?post=13728"}],"version-history":[{"count":5,"href":"https:\/\/yahyaouishop.com\/fr\/wp-json\/wp\/v2\/product\/13728\/revisions"}],"predecessor-version":[{"id":20126,"href":"https:\/\/yahyaouishop.com\/fr\/wp-json\/wp\/v2\/product\/13728\/revisions\/20126"}],"wp:featuredmedia":[{"embeddable":true,"href":"https:\/\/yahyaouishop.com\/fr\/wp-json\/wp\/v2\/media\/14886"}],"wp:attachment":[{"href":"https:\/\/yahyaouishop.com\/fr\/wp-json\/wp\/v2\/media?parent=13728"}],"wp:term":[{"taxonomy":"product_brand","embeddable":true,"href":"https:\/\/yahyaouishop.com\/fr\/wp-json\/wp\/v2\/product_brand?post=13728"},{"taxonomy":"product_cat","embeddable":true,"href":"https:\/\/yahyaouishop.com\/fr\/wp-json\/wp\/v2\/product_cat?post=13728"},{"taxonomy":"product_tag","embeddable":true,"href":"https:\/\/yahyaouishop.com\/fr\/wp-json\/wp\/v2\/product_tag?post=13728"}],"curies":[{"name":"wp","href":"https:\/\/api.w.org\/{rel}","templated":true}]}}