{"id":13719,"date":"2024-01-01T15:36:03","date_gmt":"2024-01-01T14:36:03","guid":{"rendered":"https:\/\/yahyaouishop.com\/?post_type=product&#038;p=13719"},"modified":"2025-10-01T01:06:18","modified_gmt":"2025-10-01T00:06:18","slug":"pare-soleil-circulaire-ou-tulip-petit-model","status":"publish","type":"product","link":"https:\/\/yahyaouishop.com\/fr\/produit\/pare-soleil-circulaire-ou-tulip-petit-model\/","title":{"rendered":"Pare soleil circulaire ou tulipe petit model"},"content":{"rendered":"<p><span data-mce-fragment=\"1\">Pare soleil appareil photo pour cam\u00e9ra. Fais du mat\u00e9riel de PVC de qualit\u00e9, durable \u00e0 utiliser. Il ombrage l&#8217;objectif de la lumi\u00e8re parasite, am\u00e9liorant votre contraste et la qualit\u00e9 de l&#8217;image. Il peut aider \u00e0 garder l&#8217;humidit\u00e9 ou les d\u00e9bris souffl\u00e9s par le vent de la lentille. Il prot\u00e8ge l&#8217;objectif avant des impacts in\u00e9vitables contre les murs, les cadres de porte et autres obstacles de la vie quotidienne.<\/span><\/p>","protected":false},"excerpt":{"rendered":"<p>Pare soleil appareil photo pour cam\u00e9ra. Fais du mat\u00e9riel de PVC de qualit\u00e9, durable \u00e0 utiliser. Il ombrage l&#8217;objectif de<\/p>","protected":false},"featured_media":14873,"comment_status":"open","ping_status":"closed","template":"","meta":[],"product_brand":[455],"product_cat":[157],"product_tag":[449],"class_list":{"0":"post-13719","1":"product","2":"type-product","3":"status-publish","4":"has-post-thumbnail","6":"product_brand-yahyaoui-shop","7":"product_cat-bouchons-et-paresoleils","8":"product_tag-yahyaoui-shop","10":"first","11":"instock","12":"taxable","13":"shipping-taxable","14":"purchasable","15":"product-type-simple"},"jetpack_sharing_enabled":true,"_links":{"self":[{"href":"https:\/\/yahyaouishop.com\/fr\/wp-json\/wp\/v2\/product\/13719","targetHints":{"allow":["GET"]}}],"collection":[{"href":"https:\/\/yahyaouishop.com\/fr\/wp-json\/wp\/v2\/product"}],"about":[{"href":"https:\/\/yahyaouishop.com\/fr\/wp-json\/wp\/v2\/types\/product"}],"replies":[{"embeddable":true,"href":"https:\/\/yahyaouishop.com\/fr\/wp-json\/wp\/v2\/comments?post=13719"}],"version-history":[{"count":1,"href":"https:\/\/yahyaouishop.com\/fr\/wp-json\/wp\/v2\/product\/13719\/revisions"}],"predecessor-version":[{"id":17131,"href":"https:\/\/yahyaouishop.com\/fr\/wp-json\/wp\/v2\/product\/13719\/revisions\/17131"}],"wp:featuredmedia":[{"embeddable":true,"href":"https:\/\/yahyaouishop.com\/fr\/wp-json\/wp\/v2\/media\/14873"}],"wp:attachment":[{"href":"https:\/\/yahyaouishop.com\/fr\/wp-json\/wp\/v2\/media?parent=13719"}],"wp:term":[{"taxonomy":"product_brand","embeddable":true,"href":"https:\/\/yahyaouishop.com\/fr\/wp-json\/wp\/v2\/product_brand?post=13719"},{"taxonomy":"product_cat","embeddable":true,"href":"https:\/\/yahyaouishop.com\/fr\/wp-json\/wp\/v2\/product_cat?post=13719"},{"taxonomy":"product_tag","embeddable":true,"href":"https:\/\/yahyaouishop.com\/fr\/wp-json\/wp\/v2\/product_tag?post=13719"}],"curies":[{"name":"wp","href":"https:\/\/api.w.org\/{rel}","templated":true}]}}