{"id":13718,"date":"2024-01-01T15:36:03","date_gmt":"2024-01-01T14:36:03","guid":{"rendered":"https:\/\/yahyaouishop.com\/?post_type=product&#038;p=13718"},"modified":"2025-10-01T01:06:18","modified_gmt":"2025-10-01T00:06:18","slug":"pare-soleil-circulaire-ou-tulipe-moyen-model","status":"publish","type":"product","link":"https:\/\/yahyaouishop.com\/fr\/produit\/pare-soleil-circulaire-ou-tulipe-moyen-model\/","title":{"rendered":"Pare soleil circulaire ou tulipe Moyen Model"},"content":{"rendered":"<p><span data-mce-fragment=\"1\">Pour vous assurer une image parfaite, sans reflets ind\u00e9sirables ni lumi\u00e8res parasites, vous avez ce pare-soleil compatible avec les objectifs Canon.\u00a0<\/span><span data-mce-fragment=\"1\">Un accessoire n\u00e9cessaire pour prendre des photos \u00e0 l&#8217;ext\u00e9rieur, les jours tr\u00e8s lumineux, et pour des travaux au flash. Vous pouvez emmener votre pare-soleil dans un sac de transport.<\/span><\/p>","protected":false},"excerpt":{"rendered":"<p>Pour vous assurer une image parfaite, sans reflets ind\u00e9sirables ni lumi\u00e8res parasites, vous avez ce pare-soleil compatible avec les objectifs<\/p>","protected":false},"featured_media":14871,"comment_status":"open","ping_status":"closed","template":"","meta":[],"product_brand":[455],"product_cat":[157],"product_tag":[449],"class_list":{"0":"post-13718","1":"product","2":"type-product","3":"status-publish","4":"has-post-thumbnail","6":"product_brand-yahyaoui-shop","7":"product_cat-bouchons-et-paresoleils","8":"product_tag-yahyaoui-shop","10":"first","11":"instock","12":"taxable","13":"shipping-taxable","14":"purchasable","15":"product-type-simple"},"jetpack_sharing_enabled":true,"_links":{"self":[{"href":"https:\/\/yahyaouishop.com\/fr\/wp-json\/wp\/v2\/product\/13718","targetHints":{"allow":["GET"]}}],"collection":[{"href":"https:\/\/yahyaouishop.com\/fr\/wp-json\/wp\/v2\/product"}],"about":[{"href":"https:\/\/yahyaouishop.com\/fr\/wp-json\/wp\/v2\/types\/product"}],"replies":[{"embeddable":true,"href":"https:\/\/yahyaouishop.com\/fr\/wp-json\/wp\/v2\/comments?post=13718"}],"version-history":[{"count":1,"href":"https:\/\/yahyaouishop.com\/fr\/wp-json\/wp\/v2\/product\/13718\/revisions"}],"predecessor-version":[{"id":17130,"href":"https:\/\/yahyaouishop.com\/fr\/wp-json\/wp\/v2\/product\/13718\/revisions\/17130"}],"wp:featuredmedia":[{"embeddable":true,"href":"https:\/\/yahyaouishop.com\/fr\/wp-json\/wp\/v2\/media\/14871"}],"wp:attachment":[{"href":"https:\/\/yahyaouishop.com\/fr\/wp-json\/wp\/v2\/media?parent=13718"}],"wp:term":[{"taxonomy":"product_brand","embeddable":true,"href":"https:\/\/yahyaouishop.com\/fr\/wp-json\/wp\/v2\/product_brand?post=13718"},{"taxonomy":"product_cat","embeddable":true,"href":"https:\/\/yahyaouishop.com\/fr\/wp-json\/wp\/v2\/product_cat?post=13718"},{"taxonomy":"product_tag","embeddable":true,"href":"https:\/\/yahyaouishop.com\/fr\/wp-json\/wp\/v2\/product_tag?post=13718"}],"curies":[{"name":"wp","href":"https:\/\/api.w.org\/{rel}","templated":true}]}}