{"id":13717,"date":"2024-01-01T15:36:02","date_gmt":"2024-01-01T14:36:02","guid":{"rendered":"https:\/\/yahyaouishop.com\/?post_type=product&#038;p=13717"},"modified":"2025-10-01T01:06:18","modified_gmt":"2025-10-01T00:06:18","slug":"pare-soleil-circulaire-ou-tulipe-grand-model","status":"publish","type":"product","link":"https:\/\/yahyaouishop.com\/fr\/produit\/pare-soleil-circulaire-ou-tulipe-grand-model\/","title":{"rendered":"Pare soleil circulaire ou tulipe Grand Model"},"content":{"rendered":"<p>Pare soleil appareil photo pour camera photo. Fais du mat\u00e9riel de PVC de qualit\u00e9, durable \u00e0 utiliser. Il ombrage l&#8217;objectif de la lumi\u00e8re parasite, am\u00e9liorant votre contraste et la qualit\u00e9 de l&#8217;image. Il peut aider \u00e0 garder l&#8217;humidit\u00e9 ou les d\u00e9bris souffl\u00e9s par le vent de la lentille. Il prot\u00e8ge l&#8217;objectif avant des impacts in\u00e9vitables contre les murs, les cadres de porte et autres obstacles de la vie quotidienne.<\/p>","protected":false},"excerpt":{"rendered":"<p>Pare soleil appareil photo pour camera photo. Fais du mat\u00e9riel de PVC de qualit\u00e9, durable \u00e0 utiliser. Il ombrage l&#8217;objectif<\/p>","protected":false},"featured_media":14869,"comment_status":"open","ping_status":"closed","template":"","meta":[],"product_brand":[455],"product_cat":[157],"product_tag":[449],"class_list":{"0":"post-13717","1":"product","2":"type-product","3":"status-publish","4":"has-post-thumbnail","6":"product_brand-yahyaoui-shop","7":"product_cat-bouchons-et-paresoleils","8":"product_tag-yahyaoui-shop","10":"first","11":"instock","12":"taxable","13":"shipping-taxable","14":"purchasable","15":"product-type-simple"},"jetpack_sharing_enabled":true,"_links":{"self":[{"href":"https:\/\/yahyaouishop.com\/fr\/wp-json\/wp\/v2\/product\/13717","targetHints":{"allow":["GET"]}}],"collection":[{"href":"https:\/\/yahyaouishop.com\/fr\/wp-json\/wp\/v2\/product"}],"about":[{"href":"https:\/\/yahyaouishop.com\/fr\/wp-json\/wp\/v2\/types\/product"}],"replies":[{"embeddable":true,"href":"https:\/\/yahyaouishop.com\/fr\/wp-json\/wp\/v2\/comments?post=13717"}],"version-history":[{"count":1,"href":"https:\/\/yahyaouishop.com\/fr\/wp-json\/wp\/v2\/product\/13717\/revisions"}],"predecessor-version":[{"id":17129,"href":"https:\/\/yahyaouishop.com\/fr\/wp-json\/wp\/v2\/product\/13717\/revisions\/17129"}],"wp:featuredmedia":[{"embeddable":true,"href":"https:\/\/yahyaouishop.com\/fr\/wp-json\/wp\/v2\/media\/14869"}],"wp:attachment":[{"href":"https:\/\/yahyaouishop.com\/fr\/wp-json\/wp\/v2\/media?parent=13717"}],"wp:term":[{"taxonomy":"product_brand","embeddable":true,"href":"https:\/\/yahyaouishop.com\/fr\/wp-json\/wp\/v2\/product_brand?post=13717"},{"taxonomy":"product_cat","embeddable":true,"href":"https:\/\/yahyaouishop.com\/fr\/wp-json\/wp\/v2\/product_cat?post=13717"},{"taxonomy":"product_tag","embeddable":true,"href":"https:\/\/yahyaouishop.com\/fr\/wp-json\/wp\/v2\/product_tag?post=13717"}],"curies":[{"name":"wp","href":"https:\/\/api.w.org\/{rel}","templated":true}]}}