{"id":13699,"date":"2023-10-30T19:37:36","date_gmt":"2023-10-30T18:37:36","guid":{"rendered":"https:\/\/yahyaouishop.com\/index.php\/product\/canon-objectif-rf-50mm-f-1-2l-usm\/"},"modified":"2025-10-01T01:06:17","modified_gmt":"2025-10-01T00:06:17","slug":"objectif-canon-rf-50mm-f-12l-usm","status":"publish","type":"product","link":"https:\/\/yahyaouishop.com\/fr\/produit\/objectif-canon-rf-50mm-f-12l-usm\/","title":{"rendered":"Objectif CANON RF 50mm f 1.2L USM"},"content":{"rendered":"<div class=\"col-lg-10 center-block center-text\">\n<div class=\"flex flex-grow flex-col max-w-full\">\n<div class=\"min-h-[20px] text-message flex flex-col items-start whitespace-pre-wrap break-words [.text-message+&amp;]:mt-5 juice:w-full juice:items-end overflow-x-auto gap-2\" dir=\"auto\" data-message-author-role=\"assistant\" data-message-id=\"a9f76d44-edad-4bb2-94d6-5d406260a3a6\">\n<div class=\"flex w-full flex-col gap-1 juice:empty:hidden juice:first:pt-[3px]\">\n<div class=\"markdown prose w-full break-words dark:prose-invert light\">\n<p>L\u2019<strong>Objectif CANON RF 50mm f 1.2L USM<\/strong> est con\u00e7u pour les photographes professionnels et amateurs exigeants qui recherchent une performance in\u00e9gal\u00e9e dans toutes les conditions de prise de vue. Avec la plus grande ouverture actuellement disponible dans la gamme des objectifs Canon, cet objectif offre une ouverture maximale de f\/1.2, permettant une capture exceptionnelle de la lumi\u00e8re m\u00eame en faible \u00e9clairage. Id\u00e9al pour les photojournalistes, l&#8217;<strong>Objectif CANON RF 50mm f 1.2L USM<\/strong> offre un contr\u00f4le pr\u00e9cis de la profondeur de champ, permettant de cr\u00e9er des effets bokeh magnifiques et des sujets parfaitement isol\u00e9s.<\/p>\n<p>L\u2019<strong>Objectif CANON RF 50mm f 1.2L USM<\/strong> est \u00e9galement parfait pour les prises de vues en int\u00e9rieur sans flash, capturant des images claires et d\u00e9taill\u00e9es avec un minimum de bruit. La s\u00e9rie L de Canon est synonyme de qualit\u00e9 et de durabilit\u00e9, et cet objectif ne fait pas exception. Sa construction robuste est con\u00e7ue pour r\u00e9sister \u00e0 des conditions de prise de vue difficiles, tandis que le moteur USM (Ultrasonic Motor) garantit une mise au point rapide, silencieuse et pr\u00e9cise.<\/p>\n<p>Que vous soyez en reportage photo, en train de capturer des portraits intimes ou de cr\u00e9er des \u0153uvres d&#8217;art visuelles, l\u2019<strong>Objectif CANON RF 50mm f 1.2L USM<\/strong> vous permet de r\u00e9aliser vos visions cr\u00e9atives sans compromis. Sa qualit\u00e9 optique exceptionnelle, combin\u00e9e \u00e0 la technologie de stabilisation avanc\u00e9e, fait de cet objectif un outil indispensable dans l&#8217;arsenal de tout photographe.<\/p>\n<p>En somme, l\u2019<strong>Objectif CANON RF 50mm f 1.2L USM<\/strong> est le choix parfait pour ceux qui recherchent la meilleure qualit\u00e9 d&#8217;image et des performances fiables, m\u00eame dans les conditions les plus difficiles.<\/p>\n<p>&nbsp;<\/p>\n<\/div>\n<\/div>\n<\/div>\n<\/div>\n<div class=\"mt-1 flex gap-3 empty:hidden juice:-ml-3\">\n<div class=\"items-center justify-start rounded-xl p-1 flex\">\n<div class=\"flex items-center\"><button class=\"rounded-lg text-token-text-secondary hover:bg-token-main-surface-secondary\"><\/p>\n<p><\/button><\/p>\n<div class=\"flex items-center pb-0.5 juice:pb-0\">\n<div class=\"[&amp;_svg]:h-full [&amp;_svg]:w-full icon-md h-4 w-4\"><\/div>\n<\/div>\n<\/div>\n<\/div>\n<\/div>\n<\/div>","protected":false},"excerpt":{"rendered":"<p>L\u2019<strong>Objectif CANON RF 50mm f 1.2L USM<\/strong> offre une ouverture maximale de f\/1.2, la plus grande de la gamme Canon, parfaite pour les conditions de faible \u00e9clairage. Id\u00e9al pour les photojournalistes, il permet un contr\u00f4le pr\u00e9cis de la profondeur de champ et des prises de vues en int\u00e9rieur sans flash. Avec sa construction robuste de s\u00e9rie L et son moteur USM pour une mise au point rapide et silencieuse, l\u2019<strong>Objectif CANON RF 50mm f 1.2L USM<\/strong> est essentiel pour des images de qualit\u00e9 exceptionnelle et une performance in\u00e9gal\u00e9e.<\/p>","protected":false},"featured_media":14845,"comment_status":"open","ping_status":"closed","template":"","meta":[],"product_brand":[453],"product_cat":[177,148],"product_tag":[221],"class_list":{"0":"post-13699","1":"product","2":"type-product","3":"status-publish","4":"has-post-thumbnail","6":"product_brand-canon","7":"product_cat-objectifs-canon","8":"product_cat-objectifs","9":"product_tag-brand-canon","11":"first","12":"outofstock","13":"taxable","14":"shipping-taxable","15":"purchasable","16":"product-type-simple"},"jetpack_sharing_enabled":true,"_links":{"self":[{"href":"https:\/\/yahyaouishop.com\/fr\/wp-json\/wp\/v2\/product\/13699","targetHints":{"allow":["GET"]}}],"collection":[{"href":"https:\/\/yahyaouishop.com\/fr\/wp-json\/wp\/v2\/product"}],"about":[{"href":"https:\/\/yahyaouishop.com\/fr\/wp-json\/wp\/v2\/types\/product"}],"replies":[{"embeddable":true,"href":"https:\/\/yahyaouishop.com\/fr\/wp-json\/wp\/v2\/comments?post=13699"}],"version-history":[{"count":3,"href":"https:\/\/yahyaouishop.com\/fr\/wp-json\/wp\/v2\/product\/13699\/revisions"}],"predecessor-version":[{"id":18890,"href":"https:\/\/yahyaouishop.com\/fr\/wp-json\/wp\/v2\/product\/13699\/revisions\/18890"}],"wp:featuredmedia":[{"embeddable":true,"href":"https:\/\/yahyaouishop.com\/fr\/wp-json\/wp\/v2\/media\/14845"}],"wp:attachment":[{"href":"https:\/\/yahyaouishop.com\/fr\/wp-json\/wp\/v2\/media?parent=13699"}],"wp:term":[{"taxonomy":"product_brand","embeddable":true,"href":"https:\/\/yahyaouishop.com\/fr\/wp-json\/wp\/v2\/product_brand?post=13699"},{"taxonomy":"product_cat","embeddable":true,"href":"https:\/\/yahyaouishop.com\/fr\/wp-json\/wp\/v2\/product_cat?post=13699"},{"taxonomy":"product_tag","embeddable":true,"href":"https:\/\/yahyaouishop.com\/fr\/wp-json\/wp\/v2\/product_tag?post=13699"}],"curies":[{"name":"wp","href":"https:\/\/api.w.org\/{rel}","templated":true}]}}