{"id":13667,"date":"2023-10-30T19:37:12","date_gmt":"2023-10-30T18:37:12","guid":{"rendered":"https:\/\/yahyaouishop.com\/index.php\/product\/objectif-af-s-dx-micro-nikkor-40mm-f-2-8g\/"},"modified":"2025-10-01T01:06:16","modified_gmt":"2025-10-01T00:06:16","slug":"objectif-af-s-dx-micro-nikkor-40mm-f-2-8g","status":"publish","type":"product","link":"https:\/\/yahyaouishop.com\/fr\/produit\/objectif-af-s-dx-micro-nikkor-40mm-f-2-8g\/","title":{"rendered":"Objectif AF-S DX Micro Nikkor 40mm f\/2.8G"},"content":{"rendered":"<p data-mce-fragment=\"1\">Approchez-vous encore plus pr\u00e8s que vous ne l\u2019auriez imagin\u00e9<\/p>\n<p data-mce-fragment=\"1\">Avec la macrophotographie, vous pouvez saisir ce qui vous fascine le plus de mani\u00e8re ludique et unique. L\u2019objectif AF-S DX Micro NIKKOR 40mm f\/2.8G offre une r\u00e9solution et un contraste \u00e9lev\u00e9s de l\u2019infini \u00e0 la grandeur nature (rapport de reproduction 1:1), pour vous permettre de vous rapprocher au plus pr\u00e8s de vos sujets. Faites le test avec un p\u00e9tale de fleur, l\u2019\u0153il d\u2019un insecte ou les petits orteils d\u2019un nouveau-n\u00e9. Plongez dans les plus petits d\u00e9tails de la vie.<\/p>","protected":false},"excerpt":{"rendered":"<p>Approchez-vous encore plus pr\u00e8s que vous ne l\u2019auriez imagin\u00e9 Avec la macrophotographie, vous pouvez saisir ce qui vous fascine le<\/p>","protected":false},"featured_media":14814,"comment_status":"open","ping_status":"closed","template":"","meta":[],"product_brand":[465],"product_cat":[211,180],"product_tag":[123],"class_list":{"0":"post-13667","1":"product","2":"type-product","3":"status-publish","4":"has-post-thumbnail","6":"product_brand-nikon","7":"product_cat-objectifs-occasion","8":"product_cat-objectifs-nikon-occasion","9":"product_tag-brand-nikon","11":"first","12":"outofstock","13":"taxable","14":"shipping-taxable","15":"purchasable","16":"product-type-simple"},"jetpack_sharing_enabled":true,"_links":{"self":[{"href":"https:\/\/yahyaouishop.com\/fr\/wp-json\/wp\/v2\/product\/13667","targetHints":{"allow":["GET"]}}],"collection":[{"href":"https:\/\/yahyaouishop.com\/fr\/wp-json\/wp\/v2\/product"}],"about":[{"href":"https:\/\/yahyaouishop.com\/fr\/wp-json\/wp\/v2\/types\/product"}],"replies":[{"embeddable":true,"href":"https:\/\/yahyaouishop.com\/fr\/wp-json\/wp\/v2\/comments?post=13667"}],"version-history":[{"count":1,"href":"https:\/\/yahyaouishop.com\/fr\/wp-json\/wp\/v2\/product\/13667\/revisions"}],"predecessor-version":[{"id":16240,"href":"https:\/\/yahyaouishop.com\/fr\/wp-json\/wp\/v2\/product\/13667\/revisions\/16240"}],"wp:featuredmedia":[{"embeddable":true,"href":"https:\/\/yahyaouishop.com\/fr\/wp-json\/wp\/v2\/media\/14814"}],"wp:attachment":[{"href":"https:\/\/yahyaouishop.com\/fr\/wp-json\/wp\/v2\/media?parent=13667"}],"wp:term":[{"taxonomy":"product_brand","embeddable":true,"href":"https:\/\/yahyaouishop.com\/fr\/wp-json\/wp\/v2\/product_brand?post=13667"},{"taxonomy":"product_cat","embeddable":true,"href":"https:\/\/yahyaouishop.com\/fr\/wp-json\/wp\/v2\/product_cat?post=13667"},{"taxonomy":"product_tag","embeddable":true,"href":"https:\/\/yahyaouishop.com\/fr\/wp-json\/wp\/v2\/product_tag?post=13667"}],"curies":[{"name":"wp","href":"https:\/\/api.w.org\/{rel}","templated":true}]}}