{"id":13666,"date":"2023-10-30T19:37:11","date_gmt":"2023-10-30T18:37:11","guid":{"rendered":"https:\/\/yahyaouishop.com\/index.php\/product\/objectif-photo-nikon-80-400-mm\/"},"modified":"2025-10-01T01:06:16","modified_gmt":"2025-10-01T00:06:16","slug":"objectif-photo-nikon-80-400-mm","status":"publish","type":"product","link":"https:\/\/yahyaouishop.com\/fr\/produit\/objectif-photo-nikon-80-400-mm\/","title":{"rendered":"Objectif  NIKON 80-400 mm"},"content":{"rendered":"<p><span data-mce-fragment=\"1\">Gr\u00e2ce \u00e0 sa large plage de focales de 80\u2013400\u00a0mm et \u00e0 une conception optique de qualit\u00e9 sup\u00e9rieure, cet objectif est tout aussi bien adapt\u00e9 \u00e0 la photographie animali\u00e8re que sportive ou de paysages.\u00a0Le syst\u00e8me de r\u00e9duction de vibration de Nikon vous permet de prendre des photos \u00e0 des vitesses d&#8217;obturation jusqu&#8217;\u00e0 quatre fois plus lentes pour des photos stables quelle que soit la focale utilis\u00e9e, lors des prises de vues \u00e0 main lev\u00e9e. Quatre lentilles en verre ED (dispersion ultra-faible) et une lentille en verre Super ED corrigent les aberrations chromatiques et les d\u00e9fauts de couleurs typiques pouvant survenir \u00e0 des focales plus longues.<\/span><\/p>\n<p>&nbsp;<\/p>\n<h5 class=\"p1\" style=\"display: inline !important;\"><span style=\"text-decoration: underline;\"><span style=\"color: #000000; text-decoration: underline;\">Caract\u00e9ristiques techniques<\/span><\/span><\/h5>\n<p>&nbsp;<\/p>\n<p><span data-mce-fragment=\"1\">Focale : 80-400 mm<\/p>\n<p>Ouverture maximale : f\/4.5-5.6<\/p>\n<p>Ouverture minimale : f\/32-40<\/p>\n<p>Construction optique : 20 lentilles en 12 groupes<\/p>\n<p>Angle de champ : 30\u00b0 10&#8242; &#8211; 6\u00b0 10&#8242;\u00a0 (format FX), 20\u00b0 &#8211; 4\u00b0 (format DX)<\/p>\n<p>Mise au point : Syst\u00e8me AF par moteur ondulatoire silencieux<\/p>\n<p>Distance minimale de mise au point : 1,75 m (1,5 m en mode MF)<\/p>\n<p>Rapport de reproduction maximal : Environ 1\/5x<\/p>\n<p>Nombre de lamelles de diaphragme : 9 (diaphragme circulaire)<\/p>\n<p>Plage des ouvertures :\u00a0 80 mm : f\/4.5 &#8211; 32; 400 mm : f\/5.6 &#8211; 40<\/p>\n<p>Diam\u00e8tre de filtre :<span style=\"color: #000000;\">\u00a0<a style=\"color: #000000;\" href=\"https:\/\/www.missnumerique.com\/advanced_search_result.php?keywords=filtre%2077&amp;filtre=&amp;fcategorie=111\" target=\"_blank\" rel=\"noopener\">77 mm<\/a><\/span><\/p>\n<p>Poids : environ 1570 g<\/span><\/p>","protected":false},"excerpt":{"rendered":"<p>Gr\u00e2ce \u00e0 sa large plage de focales de 80\u2013400\u00a0mm et \u00e0 une conception optique de qualit\u00e9 sup\u00e9rieure, cet objectif est<\/p>","protected":false},"featured_media":16768,"comment_status":"open","ping_status":"closed","template":"","meta":[],"product_brand":[465],"product_cat":[211,180],"product_tag":[123],"class_list":{"0":"post-13666","1":"product","2":"type-product","3":"status-publish","4":"has-post-thumbnail","6":"product_brand-nikon","7":"product_cat-objectifs-occasion","8":"product_cat-objectifs-nikon-occasion","9":"product_tag-brand-nikon","11":"first","12":"outofstock","13":"taxable","14":"shipping-taxable","15":"purchasable","16":"product-type-simple"},"jetpack_sharing_enabled":true,"_links":{"self":[{"href":"https:\/\/yahyaouishop.com\/fr\/wp-json\/wp\/v2\/product\/13666","targetHints":{"allow":["GET"]}}],"collection":[{"href":"https:\/\/yahyaouishop.com\/fr\/wp-json\/wp\/v2\/product"}],"about":[{"href":"https:\/\/yahyaouishop.com\/fr\/wp-json\/wp\/v2\/types\/product"}],"replies":[{"embeddable":true,"href":"https:\/\/yahyaouishop.com\/fr\/wp-json\/wp\/v2\/comments?post=13666"}],"version-history":[{"count":3,"href":"https:\/\/yahyaouishop.com\/fr\/wp-json\/wp\/v2\/product\/13666\/revisions"}],"predecessor-version":[{"id":16769,"href":"https:\/\/yahyaouishop.com\/fr\/wp-json\/wp\/v2\/product\/13666\/revisions\/16769"}],"wp:featuredmedia":[{"embeddable":true,"href":"https:\/\/yahyaouishop.com\/fr\/wp-json\/wp\/v2\/media\/16768"}],"wp:attachment":[{"href":"https:\/\/yahyaouishop.com\/fr\/wp-json\/wp\/v2\/media?parent=13666"}],"wp:term":[{"taxonomy":"product_brand","embeddable":true,"href":"https:\/\/yahyaouishop.com\/fr\/wp-json\/wp\/v2\/product_brand?post=13666"},{"taxonomy":"product_cat","embeddable":true,"href":"https:\/\/yahyaouishop.com\/fr\/wp-json\/wp\/v2\/product_cat?post=13666"},{"taxonomy":"product_tag","embeddable":true,"href":"https:\/\/yahyaouishop.com\/fr\/wp-json\/wp\/v2\/product_tag?post=13666"}],"curies":[{"name":"wp","href":"https:\/\/api.w.org\/{rel}","templated":true}]}}