{"id":13658,"date":"2023-10-30T19:37:05","date_gmt":"2023-10-30T18:37:05","guid":{"rendered":"https:\/\/yahyaouishop.com\/index.php\/product\/nikon-hybride-z9-nu\/"},"modified":"2025-10-01T01:06:14","modified_gmt":"2025-10-01T00:06:14","slug":"nikon-z9-nu","status":"publish","type":"product","link":"https:\/\/yahyaouishop.com\/fr\/produit\/nikon-z9-nu\/","title":{"rendered":"Nikon Z9 Nu"},"content":{"rendered":"<p>Le <strong>Nikon Z9 Nu<\/strong> red\u00e9finit les standards de la photographie professionnelle avec une vitesse incroyable, une pr\u00e9cision in\u00e9gal\u00e9e et une nettet\u00e9 extraordinaire. Con\u00e7u pour r\u00e9pondre aux imp\u00e9ratifs les plus exigeants des photographes et vid\u00e9astes professionnels, le <strong>Nikon Z9 Nu<\/strong> int\u00e8gre les technologies les plus avanc\u00e9es de Nikon.<\/p>\n<p><strong>UNE NOUVELLE \u00c8RE POUR LES PROFESSIONNELS<\/strong><\/p>\n<p>Le <strong>Nikon Z9 Nu<\/strong> est \u00e9quip\u00e9 d&#8217;un capteur CMOS empil\u00e9 plein format de 45,7 MP et d&#8217;un processeur ultra-rapide EXPEED 7, assurant des performances exceptionnelles. Avec une plage de sensibilit\u00e9s native \u00e9tendue de 64 \u00e0 25 600 ISO, il offre une flexibilit\u00e9 incroyable dans toutes les conditions de lumi\u00e8re. De plus, la pr\u00e9cision de la balance des blancs automatique garantit des tons chair parfaits, que ce soit avec ou sans flash. Le <strong>Nikon Z9 Nu<\/strong> vous permet de capturer des images d&#8217;une clart\u00e9 et d&#8217;une fid\u00e9lit\u00e9 de couleur sans pr\u00e9c\u00e9dent.<\/p>\n<p><strong>AF INTELLIGENT EXCEPTIONNEL<\/strong><\/p>\n<p>Gr\u00e2ce \u00e0 son syst\u00e8me d&#8217;autofocus (AF) intelligent, le <strong>Nikon Z9 Nu<\/strong> peut d\u00e9tecter jusqu\u2019\u00e0 neuf types de sujets diff\u00e9rents simultan\u00e9ment. Associ\u00e9 aux nombreux modes AF, dont le suivi 3D, cet appareil photo assure une mise au point pr\u00e9cise et r\u00e9active, capturant chaque moment cl\u00e9 avec une nettet\u00e9 incroyable. Le <strong>Nikon Z9 Nu<\/strong> vous permet de ne jamais manquer une prise de vue essentielle.<\/p>\n<p><strong>VITESSE FULGURANTE<\/strong><\/p>\n<p>Cette appareil photo travaille \u00e0 des vitesses fulgurantes pouvant atteindre 120 vues par seconde (vps) avec des performances AF\/AE optimales. Vous pouvez \u00e9galement prendre des photos en RAW non compress\u00e9 \u00e0 20 vps, capturant plus de 1000 images haute d\u00e9finition en une seule rafale. Cette vitesse impressionnante fait du <strong>Nikon Z9 Nu<\/strong> l&#8217;outil parfait pour les photographes d&#8217;action et de sport.<\/p>\n<p><strong>VISEUR \u00c9LECTRONIQUE SANS BLACK OUT<\/strong><\/p>\n<p>Dot\u00e9 du viseur \u00e9lectronique le plus lumineux au monde (3000 cd\/m2), le <strong>Nikon Z9 Nu<\/strong> offre une exp\u00e9rience de prise de vue ininterrompue et immersive. Ce viseur sans black out vous permet de suivre l&#8217;action en temps r\u00e9el sans aucune interruption, assurant une composition parfaite \u00e0 chaque prise de vue.<\/p>\n<p><strong>ROBUSTE ET FIABLE<\/strong><\/p>\n<p>La qualit\u00e9 de conception exceptionnelle du <strong>Nikon Z9 Nu<\/strong> assure une robustesse et une fiabilit\u00e9 sans \u00e9gales. Avec un poids id\u00e9alement r\u00e9parti, cet appareil photo offre une prise en main confortable, m\u00eame lors de longues sessions de prise de vue. Les commandes ergonomiques et la grande poign\u00e9e permettent des prises de vue horizontales et verticales avec une facilit\u00e9 d\u00e9concertante. Le moniteur tactile inclinable sur quatre axes ajoute une flexibilit\u00e9 suppl\u00e9mentaire, rendant le <strong>Nikon Z9 Nu<\/strong> parfait pour toutes les situations de prise de vue.<\/p>\n<p><strong>UN PROCESSUS PLUS RAPIDE ET PUISSANT<\/strong><\/p>\n<p>Le <strong>Nikon Z9 Nu<\/strong> dispose d&#8217;une grande m\u00e9moire tampon et d&#8217;un double logement acceptant les cartes rapides CFexpress Type B, garantissant une gestion des fichiers rapide et efficace. Cela permet aux professionnels de travailler sans interruption, m\u00eame lors de prises de vue prolong\u00e9es.<\/p>\n<p><strong>ENREGISTREMENT VID\u00c9O 8K EXCEPTIONNEL<\/strong><\/p>\n<p>En mati\u00e8re de vid\u00e9o, le <strong>Nikon Z9 Nu<\/strong> ne d\u00e9\u00e7oit pas. Il permet d\u2019enregistrer des heures de s\u00e9quences vid\u00e9o 8K \u00e0 30p en interne. De plus, une mise \u00e0 jour du firmware permet d&#8217;enregistrer des vid\u00e9os RAW 8K et en format 60p ultrafluide, offrant des possibilit\u00e9s cr\u00e9atives illimit\u00e9es.<\/p>\n<p>Le <strong>Nikon Z9 Nu<\/strong> est l&#8217;appareil photo ultime pour les professionnels, offrant des performances et une fiabilit\u00e9 in\u00e9gal\u00e9es dans un bo\u00eetier innovant et ergonomique.<\/p>\n<p>&nbsp;<\/p>\n<p>&nbsp;<\/p>","protected":false},"excerpt":{"rendered":"<p>Le <strong>Nikon Z9 Nu<\/strong> est un appareil photo r\u00e9volutionnaire pour les professionnels, offrant une vitesse incroyable, une pr\u00e9cision in\u00e9gal\u00e9e et une nettet\u00e9 extraordinaire. \u00c9quip\u00e9 d&#8217;un capteur CMOS empil\u00e9 de 45,7 MP et d&#8217;un processeur EXPEED 7, il offre une plage de sensibilit\u00e9s \u00e9tendue de 64 \u00e0 25 600 ISO. Son syst\u00e8me AF intelligent d\u00e9tecte jusqu&#8217;\u00e0 neuf types de sujets simultan\u00e9ment, et il capture des images \u00e0 120 vps. Le viseur \u00e9lectronique sans black out, les commandes ergonomiques et l&#8217;enregistrement vid\u00e9o 8K font du <strong>Nikon Z9 Nu<\/strong> un outil incontournable pour les photographes et vid\u00e9astes professionnels.<\/p>","protected":false},"featured_media":14787,"comment_status":"open","ping_status":"closed","template":"","meta":[],"product_brand":[465],"product_cat":[161,176],"product_tag":[123],"class_list":{"0":"post-13658","1":"product","2":"type-product","3":"status-publish","4":"has-post-thumbnail","6":"product_brand-nikon","7":"product_cat-cameras","8":"product_cat-nikon","9":"product_tag-brand-nikon","11":"first","12":"instock","13":"sale","14":"purchasable","15":"product-type-simple"},"jetpack_sharing_enabled":true,"_links":{"self":[{"href":"https:\/\/yahyaouishop.com\/fr\/wp-json\/wp\/v2\/product\/13658","targetHints":{"allow":["GET"]}}],"collection":[{"href":"https:\/\/yahyaouishop.com\/fr\/wp-json\/wp\/v2\/product"}],"about":[{"href":"https:\/\/yahyaouishop.com\/fr\/wp-json\/wp\/v2\/types\/product"}],"replies":[{"embeddable":true,"href":"https:\/\/yahyaouishop.com\/fr\/wp-json\/wp\/v2\/comments?post=13658"}],"version-history":[{"count":4,"href":"https:\/\/yahyaouishop.com\/fr\/wp-json\/wp\/v2\/product\/13658\/revisions"}],"predecessor-version":[{"id":18720,"href":"https:\/\/yahyaouishop.com\/fr\/wp-json\/wp\/v2\/product\/13658\/revisions\/18720"}],"wp:featuredmedia":[{"embeddable":true,"href":"https:\/\/yahyaouishop.com\/fr\/wp-json\/wp\/v2\/media\/14787"}],"wp:attachment":[{"href":"https:\/\/yahyaouishop.com\/fr\/wp-json\/wp\/v2\/media?parent=13658"}],"wp:term":[{"taxonomy":"product_brand","embeddable":true,"href":"https:\/\/yahyaouishop.com\/fr\/wp-json\/wp\/v2\/product_brand?post=13658"},{"taxonomy":"product_cat","embeddable":true,"href":"https:\/\/yahyaouishop.com\/fr\/wp-json\/wp\/v2\/product_cat?post=13658"},{"taxonomy":"product_tag","embeddable":true,"href":"https:\/\/yahyaouishop.com\/fr\/wp-json\/wp\/v2\/product_tag?post=13658"}],"curies":[{"name":"wp","href":"https:\/\/api.w.org\/{rel}","templated":true}]}}