{"id":13656,"date":"2023-10-30T19:37:04","date_gmt":"2023-10-30T18:37:04","guid":{"rendered":"https:\/\/yahyaouishop.com\/index.php\/product\/nikon-d7500-objectif-18-140vr\/"},"modified":"2025-10-01T01:06:14","modified_gmt":"2025-10-01T00:06:14","slug":"nikon-d7500-objectif-18-140mm-vr","status":"publish","type":"product","link":"https:\/\/yahyaouishop.com\/fr\/produit\/nikon-d7500-objectif-18-140mm-vr\/","title":{"rendered":"Nikon D7500 + Objectif 18-140mm VR"},"content":{"rendered":"<div class=\"product_awards\">\n<div class=\"product_features\">\n<div class=\"features_text\">\n<p>La recherche de l&#8217;image parfaite peut vous conduire n&#8217;importe o\u00f9. Avec le <strong>Nikon D7500 + Objectif 18-140mm VR<\/strong>, vous avez un compagnon puissant, r\u00e9actif et enti\u00e8rement connect\u00e9 pour toutes vos aventures photographiques. Cet appareil photo, h\u00e9ritier de la qualit\u00e9 d&#8217;image au format DX du c\u00e9l\u00e8bre D500 de Nikon, vous permet de capturer la beaut\u00e9 du monde tel que vous la voyez. Que vous soyez en train de photographier des paysages, des portraits ou des actions rapides, le <strong>Nikon D7500 + Objectif 18-140mm VR<\/strong> vous offre une flexibilit\u00e9 et une performance exceptionnelles.<\/p>\n<p><strong>Qualit\u00e9 d&#8217;image exceptionnelle<\/strong> Le <strong>Nikon D7500 + Objectif 18-140mm VR<\/strong> est \u00e9quip\u00e9 d&#8217;un capteur au format DX de 20,9 MP qui vous permet de capturer des images avec une nettet\u00e9 et des d\u00e9tails incroyables. Le processeur EXPEED 5 assure des performances rapides et une qualit\u00e9 d&#8217;image sup\u00e9rieure, m\u00eame en conditions de faible luminosit\u00e9. Avec une sensibilit\u00e9 ISO allant jusqu&#8217;\u00e0 51 200 (extensible \u00e0 1 640 000), cet appareil photo vous permet de saisir des images claires et nettes, quelles que soient les conditions de lumi\u00e8re.<\/p>\n<p><strong>Objectif polyvalent<\/strong> L&#8217;objectif 18-140mm VR inclus avec le <strong>Nikon D7500<\/strong> est un objectif zoom polyvalent qui couvre une large plage focale, du grand angle au t\u00e9l\u00e9objectif. La r\u00e9duction de vibration (VR) int\u00e9gr\u00e9e permet de minimiser le flou de boug\u00e9, vous permettant de capturer des photos et des vid\u00e9os stables, m\u00eame en cas de faible luminosit\u00e9 ou de prises de vue \u00e0 main lev\u00e9e.<\/p>\n<p><strong>Performance r\u00e9active<\/strong> Le <strong>Nikon D7500 + Objectif 18-140mm VR<\/strong> offre une vitesse de prise de vue continue allant jusqu&#8217;\u00e0 8 images par seconde, vous permettant de capturer des actions rapides avec pr\u00e9cision. Le syst\u00e8me de mise au point automatique \u00e0 51 points garantit une mise au point rapide et pr\u00e9cise, m\u00eame sur des sujets en mouvement.<\/p>\n<p><strong>Connectivit\u00e9 avanc\u00e9e<\/strong> Gr\u00e2ce \u00e0 la connectivit\u00e9 SnapBridge, le <strong>Nikon D7500 + Objectif 18-140mm VR<\/strong> vous permet de transf\u00e9rer facilement vos photos sur votre appareil mobile. Vous pouvez ainsi partager vos images instantan\u00e9ment sur les r\u00e9seaux sociaux ou les stocker dans le cloud. Le Wi-Fi et le Bluetooth int\u00e9gr\u00e9s facilitent \u00e9galement le contr\u00f4le \u00e0 distance de l&#8217;appareil photo via votre smartphone.<\/p>\n<p><strong>Robustesse et durabilit\u00e9<\/strong> Construit pour durer, le <strong>Nikon D7500 + Objectif 18-140mm VR<\/strong> est dot\u00e9 d&#8217;un bo\u00eetier r\u00e9sistant aux intemp\u00e9ries et \u00e0 la poussi\u00e8re. Vous pouvez ainsi l&#8217;emmener partout avec vous, quelles que soient les conditions m\u00e9t\u00e9orologiques. De plus, cet appareil photo neuf est accompagn\u00e9 d&#8217;une garantie de 3 ans au Maroc, vous assurant une tranquillit\u00e9 d&#8217;esprit suppl\u00e9mentaire.<\/p>\n<p>En r\u00e9sum\u00e9, le <strong>Nikon D7500 + Objectif 18-140mm VR<\/strong> est l&#8217;appareil id\u00e9al pour les photographes passionn\u00e9s \u00e0 la recherche de qualit\u00e9, de flexibilit\u00e9 et de performance. Avec sa capacit\u00e9 \u00e0 capturer des images exceptionnelles dans une vari\u00e9t\u00e9 de conditions et sa connectivit\u00e9 avanc\u00e9e, il est le choix parfait pour ceux qui souhaitent saisir la beaut\u00e9 du monde.<\/p>\n<p>&nbsp;<\/p>\n<\/div>\n<\/div>\n<\/div>","protected":false},"excerpt":{"rendered":"<p>Le <strong>Nikon D7500 + Objectif 18-140mm VR<\/strong> est un appareil photo puissant, r\u00e9actif et connect\u00e9, id\u00e9al pour les photographes passionn\u00e9s. Dot\u00e9 d&#8217;un capteur DX de 20,9 MP, d&#8217;un processeur EXPEED 5 et d&#8217;une sensibilit\u00e9 ISO \u00e9lev\u00e9e, il capture des images nettes et d\u00e9taill\u00e9es m\u00eame en faible luminosit\u00e9. L&#8217;objectif 18-140mm VR offre une grande polyvalence, tandis que la r\u00e9duction de vibration assure des photos stables. Avec une prise de vue continue \u00e0 8 ips et une connectivit\u00e9 SnapBridge, le <strong>Nikon D7500 + Objectif 18-140mm VR<\/strong> est parfait pour partager vos moments instantan\u00e9ment. Appareil neuf avec garantie de 3 ans au Maroc.<\/p>","protected":false},"featured_media":14783,"comment_status":"open","ping_status":"closed","template":"","meta":[],"product_brand":[465],"product_cat":[161,176],"product_tag":[123],"class_list":{"0":"post-13656","1":"product","2":"type-product","3":"status-publish","4":"has-post-thumbnail","6":"product_brand-nikon","7":"product_cat-cameras","8":"product_cat-nikon","9":"product_tag-brand-nikon","11":"first","12":"instock","13":"sale","14":"purchasable","15":"product-type-simple"},"jetpack_sharing_enabled":true,"_links":{"self":[{"href":"https:\/\/yahyaouishop.com\/fr\/wp-json\/wp\/v2\/product\/13656","targetHints":{"allow":["GET"]}}],"collection":[{"href":"https:\/\/yahyaouishop.com\/fr\/wp-json\/wp\/v2\/product"}],"about":[{"href":"https:\/\/yahyaouishop.com\/fr\/wp-json\/wp\/v2\/types\/product"}],"replies":[{"embeddable":true,"href":"https:\/\/yahyaouishop.com\/fr\/wp-json\/wp\/v2\/comments?post=13656"}],"version-history":[{"count":4,"href":"https:\/\/yahyaouishop.com\/fr\/wp-json\/wp\/v2\/product\/13656\/revisions"}],"predecessor-version":[{"id":18722,"href":"https:\/\/yahyaouishop.com\/fr\/wp-json\/wp\/v2\/product\/13656\/revisions\/18722"}],"wp:featuredmedia":[{"embeddable":true,"href":"https:\/\/yahyaouishop.com\/fr\/wp-json\/wp\/v2\/media\/14783"}],"wp:attachment":[{"href":"https:\/\/yahyaouishop.com\/fr\/wp-json\/wp\/v2\/media?parent=13656"}],"wp:term":[{"taxonomy":"product_brand","embeddable":true,"href":"https:\/\/yahyaouishop.com\/fr\/wp-json\/wp\/v2\/product_brand?post=13656"},{"taxonomy":"product_cat","embeddable":true,"href":"https:\/\/yahyaouishop.com\/fr\/wp-json\/wp\/v2\/product_cat?post=13656"},{"taxonomy":"product_tag","embeddable":true,"href":"https:\/\/yahyaouishop.com\/fr\/wp-json\/wp\/v2\/product_tag?post=13656"}],"curies":[{"name":"wp","href":"https:\/\/api.w.org\/{rel}","templated":true}]}}