{"id":13637,"date":"2023-10-30T19:36:50","date_gmt":"2023-10-30T18:36:50","guid":{"rendered":"https:\/\/yahyaouishop.com\/index.php\/product\/nikon-70-300mm-f4-0-5-6-g\/"},"modified":"2025-11-08T13:04:50","modified_gmt":"2025-11-08T12:04:50","slug":"nikon-70-300mm-f40-56-g","status":"publish","type":"product","link":"https:\/\/yahyaouishop.com\/fr\/produit\/nikon-70-300mm-f40-56-g\/","title":{"rendered":"Nikon 70-300mm f4.0-5.6 G"},"content":{"rendered":"<p>L&#8217;<strong>Objectif Nikon 70-300mm f4.0-5.6 G<\/strong> est un zoom t\u00e9l\u00e9objectif polyvalent con\u00e7u pour les photographes passionn\u00e9s cherchant \u00e0 capturer des images d\u00e9taill\u00e9es \u00e0 distance. Cet objectif est id\u00e9al pour une large gamme de situations, de la photographie de portraits \u00e0 la capture de la faune sauvage, en passant par les \u00e9v\u00e9nements sportifs. Gr\u00e2ce \u00e0 sa plage focale \u00e9tendue de 70 \u00e0 300 mm, cet objectif offre une grande flexibilit\u00e9 pour s&#8217;adapter \u00e0 divers types de prise de vue, permettant de capturer des sujets \u00e9loign\u00e9s avec une pr\u00e9cision impressionnante.<\/p>\n<p>Cet objectif est un excellent choix pour les photographes travaillant dans le domaine de la photographie professionnelle au Maroc, notamment dans les secteurs du mat\u00e9riel audiovisuel maroc et du mat\u00e9riel cin\u00e9ma maroc, o\u00f9 la qualit\u00e9 d&#8217;image et la polyvalence sont primordiales. Associ\u00e9 \u00e0 un bo\u00eetier Canon ou un Appareil photo Sony, cet objectif permet de r\u00e9aliser des prises de vue nettes et color\u00e9es, parfaites pour des projets vid\u00e9o ou photographiques de haute qualit\u00e9. Pour les amateurs de vid\u00e9o, cet objectif peut \u00eatre utilis\u00e9 en combinaison avec des accessoires comme le Flash Godox ou des syst\u00e8mes d&#8217;\u00e9clairage professionnels comme l&#8217;\u00e9clairage LED Godox pour cr\u00e9er des productions visuellement captivantes.<\/p>\n<p>Le <strong>Nikon 70-300mm<\/strong> f4.0-5.6 G est particuli\u00e8rement appr\u00e9ci\u00e9 pour ses optiques \u00e0 13 \u00e9l\u00e9ments et 9 groupes, lesquelles sont dot\u00e9es d&#8217;un rev\u00eatement super int\u00e9gr\u00e9 pour r\u00e9duire les reflets et les images fant\u00f4mes, garantissant ainsi des images d&#8217;une clart\u00e9 exceptionnelle m\u00eame en conditions d&#8217;\u00e9clairage difficile. Que vous capturiez des paysages ou des portraits, cet objectif assure un rendu fid\u00e8le des couleurs et des contrastes.<\/p>\n<ul>\n<li>\n<h4><span style=\"color: #333333;font-family: 'Amazon Ember', Arial, sans-serif;font-size: small;font-style: normal;letter-spacing: normal;text-align: start;text-indent: 0px;text-transform: none;background-color: #ffffff;float: none\">Le zoom t\u00e9l\u00e9objectif est con\u00e7u pour les reflex num\u00e9riques avec monture FX au format FX, mais il peut \u00e9galement \u00eatre utilis\u00e9 avec les mod\u00e8les DX o\u00f9 il offre une distance focale \u00e9quivalente de 105-450 mm.<\/span><\/h4>\n<\/li>\n<li>\n<h4><span style=\"color: #333333;font-family: 'Amazon Ember', Arial, sans-serif;font-size: small;font-style: normal;letter-spacing: normal;text-align: start;text-indent: 0px;text-transform: none;background-color: #ffffff;float: none\">Une couche super int\u00e9gr\u00e9e a \u00e9t\u00e9 appliqu\u00e9e aux \u00e9l\u00e9ments individuels pour supprimer les reflets internes, les reflets et les images fant\u00f4mes afin d&#8217;am\u00e9liorer le contraste et la pr\u00e9cision des couleurs dans des conditions d&#8217;\u00e9clairage intense.<\/span><\/h4>\n<\/li>\n<li>\n<h4><span style=\"color: #333333;font-family: 'Amazon Ember', Arial, sans-serif;font-size: small;font-style: normal;letter-spacing: normal;text-align: start;text-indent: 0px;text-transform: none;background-color: #ffffff;float: none\">Le syst\u00e8me autofocus est compatible avec certains r\u00e9flexes num\u00e9riques Nikon compatibles avec les objectifs de type D et offre une mise au point rapide et pr\u00e9cise<\/span><\/h4>\n<\/li>\n<li>\n<h4><span style=\"color: #333333;font-family: 'Amazon Ember', Arial, sans-serif;font-size: small;font-style: normal;letter-spacing: normal;text-align: start;text-indent: 0px;text-transform: none;background-color: #ffffff;float: none\">L&#8217;autofocus n&#8217;est pas compatible avec les reflex num\u00e9riques sans moteur d&#8217;autofocus, comme les s\u00e9ries D3000, D5000, D40, D40X et D60, o\u00f9 l&#8217;objectif ne peut \u00eatre utilis\u00e9 qu&#8217;avec mise au point manuelle.<\/span><\/h4>\n<\/li>\n<li>\n<h4><span style=\"color: #333333;font-family: 'Amazon Ember', Arial, sans-serif;font-size: small;font-style: normal;letter-spacing: normal;text-align: start;text-indent: 0px;text-transform: none;background-color: #ffffff;float: none\">Le diaphragme arrondi \u00e0 neuf feuilles favorise une qualit\u00e9 de flou agr\u00e9able qui b\u00e9n\u00e9ficie de l&#8217;utilisation d&#8217;une faible profondeur de champ et de techniques de mise au point s\u00e9lective.<\/span><\/h4>\n<\/li>\n<\/ul>\n<p>En mati\u00e8re de performance, le syst\u00e8me autofocus rapide et pr\u00e9cis du Nikon 70-300mm f\/4.0-5.6 G est un atout majeur. Ce syst\u00e8me, compatible avec certains appareils photo r\u00e9flex num\u00e9riques de type D, permet une mise au point rapide et r\u00e9active, garantissant que vous ne manquerez jamais l&#8217;occasion de capturer des moments essentiels. Pour les utilisateurs de cam\u00e9ra Canon, cam\u00e9ra Insta360, ou encore les adeptes de Sony Alpha et Canon EOS, cet objectif reste une solution de choix pour des projets cr\u00e9atifs exigeants.<\/p>\n<p>Cependant, il convient de noter que l&#8217;autofocus de cet objectif n&#8217;est pas compatible avec les appareils Nikon d\u00e9pourvus de moteur d&#8217;autofocus, comme les s\u00e9ries D3000, D5000, D40 et D60. Dans ces cas, il faudra utiliser la mise au point manuelle, une fonctionnalit\u00e9 qui reste tout aussi pr\u00e9cise avec un peu de pratique.<\/p>\n<p>Outre sa polyvalence en photographie, cet objectif s&#8217;int\u00e8gre parfaitement dans des configurations vid\u00e9o avec des accessoires comme un stabilisateur Godox ou un tr\u00e9pied Sony, garantissant une stabilit\u00e9 optimale pour des prises de vue fluides et sans tremblements. Pour les cin\u00e9astes marocains ou les cr\u00e9ateurs de contenu utilisant du mat\u00e9riel audiovisuel maroc, l&#8217;objectif Nikon 70-300mm f4.0-5.6 G repr\u00e9sente une pi\u00e8ce essentielle de l&#8217;\u00e9quipement photo, compatible avec un large \u00e9ventail d&#8217;accessoires de photographie professionnelle et de cin\u00e9ma marocain.<\/p>\n<p>Avec une distance focale \u00e9quivalente de 105-450 mm lorsqu&#8217;il est utilis\u00e9 avec des appareils Nikon au format DX, cet objectif permet \u00e9galement de zoomer davantage sur des sujets \u00e9loign\u00e9s. C&#8217;est un choix id\u00e9al pour capturer des sc\u00e8nes naturelles, des \u00e9v\u00e9nements sportifs ou m\u00eame des concerts o\u00f9 les d\u00e9tails \u00e0 distance sont essentiels. Associ\u00e9 \u00e0 des accessoires tels qu&#8217;un microphone Canon ou une cam\u00e9ra 360 Insta, vous pouvez capturer des contenus immersifs et dynamiques pour toutes sortes de projets.<\/p>\n<p>Enfin, pour ceux qui recherchent un objectif performant sans se ruiner, le <strong>Nikon 70-300mm f4.0-5.6 G<\/strong> est un excellent compromis entre qualit\u00e9 et prix. Il s&#8217;agit d&#8217;une solution id\u00e9ale pour les photographes amateurs et professionnels qui cherchent \u00e0 s&#8217;\u00e9quiper avec des produits de qualit\u00e9 sup\u00e9rieure comme les accessoires Godox, les objectifs Godox, ou encore les syst\u00e8mes d&#8217;\u00e9clairage de studio Godox pour leurs projets photo et vid\u00e9o.<\/p>","protected":false},"excerpt":{"rendered":"<div class=\"flex max-w-full flex-col flex-grow\">\n<div class=\"min-h-[20px] text-message flex w-full flex-col items-end gap-2 whitespace-normal break-words [.text-message+&amp;]:mt-5\" dir=\"auto\" data-message-author-role=\"assistant\" data-message-id=\"830c0ec0-b22c-4d77-b729-6c6fc598395f\">\n<div class=\"flex w-full flex-col gap-1 empty:hidden first:pt-[3px]\">\n<div class=\"markdown prose w-full break-words dark:prose-invert light\">\n<p>Le <strong>Nikon 70-300mm f4.0-5.6 G<\/strong> est un zoom t\u00e9l\u00e9objectif polyvalent con\u00e7u pour capturer des sujets \u00e9loign\u00e9s avec pr\u00e9cision. Il convient aussi bien \u00e0 la photographie de portraits qu\u2019\u00e0 la faune, gr\u00e2ce \u00e0 sa plage focale \u00e9tendue et son syst\u00e8me autofocus rapide. Id\u00e9al pour les professionnels utilisant du mat\u00e9riel audiovisuel maroc ou du mat\u00e9riel cin\u00e9ma maroc, cet objectif garantit des images claires avec des couleurs fid\u00e8les gr\u00e2ce \u00e0 son rev\u00eatement super int\u00e9gr\u00e9. Compatible avec une large gamme d&#8217;appareils photo, il s&#8217;associe parfaitement avec des accessoires comme le Flash Godox ou un \u00e9clairage LED Godox pour des projets photo et vid\u00e9o cr\u00e9atifs.<\/p>\n<\/div>\n<\/div>\n<\/div>\n<\/div>","protected":false},"featured_media":16700,"comment_status":"open","ping_status":"closed","template":"","meta":[],"product_brand":[465],"product_cat":[148,179],"product_tag":[123],"class_list":{"0":"post-13637","1":"product","2":"type-product","3":"status-publish","4":"has-post-thumbnail","6":"product_brand-nikon","7":"product_cat-objectifs","8":"product_cat-objectifs-nikon","9":"product_tag-brand-nikon","11":"first","12":"outofstock","13":"taxable","14":"shipping-taxable","15":"purchasable","16":"product-type-simple"},"jetpack_sharing_enabled":true,"_links":{"self":[{"href":"https:\/\/yahyaouishop.com\/fr\/wp-json\/wp\/v2\/product\/13637","targetHints":{"allow":["GET"]}}],"collection":[{"href":"https:\/\/yahyaouishop.com\/fr\/wp-json\/wp\/v2\/product"}],"about":[{"href":"https:\/\/yahyaouishop.com\/fr\/wp-json\/wp\/v2\/types\/product"}],"replies":[{"embeddable":true,"href":"https:\/\/yahyaouishop.com\/fr\/wp-json\/wp\/v2\/comments?post=13637"}],"version-history":[{"count":4,"href":"https:\/\/yahyaouishop.com\/fr\/wp-json\/wp\/v2\/product\/13637\/revisions"}],"predecessor-version":[{"id":23689,"href":"https:\/\/yahyaouishop.com\/fr\/wp-json\/wp\/v2\/product\/13637\/revisions\/23689"}],"wp:featuredmedia":[{"embeddable":true,"href":"https:\/\/yahyaouishop.com\/fr\/wp-json\/wp\/v2\/media\/16700"}],"wp:attachment":[{"href":"https:\/\/yahyaouishop.com\/fr\/wp-json\/wp\/v2\/media?parent=13637"}],"wp:term":[{"taxonomy":"product_brand","embeddable":true,"href":"https:\/\/yahyaouishop.com\/fr\/wp-json\/wp\/v2\/product_brand?post=13637"},{"taxonomy":"product_cat","embeddable":true,"href":"https:\/\/yahyaouishop.com\/fr\/wp-json\/wp\/v2\/product_cat?post=13637"},{"taxonomy":"product_tag","embeddable":true,"href":"https:\/\/yahyaouishop.com\/fr\/wp-json\/wp\/v2\/product_tag?post=13637"}],"curies":[{"name":"wp","href":"https:\/\/api.w.org\/{rel}","templated":true}]}}