{"id":13624,"date":"2023-10-30T19:36:38","date_gmt":"2023-10-30T18:36:38","guid":{"rendered":"https:\/\/yahyaouishop.com\/index.php\/product\/moniteur-feelwords-f5\/"},"modified":"2025-12-11T10:51:31","modified_gmt":"2025-12-11T09:51:31","slug":"moniteur-feelwords-f5","status":"publish","type":"product","link":"https:\/\/yahyaouishop.com\/fr\/produit\/moniteur-feelwords-f5\/","title":{"rendered":"Moniteur FeelWorld F5 5 Pouces 4K HDMI"},"content":{"rendered":"<p><span data-mce-fragment=\"1\">FEELWORLD s&#8217;est engag\u00e9 \u00e0 fournir la surveillance et les solutions compl\u00e8tes de diffusion pour les cin\u00e9astes professionnels. Que ce soit la mise \u00e0 niveau de l&#8217;excellente technologie d&#8217;affichage de HD \u00e0 FHD ou \u00e0 UHD 4K r\u00e9solution, FEELWORLD vise \u00e0 soutenir les cr\u00e9ateurs professionnels pour obtenir les plus grands avantages et de cr\u00e9er des histoires plus passionnantes, avec la technologie la plus avanc\u00e9e pour am\u00e9liorer la efficacit\u00e9 de production.<\/span><\/p>","protected":false},"excerpt":{"rendered":"<p>FEELWORLD s&#8217;est engag\u00e9 \u00e0 fournir la surveillance et les solutions compl\u00e8tes de diffusion pour les cin\u00e9astes professionnels. Que ce soit<\/p>","protected":false},"featured_media":16697,"comment_status":"open","ping_status":"closed","template":"","meta":[],"product_brand":[455],"product_cat":[175,126],"product_tag":[449],"class_list":{"0":"post-13624","1":"product","2":"type-product","3":"status-publish","4":"has-post-thumbnail","6":"product_brand-yahyaoui-shop","7":"product_cat-moniteurs-video","8":"product_cat-produits-divers","9":"product_tag-yahyaoui-shop","11":"first","12":"instock","13":"purchasable","14":"product-type-simple"},"jetpack_sharing_enabled":true,"_links":{"self":[{"href":"https:\/\/yahyaouishop.com\/fr\/wp-json\/wp\/v2\/product\/13624","targetHints":{"allow":["GET"]}}],"collection":[{"href":"https:\/\/yahyaouishop.com\/fr\/wp-json\/wp\/v2\/product"}],"about":[{"href":"https:\/\/yahyaouishop.com\/fr\/wp-json\/wp\/v2\/types\/product"}],"replies":[{"embeddable":true,"href":"https:\/\/yahyaouishop.com\/fr\/wp-json\/wp\/v2\/comments?post=13624"}],"version-history":[{"count":1,"href":"https:\/\/yahyaouishop.com\/fr\/wp-json\/wp\/v2\/product\/13624\/revisions"}],"predecessor-version":[{"id":20662,"href":"https:\/\/yahyaouishop.com\/fr\/wp-json\/wp\/v2\/product\/13624\/revisions\/20662"}],"wp:featuredmedia":[{"embeddable":true,"href":"https:\/\/yahyaouishop.com\/fr\/wp-json\/wp\/v2\/media\/16697"}],"wp:attachment":[{"href":"https:\/\/yahyaouishop.com\/fr\/wp-json\/wp\/v2\/media?parent=13624"}],"wp:term":[{"taxonomy":"product_brand","embeddable":true,"href":"https:\/\/yahyaouishop.com\/fr\/wp-json\/wp\/v2\/product_brand?post=13624"},{"taxonomy":"product_cat","embeddable":true,"href":"https:\/\/yahyaouishop.com\/fr\/wp-json\/wp\/v2\/product_cat?post=13624"},{"taxonomy":"product_tag","embeddable":true,"href":"https:\/\/yahyaouishop.com\/fr\/wp-json\/wp\/v2\/product_tag?post=13624"}],"curies":[{"name":"wp","href":"https:\/\/api.w.org\/{rel}","templated":true}]}}