{"id":13605,"date":"2023-10-30T19:36:22","date_gmt":"2023-10-30T18:36:22","guid":{"rendered":"https:\/\/yahyaouishop.com\/index.php\/product\/micro-2-slider-manuel\/"},"modified":"2025-10-01T01:06:11","modified_gmt":"2025-10-01T00:06:11","slug":"micro-2-slider-manuel","status":"publish","type":"product","link":"https:\/\/yahyaouishop.com\/fr\/produit\/micro-2-slider-manuel\/","title":{"rendered":"Micro 2 Slider manuel"},"content":{"rendered":"<p><span data-mce-fragment=\"1\">Le Micro 2 Slider manuel permet un glissement lisse, fluide et pr\u00e9cis, vous offrant une v\u00e9ritable exp\u00e9rience d&#8217;utilisation conviviale sans perdre beaucoup de temps sur un r\u00e9glage manuel \u00e0 chaque fois.<\/span><\/p>","protected":false},"excerpt":{"rendered":"<p>Le Micro 2 Slider manuel permet un glissement lisse, fluide et pr\u00e9cis, vous offrant une v\u00e9ritable exp\u00e9rience d&#8217;utilisation conviviale sans<\/p>","protected":false},"featured_media":16689,"comment_status":"open","ping_status":"closed","template":"","meta":[],"product_brand":[455],"product_cat":[126],"product_tag":[449],"class_list":{"0":"post-13605","1":"product","2":"type-product","3":"status-publish","4":"has-post-thumbnail","6":"product_brand-yahyaoui-shop","7":"product_cat-produits-divers","8":"product_tag-yahyaoui-shop","10":"first","11":"outofstock","12":"taxable","13":"shipping-taxable","14":"purchasable","15":"product-type-simple"},"jetpack_sharing_enabled":true,"_links":{"self":[{"href":"https:\/\/yahyaouishop.com\/fr\/wp-json\/wp\/v2\/product\/13605","targetHints":{"allow":["GET"]}}],"collection":[{"href":"https:\/\/yahyaouishop.com\/fr\/wp-json\/wp\/v2\/product"}],"about":[{"href":"https:\/\/yahyaouishop.com\/fr\/wp-json\/wp\/v2\/types\/product"}],"replies":[{"embeddable":true,"href":"https:\/\/yahyaouishop.com\/fr\/wp-json\/wp\/v2\/comments?post=13605"}],"version-history":[{"count":1,"href":"https:\/\/yahyaouishop.com\/fr\/wp-json\/wp\/v2\/product\/13605\/revisions"}],"predecessor-version":[{"id":16690,"href":"https:\/\/yahyaouishop.com\/fr\/wp-json\/wp\/v2\/product\/13605\/revisions\/16690"}],"wp:featuredmedia":[{"embeddable":true,"href":"https:\/\/yahyaouishop.com\/fr\/wp-json\/wp\/v2\/media\/16689"}],"wp:attachment":[{"href":"https:\/\/yahyaouishop.com\/fr\/wp-json\/wp\/v2\/media?parent=13605"}],"wp:term":[{"taxonomy":"product_brand","embeddable":true,"href":"https:\/\/yahyaouishop.com\/fr\/wp-json\/wp\/v2\/product_brand?post=13605"},{"taxonomy":"product_cat","embeddable":true,"href":"https:\/\/yahyaouishop.com\/fr\/wp-json\/wp\/v2\/product_cat?post=13605"},{"taxonomy":"product_tag","embeddable":true,"href":"https:\/\/yahyaouishop.com\/fr\/wp-json\/wp\/v2\/product_tag?post=13605"}],"curies":[{"name":"wp","href":"https:\/\/api.w.org\/{rel}","templated":true}]}}