{"id":13585,"date":"2023-10-30T19:36:12","date_gmt":"2023-10-30T18:36:12","guid":{"rendered":"https:\/\/yahyaouishop.com\/index.php\/product\/lexar-professional-cfexpress-type-b-usb-3-2-gen-2x2-reader\/"},"modified":"2025-10-01T01:06:11","modified_gmt":"2025-10-01T00:06:11","slug":"lexar-professional-cfexpress-type-b-usb-3-2-gen-2x2-reader","status":"publish","type":"product","link":"https:\/\/yahyaouishop.com\/fr\/produit\/lexar-professional-cfexpress-type-b-usb-3-2-gen-2x2-reader\/","title":{"rendered":"Lexar Professional CFexpress Type B USB 3.2 Gen 2&#215;2 Reader"},"content":{"rendered":"<p data-mce-fragment=\"1\">Acc\u00e9l\u00e9rez vos flux de travail gr\u00e2ce \u00e0 un lecteur de carte<span data-mce-fragment=\"1\">\u00a0<\/span><strong data-mce-fragment=\"1\">CFExpress Type B<\/strong><span data-mce-fragment=\"1\">\u00a0<\/span>ultra rapide. Ce genre de produit sont essentiels lorsque vous travaillez avec du mat\u00e9riel de haute qualit\u00e9 avec des d\u00e9bits et des r\u00e9solutions professionnelles. Vos fichiers<strong data-mce-fragment=\"1\"><span data-mce-fragment=\"1\">\u00a0<\/span>RAW ou vos vid\u00e9os 8K<\/strong><span data-mce-fragment=\"1\">\u00a0<\/span>n&#8217;auront jamais \u00e9t\u00e9 si rapide vers votre ordinateur.\u00a0<\/p>\n<p data-mce-fragment=\"1\">Vous pourrez ainsi d\u00e9charger vos fichiers photo ou vid\u00e9o directement apr\u00e8s vos tournages en toute s\u00e9curit\u00e9 afin de d\u00e9marrer la post production sereinement.\u00a0<\/p>\n<p><\/p>","protected":false},"excerpt":{"rendered":"<p>Acc\u00e9l\u00e9rez vos flux de travail gr\u00e2ce \u00e0 un lecteur de carte\u00a0CFExpress Type B\u00a0ultra rapide. Ce genre de produit sont essentiels<\/p>","protected":false},"featured_media":14628,"comment_status":"open","ping_status":"closed","template":"","meta":[],"product_brand":[455],"product_cat":[135,126],"product_tag":[449],"class_list":{"0":"post-13585","1":"product","2":"type-product","3":"status-publish","4":"has-post-thumbnail","6":"product_brand-yahyaoui-shop","7":"product_cat-stockage","8":"product_cat-produits-divers","9":"product_tag-yahyaoui-shop","11":"first","12":"instock","13":"purchasable","14":"product-type-simple"},"jetpack_sharing_enabled":true,"_links":{"self":[{"href":"https:\/\/yahyaouishop.com\/fr\/wp-json\/wp\/v2\/product\/13585","targetHints":{"allow":["GET"]}}],"collection":[{"href":"https:\/\/yahyaouishop.com\/fr\/wp-json\/wp\/v2\/product"}],"about":[{"href":"https:\/\/yahyaouishop.com\/fr\/wp-json\/wp\/v2\/types\/product"}],"replies":[{"embeddable":true,"href":"https:\/\/yahyaouishop.com\/fr\/wp-json\/wp\/v2\/comments?post=13585"}],"version-history":[{"count":1,"href":"https:\/\/yahyaouishop.com\/fr\/wp-json\/wp\/v2\/product\/13585\/revisions"}],"predecessor-version":[{"id":21188,"href":"https:\/\/yahyaouishop.com\/fr\/wp-json\/wp\/v2\/product\/13585\/revisions\/21188"}],"wp:featuredmedia":[{"embeddable":true,"href":"https:\/\/yahyaouishop.com\/fr\/wp-json\/wp\/v2\/media\/14628"}],"wp:attachment":[{"href":"https:\/\/yahyaouishop.com\/fr\/wp-json\/wp\/v2\/media?parent=13585"}],"wp:term":[{"taxonomy":"product_brand","embeddable":true,"href":"https:\/\/yahyaouishop.com\/fr\/wp-json\/wp\/v2\/product_brand?post=13585"},{"taxonomy":"product_cat","embeddable":true,"href":"https:\/\/yahyaouishop.com\/fr\/wp-json\/wp\/v2\/product_cat?post=13585"},{"taxonomy":"product_tag","embeddable":true,"href":"https:\/\/yahyaouishop.com\/fr\/wp-json\/wp\/v2\/product_tag?post=13585"}],"curies":[{"name":"wp","href":"https:\/\/api.w.org\/{rel}","templated":true}]}}