{"id":13584,"date":"2023-10-30T19:36:11","date_gmt":"2023-10-30T18:36:11","guid":{"rendered":"https:\/\/yahyaouishop.com\/index.php\/product\/lexar-lecteur-de-cartes-usb-3-2-gen-2-type-c-cfexpress-type-a-sd\/"},"modified":"2025-10-01T01:06:08","modified_gmt":"2025-10-01T00:06:08","slug":"lexar-lecteur-de-cartes-usb-3-2-gen-2-type-c-cfexpress-type-a-sd","status":"publish","type":"product","link":"https:\/\/yahyaouishop.com\/fr\/produit\/lexar-lecteur-de-cartes-usb-3-2-gen-2-type-c-cfexpress-type-a-sd\/","title":{"rendered":"LEXAR lecteur de cartes USB 3.2 Gen 2 TYPE-C (CFEXPRESS TYPE A, SD)"},"content":{"rendered":"<p><span data-mce-fragment=\"1\">Avec son design compact et portable, le lecteur de cartes Lexar Professional \u00e0 double emplacement USB 3.2 Gen 2 Type-C est id\u00e9al pour les professionnels cr\u00e9atifs en d\u00e9placement. La surface m\u00e9tallique r\u00e9siste \u00e0 l&#8217;usure. Utilisant la norme USB 3.2 Gen 2 Type-C, le lecteur offre des taux de transfert de donn\u00e9es allant jusqu&#8217;\u00e0 10 Gb\/s pour d\u00e9charger rapidement photos et vid\u00e9os haute r\u00e9solution. Il poss\u00e8de un emplacement pour les cartes CFexpress Type A et un autre pour les cartes SD.<\/span><\/p>","protected":false},"excerpt":{"rendered":"<p>Avec son design compact et portable, le lecteur de cartes Lexar Professional \u00e0 double emplacement USB 3.2 Gen 2 Type-C<\/p>","protected":false},"featured_media":16684,"comment_status":"open","ping_status":"closed","template":"","meta":[],"product_brand":[455],"product_cat":[135,126],"product_tag":[449],"class_list":{"0":"post-13584","1":"product","2":"type-product","3":"status-publish","4":"has-post-thumbnail","6":"product_brand-yahyaoui-shop","7":"product_cat-stockage","8":"product_cat-produits-divers","9":"product_tag-yahyaoui-shop","11":"first","12":"instock","13":"purchasable","14":"product-type-simple"},"jetpack_sharing_enabled":true,"_links":{"self":[{"href":"https:\/\/yahyaouishop.com\/fr\/wp-json\/wp\/v2\/product\/13584","targetHints":{"allow":["GET"]}}],"collection":[{"href":"https:\/\/yahyaouishop.com\/fr\/wp-json\/wp\/v2\/product"}],"about":[{"href":"https:\/\/yahyaouishop.com\/fr\/wp-json\/wp\/v2\/types\/product"}],"replies":[{"embeddable":true,"href":"https:\/\/yahyaouishop.com\/fr\/wp-json\/wp\/v2\/comments?post=13584"}],"version-history":[{"count":1,"href":"https:\/\/yahyaouishop.com\/fr\/wp-json\/wp\/v2\/product\/13584\/revisions"}],"predecessor-version":[{"id":16685,"href":"https:\/\/yahyaouishop.com\/fr\/wp-json\/wp\/v2\/product\/13584\/revisions\/16685"}],"wp:featuredmedia":[{"embeddable":true,"href":"https:\/\/yahyaouishop.com\/fr\/wp-json\/wp\/v2\/media\/16684"}],"wp:attachment":[{"href":"https:\/\/yahyaouishop.com\/fr\/wp-json\/wp\/v2\/media?parent=13584"}],"wp:term":[{"taxonomy":"product_brand","embeddable":true,"href":"https:\/\/yahyaouishop.com\/fr\/wp-json\/wp\/v2\/product_brand?post=13584"},{"taxonomy":"product_cat","embeddable":true,"href":"https:\/\/yahyaouishop.com\/fr\/wp-json\/wp\/v2\/product_cat?post=13584"},{"taxonomy":"product_tag","embeddable":true,"href":"https:\/\/yahyaouishop.com\/fr\/wp-json\/wp\/v2\/product_tag?post=13584"}],"curies":[{"name":"wp","href":"https:\/\/api.w.org\/{rel}","templated":true}]}}