{"id":13579,"date":"2023-10-30T19:36:09","date_gmt":"2023-10-30T18:36:09","guid":{"rendered":"https:\/\/yahyaouishop.com\/index.php\/product\/lexar-256gb-professional-3500x-cfast-2-0\/"},"modified":"2026-01-22T10:33:11","modified_gmt":"2026-01-22T09:33:11","slug":"lexar-256gb-professional-3500x-cfast-2-0","status":"publish","type":"product","link":"https:\/\/yahyaouishop.com\/fr\/produit\/lexar-256gb-professional-3500x-cfast-2-0\/","title":{"rendered":"Lexar 256GB Professional 3500x CFast 2.0"},"content":{"rendered":"<p>Capturez facilement du contenu 4K \u00e0 l&#8217;aide de la carte m\u00e9moire professionnelle 3500x CFast 2.0 de 256 Go de Lexar. Cette carte m\u00e9moire CFast 2.0 offre une grande capacit\u00e9 de stockage ainsi que des vitesses de lecture de donn\u00e9es allant jusqu&#8217;\u00e0 525 Mo\/s et des vitesses d&#8217;\u00e9criture allant jusqu&#8217;\u00e0 445 Mo\/s vous permettant non seulement d&#8217;enregistrer du contenu 4K, mais \u00e9galement de capturer facilement des contenus RAW, ProRes et d&#8217;autres types de contenu. Inclus avec cette carte est le logiciel t\u00e9l\u00e9chargeable de r\u00e9cup\u00e9ration de fichiers, Image Rescue, qui facilite la r\u00e9cup\u00e9ration de la plupart des fichiers photo et vid\u00e9o en cas de corruption ou de suppression accidentelle.<\/p>","protected":false},"excerpt":{"rendered":"<p>Capturez facilement du contenu 4K \u00e0 l&#8217;aide de la carte m\u00e9moire professionnelle 3500x CFast 2.0 de 256 Go de Lexar.<\/p>","protected":false},"featured_media":14613,"comment_status":"open","ping_status":"closed","template":"","meta":[],"product_brand":[455],"product_cat":[204,135,126],"product_tag":[449],"class_list":{"0":"post-13579","1":"product","2":"type-product","3":"status-publish","4":"has-post-thumbnail","6":"product_brand-yahyaoui-shop","7":"product_cat-cartes-memoires","8":"product_cat-stockage","9":"product_cat-produits-divers","10":"product_tag-yahyaoui-shop","12":"first","13":"outofstock","14":"taxable","15":"shipping-taxable","16":"purchasable","17":"product-type-simple"},"jetpack_sharing_enabled":true,"_links":{"self":[{"href":"https:\/\/yahyaouishop.com\/fr\/wp-json\/wp\/v2\/product\/13579","targetHints":{"allow":["GET"]}}],"collection":[{"href":"https:\/\/yahyaouishop.com\/fr\/wp-json\/wp\/v2\/product"}],"about":[{"href":"https:\/\/yahyaouishop.com\/fr\/wp-json\/wp\/v2\/types\/product"}],"replies":[{"embeddable":true,"href":"https:\/\/yahyaouishop.com\/fr\/wp-json\/wp\/v2\/comments?post=13579"}],"version-history":[{"count":1,"href":"https:\/\/yahyaouishop.com\/fr\/wp-json\/wp\/v2\/product\/13579\/revisions"}],"predecessor-version":[{"id":21189,"href":"https:\/\/yahyaouishop.com\/fr\/wp-json\/wp\/v2\/product\/13579\/revisions\/21189"}],"wp:featuredmedia":[{"embeddable":true,"href":"https:\/\/yahyaouishop.com\/fr\/wp-json\/wp\/v2\/media\/14613"}],"wp:attachment":[{"href":"https:\/\/yahyaouishop.com\/fr\/wp-json\/wp\/v2\/media?parent=13579"}],"wp:term":[{"taxonomy":"product_brand","embeddable":true,"href":"https:\/\/yahyaouishop.com\/fr\/wp-json\/wp\/v2\/product_brand?post=13579"},{"taxonomy":"product_cat","embeddable":true,"href":"https:\/\/yahyaouishop.com\/fr\/wp-json\/wp\/v2\/product_cat?post=13579"},{"taxonomy":"product_tag","embeddable":true,"href":"https:\/\/yahyaouishop.com\/fr\/wp-json\/wp\/v2\/product_tag?post=13579"}],"curies":[{"name":"wp","href":"https:\/\/api.w.org\/{rel}","templated":true}]}}