{"id":13549,"date":"2023-10-30T19:35:49","date_gmt":"2023-10-30T18:35:49","guid":{"rendered":"https:\/\/yahyaouishop.com\/index.php\/product\/kit-de-nettoyage-professionnel-canon\/"},"modified":"2025-12-11T10:45:13","modified_gmt":"2025-12-11T09:45:13","slug":"kit-de-nettoyage-professionnel-canon","status":"publish","type":"product","link":"https:\/\/yahyaouishop.com\/fr\/produit\/kit-de-nettoyage-professionnel-canon\/","title":{"rendered":"kit de nettoyage professionnel Canon 7in1"},"content":{"rendered":"<p>Ce kit de nettoyage pour Canon est parfait pour garder les objectifs \u00e0 l&#8217;abri de la poussi\u00e8re et de la salet\u00e9 au quotidien, et pour \u00e9liminer les taches difficiles sur les surfaces des objectifs.<br data-mce-fragment=\"1\">Complet avec une brosse r\u00e9tractable douce, un liquide de nettoyage d&#8217;objectif, un chiffon en microfibre, des mouchoirs pour objectif et un \u00e9tui en plastique robuste, ce kit est id\u00e9al pour tous ceux qui ont besoin d&#8217;une solution de nettoyage d&#8217;objectif pratique qui tient confortablement dans n&#8217;importe quel sac d&#8217;appareil photo ou poche de manteau.<\/p>","protected":false},"excerpt":{"rendered":"<p>Ce kit de nettoyage pour Canon est parfait pour garder les objectifs \u00e0 l&#8217;abri de la poussi\u00e8re et de la<\/p>","protected":false},"featured_media":14569,"comment_status":"open","ping_status":"closed","template":"","meta":[],"product_brand":[453],"product_cat":[157,126],"product_tag":[221],"class_list":{"0":"post-13549","1":"product","2":"type-product","3":"status-publish","4":"has-post-thumbnail","6":"product_brand-canon","7":"product_cat-bouchons-et-paresoleils","8":"product_cat-produits-divers","9":"product_tag-brand-canon","11":"first","12":"outofstock","13":"taxable","14":"shipping-taxable","15":"purchasable","16":"product-type-simple"},"jetpack_sharing_enabled":true,"_links":{"self":[{"href":"https:\/\/yahyaouishop.com\/fr\/wp-json\/wp\/v2\/product\/13549","targetHints":{"allow":["GET"]}}],"collection":[{"href":"https:\/\/yahyaouishop.com\/fr\/wp-json\/wp\/v2\/product"}],"about":[{"href":"https:\/\/yahyaouishop.com\/fr\/wp-json\/wp\/v2\/types\/product"}],"replies":[{"embeddable":true,"href":"https:\/\/yahyaouishop.com\/fr\/wp-json\/wp\/v2\/comments?post=13549"}],"version-history":[{"count":1,"href":"https:\/\/yahyaouishop.com\/fr\/wp-json\/wp\/v2\/product\/13549\/revisions"}],"predecessor-version":[{"id":23505,"href":"https:\/\/yahyaouishop.com\/fr\/wp-json\/wp\/v2\/product\/13549\/revisions\/23505"}],"wp:featuredmedia":[{"embeddable":true,"href":"https:\/\/yahyaouishop.com\/fr\/wp-json\/wp\/v2\/media\/14569"}],"wp:attachment":[{"href":"https:\/\/yahyaouishop.com\/fr\/wp-json\/wp\/v2\/media?parent=13549"}],"wp:term":[{"taxonomy":"product_brand","embeddable":true,"href":"https:\/\/yahyaouishop.com\/fr\/wp-json\/wp\/v2\/product_brand?post=13549"},{"taxonomy":"product_cat","embeddable":true,"href":"https:\/\/yahyaouishop.com\/fr\/wp-json\/wp\/v2\/product_cat?post=13549"},{"taxonomy":"product_tag","embeddable":true,"href":"https:\/\/yahyaouishop.com\/fr\/wp-json\/wp\/v2\/product_tag?post=13549"}],"curies":[{"name":"wp","href":"https:\/\/api.w.org\/{rel}","templated":true}]}}