{"id":13545,"date":"2023-10-30T19:35:47","date_gmt":"2023-10-30T18:35:47","guid":{"rendered":"https:\/\/yahyaouishop.com\/index.php\/product\/kit-de-cage-dappareil-photo-avec-matte-box-et-follow-focus-pour-sony-serie-a7\/"},"modified":"2025-12-11T10:44:55","modified_gmt":"2025-12-11T09:44:55","slug":"kit-de-matte-box-et-follow-focus-pour-sony-serie-a7","status":"publish","type":"product","link":"https:\/\/yahyaouishop.com\/fr\/produit\/kit-de-matte-box-et-follow-focus-pour-sony-serie-a7\/","title":{"rendered":"Kit de Matte Box et Follow Focus pour Sony s\u00e9rie a7"},"content":{"rendered":"<p>Le <strong>Kit de Matte Box et Follow Focus pour Sony s\u00e9rie a7<\/strong> est l&#8217;accessoire ultime pour les vid\u00e9astes professionnels et amateurs exigeants. Con\u00e7u pour am\u00e9liorer la qualit\u00e9 de vos prises de vue, ce kit offre des fonctionnalit\u00e9s avanc\u00e9es pour une exp\u00e9rience de tournage exceptionnelle. La <strong>Camera Cage<\/strong> en alliage d&#8217;aluminium \u00e0 haute r\u00e9sistance offre une robustesse et une flexibilit\u00e9 in\u00e9gal\u00e9es. Elle comprend une poign\u00e9e ajustable avec interface de chaussures froides et une vari\u00e9t\u00e9 d&#8217;interfaces \u00e0 vis pour connecter divers appareils. La plaque de d\u00e9gagement rapide et le compartiment de batterie non obstru\u00e9 facilitent l&#8217;utilisation. La cage est compatible avec les mod\u00e8les A7, A7K, A7II, A7III, A7SII, A7RII et autres appareils similaires.<\/p>\n<p>Le Kit de Matte Box et Follow Focus pour Sony s\u00e9rie a7\u00a0r\u00e9duit les reflets ind\u00e9sirables gr\u00e2ce \u00e0 ses drapeaux lat\u00e9raux amovibles et fonctionne avec des syst\u00e8mes de support de tige de rail standard de 15 mm. Il s&#8217;adapte aux objectifs de 43 mm \u00e0 77 mm. Le <strong>Follow Focus<\/strong> r\u00e9glable, compatible avec tous les appareils photo reflex num\u00e9riques et cam\u00e9ras, offre un syst\u00e8me de verrouillage ajustable pour un contr\u00f4le pr\u00e9cis de la mise au point. Avec ce <strong>Kit de Matte Box et Follow Focus pour Sony s\u00e9rie a7<\/strong>, vous obtenez une configuration professionnelle pour des vid\u00e9os de qualit\u00e9 sup\u00e9rieure.<\/p>\n<p><b style=\"margin: 0px;padding: 0px;border: 0px;font-style: normal;font-weight: bold;font-size: 16px;line-height: inherit;font-family: Lato, sans-serif;vertical-align: baseline;color: #000000;letter-spacing: normal;text-align: start;text-indent: 0px;text-transform: none;background-color: #ffffff\">&#8211; Camera Cage &#8211;<\/b><\/p>\n<p>\u2022 Mat\u00e9riau en alliage d&#8217;aluminium \u00e0 haute r\u00e9sistance<\/p>\n<p>\u2022 La poign\u00e9e a une interface de chaussures froides, peut connecter un autre appareil photographique<\/p>\n<p>\u2022 La poign\u00e9e peut \u00eatre d\u00e9plac\u00e9e d&#8217;avant en arri\u00e8re pour r\u00e9gler le centre de gravit\u00e9<\/p>\n<p>\u2022 La cage a une vari\u00e9t\u00e9 d&#8217;interfaces \u00e0 vis pour connecter l&#8217;appareil d&#8217;un autre appareil photo<\/p>\n<p>\u2022 La plaque de d\u00e9gagement rapide peut \u00eatre install\u00e9e rapidement, avec un bouton serr\u00e9 et le compartiment de la batterie n&#8217;est pas obstru\u00e9<\/p>\n<p>\u2022 Ajustez le cath\u00e9ter pour soutenir le corps lorsqu&#8217;il est utilis\u00e9 \u00e0 la main avec un objectif \u00e0 zoom long, r\u00e9alisez une fixation en trois points pour rendre la prise de vue plus facile et plus stable<\/p>\n<p>\u2022 Il peut \u00eatre utilis\u00e9 avec le suivi de la mise au point, le microphone radio et le moniteur externe pour vous offrir une exp\u00e9rience de prise de vue professionnelle<\/p>\n<p>\u2022 Le fond des cages est con\u00e7u avec une t\u00eate de tr\u00e9pied standard internationale universelle de 38\u00a0mm, qui peut \u00eatre mont\u00e9e directement sur un tr\u00e9pied de t\u00eate de 38\u00a0mm<\/p>\n<p>\u2022 Mod\u00e8les applicables\u00a0: s\u00e9ries A7, A7K, A7II, A7III, A7SII, A7RII, A7X et autres appareils photo reflex num\u00e9riques de taille similaire \u00e0 ceux-ci<\/p>\n<p><b style=\"margin: 0px;padding: 0px;border: 0px;font-style: normal;font-weight: bold;font-size: 16px;line-height: inherit;font-family: Lato, sans-serif;vertical-align: baseline;color: #000000;letter-spacing: normal;text-align: start;text-indent: 0px;text-transform: none;background-color: #ffffff\">&#8211; Matte Box &#8211;<\/b><\/p>\n<p>\u2022 Les drapeaux offrent une r\u00e9duction suppl\u00e9mentaire des reflets et am\u00e9liorent la qualit\u00e9 des vid\u00e9os. Les drapeaux lat\u00e9raux peuvent \u00eatre retir\u00e9s rapidement et \u00eatre attach\u00e9s ou d\u00e9tach\u00e9s facilement<\/p>\n<p>\u2022 Il fonctionne avec les syst\u00e8mes de support de tige de rail standard de 15\u00a0mm et s&#8217;adapte aux objectifs de 43\u00a0mm \u00e0 77\u00a0mm (les autres ne conviennent pas)<\/p>\n<p>\u2022 Le bo\u00eetier matte est con\u00e7u pour la plupart des cam\u00e9ras DV avec des objectifs grand angle<\/p>\n<p><b style=\"margin: 0px;padding: 0px;border: 0px;font-style: normal;font-weight: bold;font-size: 16px;line-height: inherit;font-family: Lato, sans-serif;vertical-align: baseline;color: #000000;letter-spacing: normal;text-align: start;text-indent: 0px;text-transform: none;background-color: #ffffff\">&#8211; Follow Focus &#8211;<\/b><\/p>\n<p>\u2022 Syst\u00e8me de verrouillage r\u00e9glable. Compatible avec tous les appareils photo reflex num\u00e9riques, cam\u00e9ras vid\u00e9o, HDV, DV, sp\u00e9cialement pour les appareils photo HDSLR avec fonction vid\u00e9o. L&#8217;entra\u00eenement par engrenage peut \u00eatre mont\u00e9 de chaque c\u00f4t\u00e9<\/p>","protected":false},"excerpt":{"rendered":"<p>Le <strong>Kit de Matte Box et Follow Focus pour Sony s\u00e9rie a7<\/strong> est con\u00e7u pour les vid\u00e9astes professionnels \u00e0 la recherche de qualit\u00e9 et de pr\u00e9cision. La <strong>Camera Cage<\/strong> en aluminium offre robustesse et flexibilit\u00e9 avec une poign\u00e9e ajustable et une vari\u00e9t\u00e9 d&#8217;interfaces \u00e0 vis. Compatible avec les mod\u00e8les A7, A7K, A7II, A7III, A7SII, A7RII et autres. Le <strong>Matte Box<\/strong> r\u00e9duit les reflets avec ses drapeaux lat\u00e9raux amovibles et s&#8217;adapte aux objectifs de 43 mm \u00e0 77 mm. Le <strong>Follow Focus<\/strong> r\u00e9glable assure un contr\u00f4le pr\u00e9cis de la mise au point. Avec ce Kit de Matte Box et Follow Focus pour Sony s\u00e9rie a7, transformez vos vid\u00e9os en \u0153uvres professionnelles.<\/p>","protected":false},"featured_media":14561,"comment_status":"open","ping_status":"closed","template":"","meta":[],"product_brand":[448],"product_cat":[158,126],"product_tag":[222],"class_list":{"0":"post-13545","1":"product","2":"type-product","3":"status-publish","4":"has-post-thumbnail","6":"product_brand-sony","7":"product_cat-cages","8":"product_cat-produits-divers","9":"product_tag-brand-sony","11":"first","12":"instock","13":"taxable","14":"shipping-taxable","15":"purchasable","16":"product-type-simple"},"jetpack_sharing_enabled":true,"_links":{"self":[{"href":"https:\/\/yahyaouishop.com\/fr\/wp-json\/wp\/v2\/product\/13545","targetHints":{"allow":["GET"]}}],"collection":[{"href":"https:\/\/yahyaouishop.com\/fr\/wp-json\/wp\/v2\/product"}],"about":[{"href":"https:\/\/yahyaouishop.com\/fr\/wp-json\/wp\/v2\/types\/product"}],"replies":[{"embeddable":true,"href":"https:\/\/yahyaouishop.com\/fr\/wp-json\/wp\/v2\/comments?post=13545"}],"version-history":[{"count":4,"href":"https:\/\/yahyaouishop.com\/fr\/wp-json\/wp\/v2\/product\/13545\/revisions"}],"predecessor-version":[{"id":25028,"href":"https:\/\/yahyaouishop.com\/fr\/wp-json\/wp\/v2\/product\/13545\/revisions\/25028"}],"wp:featuredmedia":[{"embeddable":true,"href":"https:\/\/yahyaouishop.com\/fr\/wp-json\/wp\/v2\/media\/14561"}],"wp:attachment":[{"href":"https:\/\/yahyaouishop.com\/fr\/wp-json\/wp\/v2\/media?parent=13545"}],"wp:term":[{"taxonomy":"product_brand","embeddable":true,"href":"https:\/\/yahyaouishop.com\/fr\/wp-json\/wp\/v2\/product_brand?post=13545"},{"taxonomy":"product_cat","embeddable":true,"href":"https:\/\/yahyaouishop.com\/fr\/wp-json\/wp\/v2\/product_cat?post=13545"},{"taxonomy":"product_tag","embeddable":true,"href":"https:\/\/yahyaouishop.com\/fr\/wp-json\/wp\/v2\/product_tag?post=13545"}],"curies":[{"name":"wp","href":"https:\/\/api.w.org\/{rel}","templated":true}]}}