{"id":13527,"date":"2023-10-30T19:35:37","date_gmt":"2023-10-30T18:35:37","guid":{"rendered":"https:\/\/yahyaouishop.com\/index.php\/product\/jmary-mt-49\/"},"modified":"2025-10-01T01:06:01","modified_gmt":"2025-10-01T00:06:01","slug":"jmary-mt-49","status":"publish","type":"product","link":"https:\/\/yahyaouishop.com\/fr\/produit\/jmary-mt-49\/","title":{"rendered":"Jmary MT-49"},"content":{"rendered":"<p>Le pied d&#8217;\u00e9clairage mod\u00e8le Jmary MT-49 a une t\u00eate d&#8217;\u00e9clairage professionnelle standard avec une vis standard pour installer toutes sortes de lumi\u00e8res LED ou m\u00eame une cam\u00e9ra, qui est livr\u00e9e avec une rotule pour obtenir diff\u00e9rents angles et un support mobile avec une chaussure froide. . Ce pied d&#8217;\u00e9clairage a une structure similaire \u00e0 un monopode t\u00e9lescopique en trois parties.<\/p>\n<p><\/p>\n<p>Les parties t\u00e9lescopiques de Jmary MT-49 s&#8217;ouvrent et se ferment au moyen d&#8217;un verrou \u00e0 vis, et sa partie inf\u00e9rieure peut \u00eatre install\u00e9e sur tous les types de bords de table d&#8217;une \u00e9paisseur maximale de 5 cm gr\u00e2ce \u00e0 une pince \u00e0 vis. Le clip de maintien de ce produit a une couche protectrice pour \u00e9viter de blesser la surface de la table. Jmary MT-49 a un corps en <\/p>\n<p>Hauteur minimale de 42,5cm<\/p>\n<p>Hauteur maximale de 98 cm<\/p>\n<p>Poids de 570g<\/p>\n<p>mati\u00e8re en aluminium<\/p>","protected":false},"excerpt":{"rendered":"<p>Le pied d&#8217;\u00e9clairage mod\u00e8le Jmary MT-49 a une t\u00eate d&#8217;\u00e9clairage professionnelle standard avec une vis standard pour installer toutes sortes<\/p>","protected":false},"featured_media":14527,"comment_status":"open","ping_status":"closed","template":"","meta":[],"product_brand":[455],"product_cat":[195,166],"product_tag":[449],"class_list":{"0":"post-13527","1":"product","2":"type-product","3":"status-publish","4":"has-post-thumbnail","6":"product_brand-yahyaoui-shop","7":"product_cat-trepieds","8":"product_cat-eclairages-et-studio","9":"product_tag-yahyaoui-shop","11":"first","12":"instock","13":"taxable","14":"shipping-taxable","15":"purchasable","16":"product-type-simple"},"jetpack_sharing_enabled":true,"_links":{"self":[{"href":"https:\/\/yahyaouishop.com\/fr\/wp-json\/wp\/v2\/product\/13527","targetHints":{"allow":["GET"]}}],"collection":[{"href":"https:\/\/yahyaouishop.com\/fr\/wp-json\/wp\/v2\/product"}],"about":[{"href":"https:\/\/yahyaouishop.com\/fr\/wp-json\/wp\/v2\/types\/product"}],"replies":[{"embeddable":true,"href":"https:\/\/yahyaouishop.com\/fr\/wp-json\/wp\/v2\/comments?post=13527"}],"version-history":[{"count":1,"href":"https:\/\/yahyaouishop.com\/fr\/wp-json\/wp\/v2\/product\/13527\/revisions"}],"predecessor-version":[{"id":21179,"href":"https:\/\/yahyaouishop.com\/fr\/wp-json\/wp\/v2\/product\/13527\/revisions\/21179"}],"wp:featuredmedia":[{"embeddable":true,"href":"https:\/\/yahyaouishop.com\/fr\/wp-json\/wp\/v2\/media\/14527"}],"wp:attachment":[{"href":"https:\/\/yahyaouishop.com\/fr\/wp-json\/wp\/v2\/media?parent=13527"}],"wp:term":[{"taxonomy":"product_brand","embeddable":true,"href":"https:\/\/yahyaouishop.com\/fr\/wp-json\/wp\/v2\/product_brand?post=13527"},{"taxonomy":"product_cat","embeddable":true,"href":"https:\/\/yahyaouishop.com\/fr\/wp-json\/wp\/v2\/product_cat?post=13527"},{"taxonomy":"product_tag","embeddable":true,"href":"https:\/\/yahyaouishop.com\/fr\/wp-json\/wp\/v2\/product_tag?post=13527"}],"curies":[{"name":"wp","href":"https:\/\/api.w.org\/{rel}","templated":true}]}}