{"id":13459,"date":"2023-10-30T19:34:49","date_gmt":"2023-10-30T18:34:49","guid":{"rendered":"https:\/\/yahyaouishop.com\/index.php\/product\/godox-sl200iii-200w\/"},"modified":"2025-10-21T12:47:04","modified_gmt":"2025-10-21T11:47:04","slug":"godox-sl200iii-200w","status":"publish","type":"product","link":"https:\/\/yahyaouishop.com\/fr\/produit\/godox-sl200iii-200w\/","title":{"rendered":"Godox SL200 III Bi &#8211; \u00c9clairage Vid\u00e9o LED"},"content":{"rendered":"<p><strong>Godox SL200III Bi \u2013 Projecteur LED Bicolore 200W<\/strong><\/p>\n<p>Le <strong>Godox SL200III Bi<\/strong> offre une <strong>puissance de 200W<\/strong> avec une <strong>temp\u00e9rature de couleur r\u00e9glable de 2800K \u00e0 6500K<\/strong>. Gr\u00e2ce \u00e0 son <strong>CRI 96+ \/ TLCI 97+<\/strong>, il assure un <strong>rendu des couleurs fid\u00e8le et naturel<\/strong>. Silencieux et puissant, il est parfait pour la <strong>photo, la vid\u00e9o, les interviews ou le streaming<\/strong>.<\/p>\n<p>Compatible avec tous les <strong>accessoires \u00e0 monture Bowens<\/strong> et <strong>contr\u00f4lable via l\u2019application Godox Light<\/strong>.<\/p>","protected":false},"excerpt":{"rendered":"<p>Le Godox SL200 III \u00c9clairage Vid\u00e9o LED est une lampe vid\u00e9o LED professionnelle, offrant une lumi\u00e8re du jour stable \u00e0 5600K avec un indice CRI\/TLCI \u00e9lev\u00e9 de 96\/97 pour une reproduction fid\u00e8le des couleurs. Contr\u00f4lez facilement l&#8217;intensit\u00e9 de 0 \u00e0 100 % localement, via une t\u00e9l\u00e9commande radio ou une application smartphone. \u00c9quip\u00e9 de huit effets sp\u00e9ciaux int\u00e9gr\u00e9s et d&#8217;un joug rotatif \u00e0 360 \u00b0, il permet une flexibilit\u00e9 maximale pour diverses configurations d&#8217;\u00e9clairage. Les ventilateurs silencieux garantissent un fonctionnement discret, id\u00e9al pour les environnements sensibles au bruit. Godox SL200 III \u00c9clairage Vid\u00e9o LED est compatible avec une alimentation multi-tension 100-240 VAC, il est pr\u00eat \u00e0 \u00eatre utilis\u00e9 partout dans le monde pour r\u00e9pondre aux exigences professionnelles les plus strictes.<\/p>","protected":false},"featured_media":23660,"comment_status":"open","ping_status":"closed","template":"","meta":[],"product_brand":[456],"product_cat":[194,166],"product_tag":[229],"class_list":{"0":"post-13459","1":"product","2":"type-product","3":"status-publish","4":"has-post-thumbnail","6":"product_brand-godox","7":"product_cat-torches-video","8":"product_cat-eclairages-et-studio","9":"product_tag-brand-godox","11":"first","12":"instock","13":"purchasable","14":"product-type-simple"},"jetpack_sharing_enabled":true,"_links":{"self":[{"href":"https:\/\/yahyaouishop.com\/fr\/wp-json\/wp\/v2\/product\/13459","targetHints":{"allow":["GET"]}}],"collection":[{"href":"https:\/\/yahyaouishop.com\/fr\/wp-json\/wp\/v2\/product"}],"about":[{"href":"https:\/\/yahyaouishop.com\/fr\/wp-json\/wp\/v2\/types\/product"}],"replies":[{"embeddable":true,"href":"https:\/\/yahyaouishop.com\/fr\/wp-json\/wp\/v2\/comments?post=13459"}],"version-history":[{"count":5,"href":"https:\/\/yahyaouishop.com\/fr\/wp-json\/wp\/v2\/product\/13459\/revisions"}],"predecessor-version":[{"id":23662,"href":"https:\/\/yahyaouishop.com\/fr\/wp-json\/wp\/v2\/product\/13459\/revisions\/23662"}],"wp:featuredmedia":[{"embeddable":true,"href":"https:\/\/yahyaouishop.com\/fr\/wp-json\/wp\/v2\/media\/23660"}],"wp:attachment":[{"href":"https:\/\/yahyaouishop.com\/fr\/wp-json\/wp\/v2\/media?parent=13459"}],"wp:term":[{"taxonomy":"product_brand","embeddable":true,"href":"https:\/\/yahyaouishop.com\/fr\/wp-json\/wp\/v2\/product_brand?post=13459"},{"taxonomy":"product_cat","embeddable":true,"href":"https:\/\/yahyaouishop.com\/fr\/wp-json\/wp\/v2\/product_cat?post=13459"},{"taxonomy":"product_tag","embeddable":true,"href":"https:\/\/yahyaouishop.com\/fr\/wp-json\/wp\/v2\/product_tag?post=13459"}],"curies":[{"name":"wp","href":"https:\/\/api.w.org\/{rel}","templated":true}]}}