{"id":13432,"date":"2023-10-30T19:34:19","date_gmt":"2023-10-30T18:34:19","guid":{"rendered":"https:\/\/yahyaouishop.com\/index.php\/product\/fujifilm-instax-mini-12-blanc\/"},"modified":"2026-04-06T16:37:25","modified_gmt":"2026-04-06T15:37:25","slug":"fujifilm-instax-mini-12-blanc","status":"publish","type":"product","link":"https:\/\/yahyaouishop.com\/fr\/produit\/fujifilm-instax-mini-12-blanc\/","title":{"rendered":"Fujifilm Instax mini 12 Blanc"},"content":{"rendered":"<p class=\"h2-master\"><span style=\"color: #333333;font-size: 16px\">Le <\/span><strong style=\"color: #333333;font-size: 16px\">Fujifilm Instax mini 12 Blanc<\/strong><span style=\"color: #333333;font-size: 16px\"> incarne la fusion parfaite entre esth\u00e9tique ludique et performances de pointe, offrant une exp\u00e9rience photographique instantan\u00e9e empreinte de joie et de cr\u00e9ativit\u00e9. Son design tout en rondeur captivante attire le regard et \u00e9voque un sentiment de plaisir \u00e0 chaque instant captur\u00e9. Dot\u00e9 des fonctionnalit\u00e9s cl\u00e9s du c\u00e9l\u00e8bre Instax mini 11, telles que le mode &#8220;Close-Up\/Selfie&#8221; et l&#8217;exposition automatique, le mini 12 introduit \u00e9galement une nouvelle fonction de correction de parallaxe. Cette innovation aligne le viseur de l&#8217;appareil photo avec l&#8217;objectif, garantissant des clich\u00e9s parfaitement centr\u00e9s, m\u00eame en mode &#8220;Close-Up&#8221;.<\/span><\/p>\n<div class=\"flex flex-grow flex-col max-w-full\">\n<div class=\"min-h-[20px] text-message flex flex-col items-start whitespace-pre-wrap break-words [.text-message+&amp;]:mt-5 juice:w-full juice:items-end overflow-x-auto gap-2\" dir=\"auto\" data-message-author-role=\"assistant\" data-message-id=\"0dfa2cbd-3eff-445b-9a13-91ad3565c870\">\n<div class=\"flex w-full flex-col gap-1 juice:empty:hidden juice:first:pt-[3px]\">\n<div class=\"markdown prose w-full break-words dark:prose-invert light\">\n<p>Le <strong>Fujifilm Instax mini 12 Blanc<\/strong> est un appareil photo instantan\u00e9 compact qui offre une qualit\u00e9 d&#8217;image exceptionnelle gr\u00e2ce \u00e0 son objectif compos\u00e9 de 2 composants et 2 \u00e9l\u00e9ments, avec une focale de 60mm et une ouverture de f\/12.7. Son viseur \u00e0 image r\u00e9elle avec une mire de vis\u00e9e facilite le cadrage pr\u00e9cis, tandis que ses photos au format &#8220;carte de cr\u00e9dit&#8221; de 62 x 46 mm capturent chaque moment avec une clart\u00e9 saisissante. Gr\u00e2ce au contr\u00f4le de l&#8217;exposition automatique et au flash haute performance, vous pouvez capturer des images \u00e9clatantes dans toutes les conditions d&#8217;\u00e9clairage.<\/p>\n<p>La conception compacte et l\u00e9g\u00e8re du <strong>Fujifilm Instax mini 12 Blanc<\/strong> en fait le compagnon id\u00e9al pour toutes vos aventures. Son miroir Selfie int\u00e9gr\u00e9 vous permet de prendre des autoportraits avec aisance, tandis que sa distance minimale de prise de vue de 0,3 m\u00e8tre vous permet de capturer des d\u00e9tails \u00e9poustouflants de pr\u00e8s. Avec un obturateur \u00e9lectronique r\u00e9glable de 1\/2 \u00e0 1\/250s et une synchronisation lente pour les environnements peu \u00e9clair\u00e9s, cet appareil offre une flexibilit\u00e9 exceptionnelle pour exprimer votre cr\u00e9ativit\u00e9 \u00e0 chaque instant.<\/p>\n<p>Dot\u00e9 d&#8217;une autonomie de 10 packs de 10 vues, le <strong>Fujifilm Instax mini 12 Blanc<\/strong> vous permet de capturer et de partager des souvenirs inoubliables sans avoir \u00e0 vous soucier de manquer de batterie. Compatible avec les films instax mini, cet appareil vous offre une multitude d&#8217;options pour immortaliser vos moments pr\u00e9cieux et les partager instantan\u00e9ment avec vos proches.<\/p>\n<p>Que ce soit pour des escapades urbaines, des voyages en plein air ou des moments de d\u00e9tente \u00e0 la maison, le <strong>Fujifilm Instax mini 12 Blanc<\/strong> vous permet de capturer l&#8217;instant avec style et spontan\u00e9it\u00e9, ajoutant une touche de magie \u00e0 chaque photo.<\/p>\n<\/div>\n<\/div>\n<\/div>\n<\/div>\n<div class=\"mt-1 flex gap-3 empty:hidden juice:-ml-3\">\n<div class=\"items-center justify-start rounded-xl p-1 flex\">\n<div class=\"flex items-center\">\n<div class=\"flex\"><\/div>\n<div class=\"flex items-center pb-0.5 juice:pb-0\">\n<div class=\"[&amp;_svg]:h-full [&amp;_svg]:w-full icon-md h-4 w-4\"><span style=\"color: #1b1919;font-size: 18px\">CARACT\u00c9RISTIQUES PRINCIPALES :<\/span><\/div>\n<\/div>\n<\/div>\n<\/div>\n<\/div>\n<ul>\n<li><strong>Appareil photo instantan\u00e9 compact<\/strong><\/li>\n<li>Objectif : 2 composants, 2 \u00e9l\u00e9ments, f = 60mm, 1:12.7<\/li>\n<li>Viseur \u00e0 image r\u00e9elle, 0.37x, avec mire de vis\u00e9e<\/li>\n<li>Photos au format &#8220;carte de cr\u00e9dit&#8221; : 62 x 46 mm<\/li>\n<li><b>Contr\u00f4le de l&#8217;exposition automatique<\/b><\/li>\n<li><strong>Miroir Selfie<\/strong>\u00a0: cadrage facilit\u00e9 gr\u00e2ce au miroir \u00e0 c\u00f4t\u00e9 de l&#8217;objectif<\/li>\n<li>Distance minimale de prise de vue : 0,3m et au-del\u00e0 (utilisez le mode Close-up pour 0,3m \u00e0 0,5m)<\/li>\n<li>Obturateur \u00e9lectronique de 1\/2 \u00e0 1\/250s, Synchronisation lente pour basse lumi\u00e8re<\/li>\n<li>Flash haute performance<\/li>\n<li>Conception compacte et l\u00e9g\u00e8re : facile \u00e0 emporter partout<\/li>\n<li>Autonomie : 10 packs de 10 vues<\/li>\n<li>Compatible avec les films instax mini<\/li>\n<\/ul>\n<p>&nbsp;<\/p>","protected":false},"excerpt":{"rendered":"<p>Le <strong>Fujifilm Instax mini 12 Blanc<\/strong> incarne l&#8217;alliance parfaite entre design ludique et performances de pointe. Avec son esth\u00e9tique tout en rondeur et ses fonctionnalit\u00e9s avanc\u00e9es, cet appareil photo instantan\u00e9 capture chaque moment avec \u00e9clat. Dot\u00e9 d&#8217;un objectif de haute qualit\u00e9, d&#8217;un contr\u00f4le d&#8217;exposition automatique et d&#8217;un flash performant, il garantit des images nettes et lumineuses dans toutes les conditions. Compact et l\u00e9ger, avec une autonomie de 10 packs de 10 vues, il est le compagnon id\u00e9al pour immortaliser vos aventures et partager des souvenirs instantan\u00e9s avec style.<\/p>","protected":false},"featured_media":14307,"comment_status":"open","ping_status":"closed","template":"","meta":[],"product_brand":[483],"product_cat":[161,170],"product_tag":[226],"class_list":{"0":"post-13432","1":"product","2":"type-product","3":"status-publish","4":"has-post-thumbnail","6":"product_brand-fujifilm","7":"product_cat-cameras","8":"product_cat-fujifilm","9":"product_tag-brand-fujifilm","11":"first","12":"instock","13":"sale","14":"purchasable","15":"product-type-simple"},"jetpack_sharing_enabled":true,"_links":{"self":[{"href":"https:\/\/yahyaouishop.com\/fr\/wp-json\/wp\/v2\/product\/13432","targetHints":{"allow":["GET"]}}],"collection":[{"href":"https:\/\/yahyaouishop.com\/fr\/wp-json\/wp\/v2\/product"}],"about":[{"href":"https:\/\/yahyaouishop.com\/fr\/wp-json\/wp\/v2\/types\/product"}],"replies":[{"embeddable":true,"href":"https:\/\/yahyaouishop.com\/fr\/wp-json\/wp\/v2\/comments?post=13432"}],"version-history":[{"count":4,"href":"https:\/\/yahyaouishop.com\/fr\/wp-json\/wp\/v2\/product\/13432\/revisions"}],"predecessor-version":[{"id":23090,"href":"https:\/\/yahyaouishop.com\/fr\/wp-json\/wp\/v2\/product\/13432\/revisions\/23090"}],"wp:featuredmedia":[{"embeddable":true,"href":"https:\/\/yahyaouishop.com\/fr\/wp-json\/wp\/v2\/media\/14307"}],"wp:attachment":[{"href":"https:\/\/yahyaouishop.com\/fr\/wp-json\/wp\/v2\/media?parent=13432"}],"wp:term":[{"taxonomy":"product_brand","embeddable":true,"href":"https:\/\/yahyaouishop.com\/fr\/wp-json\/wp\/v2\/product_brand?post=13432"},{"taxonomy":"product_cat","embeddable":true,"href":"https:\/\/yahyaouishop.com\/fr\/wp-json\/wp\/v2\/product_cat?post=13432"},{"taxonomy":"product_tag","embeddable":true,"href":"https:\/\/yahyaouishop.com\/fr\/wp-json\/wp\/v2\/product_tag?post=13432"}],"curies":[{"name":"wp","href":"https:\/\/api.w.org\/{rel}","templated":true}]}}