{"id":13409,"date":"2023-10-30T19:32:42","date_gmt":"2023-10-30T18:32:42","guid":{"rendered":"https:\/\/yahyaouishop.com\/index.php\/product\/fond-papier-gris-dark-rouleau-2-72x11m\/"},"modified":"2026-01-07T23:23:03","modified_gmt":"2026-01-07T22:23:03","slug":"fond-papier-gris-dark-rouleau-2-72x11m","status":"publish","type":"product","link":"https:\/\/yahyaouishop.com\/fr\/produit\/fond-papier-gris-dark-rouleau-2-72x11m\/","title":{"rendered":"Fond papier gris ( DARK ) &#8211; Rouleau 2.72x11m"},"content":{"rendered":"<p data-mce-fragment=\"1\">Les fonds en papier sp\u00e9cial offrent une surface non r\u00e9fl\u00e9chissante de haute qualit\u00e9 avec une finition fine id\u00e9ale pour cr\u00e9er des arri\u00e8re-plans lisses et uniformes. Nous les conseillons pour les portraits, la photographie commerciale, la photographie de produits (packshots), la vid\u00e9o et bien plus encore.<\/p>\n<p data-mce-fragment=\"1\">La gamme s\u2019\u00e9tend sur 55 couleurs en rouleaux de 1,35 x 11 m ou 2,72 x 11 m.<\/p>\n<p data-mce-fragment=\"1\">Conditionn\u00e9 dans un carton, le rouleau est prot\u00e9g\u00e9 par un film plastique.<\/p>","protected":false},"excerpt":{"rendered":"<p>Les fonds en papier sp\u00e9cial offrent une surface non r\u00e9fl\u00e9chissante de haute qualit\u00e9 avec une finition fine id\u00e9ale pour cr\u00e9er<\/p>","protected":false},"featured_media":14270,"comment_status":"open","ping_status":"closed","template":"","meta":[],"product_brand":[455],"product_cat":[169,166],"product_tag":[449],"class_list":{"0":"post-13409","1":"product","2":"type-product","3":"status-publish","4":"has-post-thumbnail","6":"product_brand-yahyaoui-shop","7":"product_cat-fonds-et-supports","8":"product_cat-eclairages-et-studio","9":"product_tag-yahyaoui-shop","11":"first","12":"instock","13":"sale","14":"purchasable","15":"product-type-simple"},"jetpack_sharing_enabled":true,"_links":{"self":[{"href":"https:\/\/yahyaouishop.com\/fr\/wp-json\/wp\/v2\/product\/13409","targetHints":{"allow":["GET"]}}],"collection":[{"href":"https:\/\/yahyaouishop.com\/fr\/wp-json\/wp\/v2\/product"}],"about":[{"href":"https:\/\/yahyaouishop.com\/fr\/wp-json\/wp\/v2\/types\/product"}],"replies":[{"embeddable":true,"href":"https:\/\/yahyaouishop.com\/fr\/wp-json\/wp\/v2\/comments?post=13409"}],"version-history":[{"count":1,"href":"https:\/\/yahyaouishop.com\/fr\/wp-json\/wp\/v2\/product\/13409\/revisions"}],"predecessor-version":[{"id":23491,"href":"https:\/\/yahyaouishop.com\/fr\/wp-json\/wp\/v2\/product\/13409\/revisions\/23491"}],"wp:featuredmedia":[{"embeddable":true,"href":"https:\/\/yahyaouishop.com\/fr\/wp-json\/wp\/v2\/media\/14270"}],"wp:attachment":[{"href":"https:\/\/yahyaouishop.com\/fr\/wp-json\/wp\/v2\/media?parent=13409"}],"wp:term":[{"taxonomy":"product_brand","embeddable":true,"href":"https:\/\/yahyaouishop.com\/fr\/wp-json\/wp\/v2\/product_brand?post=13409"},{"taxonomy":"product_cat","embeddable":true,"href":"https:\/\/yahyaouishop.com\/fr\/wp-json\/wp\/v2\/product_cat?post=13409"},{"taxonomy":"product_tag","embeddable":true,"href":"https:\/\/yahyaouishop.com\/fr\/wp-json\/wp\/v2\/product_tag?post=13409"}],"curies":[{"name":"wp","href":"https:\/\/api.w.org\/{rel}","templated":true}]}}