{"id":13405,"date":"2023-10-30T19:32:40","date_gmt":"2023-10-30T18:32:40","guid":{"rendered":"https:\/\/yahyaouishop.com\/index.php\/product\/fond-en-papier-differentes-couleurs-3-10m\/"},"modified":"2025-12-01T12:41:18","modified_gmt":"2025-12-01T11:41:18","slug":"fond-en-papier-differentes-couleurs-3-10m","status":"publish","type":"product","link":"https:\/\/yahyaouishop.com\/fr\/produit\/fond-en-papier-differentes-couleurs-3-10m\/","title":{"rendered":"Fond papier blanc &#8211; Rouleau 2.72x11m"},"content":{"rendered":"<p><span data-mce-fragment=\"1\">Les fonds en papier sp\u00e9cial offrent une surface non r\u00e9fl\u00e9chissante de haute qualit\u00e9 avec une finition fine id\u00e9ale pour cr\u00e9er des arri\u00e8re-plans lisses et uniformes. Nous les conseillons pour les portraits, la photographie commerciale, la photographie de produits (packshots), la vid\u00e9o et bien plus encore.<\/span><\/p>\n<p>\u00a0<\/p>","protected":false},"excerpt":{"rendered":"<p>Les fonds en papier sp\u00e9cial offrent une surface non r\u00e9fl\u00e9chissante de haute qualit\u00e9 avec une finition fine id\u00e9ale pour cr\u00e9er<\/p>","protected":false},"featured_media":14262,"comment_status":"open","ping_status":"closed","template":"","meta":[],"product_brand":[455],"product_cat":[169,166],"product_tag":[449],"class_list":{"0":"post-13405","1":"product","2":"type-product","3":"status-publish","4":"has-post-thumbnail","6":"product_brand-yahyaoui-shop","7":"product_cat-fonds-et-supports","8":"product_cat-eclairages-et-studio","9":"product_tag-yahyaoui-shop","11":"first","12":"outofstock","13":"sale","14":"purchasable","15":"product-type-simple"},"jetpack_sharing_enabled":true,"_links":{"self":[{"href":"https:\/\/yahyaouishop.com\/fr\/wp-json\/wp\/v2\/product\/13405","targetHints":{"allow":["GET"]}}],"collection":[{"href":"https:\/\/yahyaouishop.com\/fr\/wp-json\/wp\/v2\/product"}],"about":[{"href":"https:\/\/yahyaouishop.com\/fr\/wp-json\/wp\/v2\/types\/product"}],"replies":[{"embeddable":true,"href":"https:\/\/yahyaouishop.com\/fr\/wp-json\/wp\/v2\/comments?post=13405"}],"version-history":[{"count":1,"href":"https:\/\/yahyaouishop.com\/fr\/wp-json\/wp\/v2\/product\/13405\/revisions"}],"predecessor-version":[{"id":23488,"href":"https:\/\/yahyaouishop.com\/fr\/wp-json\/wp\/v2\/product\/13405\/revisions\/23488"}],"wp:featuredmedia":[{"embeddable":true,"href":"https:\/\/yahyaouishop.com\/fr\/wp-json\/wp\/v2\/media\/14262"}],"wp:attachment":[{"href":"https:\/\/yahyaouishop.com\/fr\/wp-json\/wp\/v2\/media?parent=13405"}],"wp:term":[{"taxonomy":"product_brand","embeddable":true,"href":"https:\/\/yahyaouishop.com\/fr\/wp-json\/wp\/v2\/product_brand?post=13405"},{"taxonomy":"product_cat","embeddable":true,"href":"https:\/\/yahyaouishop.com\/fr\/wp-json\/wp\/v2\/product_cat?post=13405"},{"taxonomy":"product_tag","embeddable":true,"href":"https:\/\/yahyaouishop.com\/fr\/wp-json\/wp\/v2\/product_tag?post=13405"}],"curies":[{"name":"wp","href":"https:\/\/api.w.org\/{rel}","templated":true}]}}