{"id":13402,"date":"2023-10-30T19:32:37","date_gmt":"2023-10-30T18:32:37","guid":{"rendered":"https:\/\/yahyaouishop.com\/index.php\/product\/focusrite-scarlett-solo-v3\/"},"modified":"2026-01-27T12:48:14","modified_gmt":"2026-01-27T11:48:14","slug":"focusrite-scarlett-solo-v3","status":"publish","type":"product","link":"https:\/\/yahyaouishop.com\/fr\/produit\/focusrite-scarlett-solo-v3\/","title":{"rendered":"FOCUSRITE SCARLETT SOLO V3"},"content":{"rendered":"<p>La <strong>Focusrite Scarlett Solo V3<\/strong> est la solution parfaite pour les musiciens et les cr\u00e9ateurs de contenu qui cherchent \u00e0 enregistrer leur guitare et leur voix avec une qualit\u00e9 professionnelle. Cette interface audio USB, la plus simple de la gamme, est con\u00e7ue pour ceux qui d\u00e9butent dans l&#8217;enregistrement audio et souhaitent obtenir des r\u00e9sultats exceptionnels sans complications.<\/p>\n<p>La <strong>Focusrite Scarlett Solo V3<\/strong> est dot\u00e9e du meilleur pr\u00e9ampli micro jamais con\u00e7u par Scarlett, d\u00e9sormais \u00e9quip\u00e9 du mode Air. Ce mode permet de capturer votre guitare et votre voix avec une clart\u00e9 et une pr\u00e9cision in\u00e9gal\u00e9es, ajoutant une touche brillante et ouverte \u00e0 vos enregistrements. Que vous soyez en studio ou en d\u00e9placement, cette interface assure des performances de haut niveau gr\u00e2ce \u00e0 ses convertisseurs hautes performances, qui garantissent une qualit\u00e9 sonore de studio.<\/p>\n<p>Avec une entr\u00e9e instrument \u00e0 haute r\u00e9serve de gain, la <strong>Focusrite Scarlett Solo V3<\/strong> est id\u00e9ale pour brancher directement votre guitare ou votre basse. Cette caract\u00e9ristique permet de g\u00e9rer facilement les signaux les plus puissants sans distorsion, offrant une flexibilit\u00e9 accrue pour tous vos enregistrements.<\/p>\n<p>L&#8217;un des points forts de la <strong>Focusrite Scarlett Solo V3<\/strong> est l&#8217;outil Easy Start, con\u00e7u pour vous permettre de prendre en main votre interface plus rapidement que jamais. Que vous soyez un d\u00e9butant complet ou un utilisateur exp\u00e9riment\u00e9, cet outil simplifie le processus de configuration, vous permettant de vous concentrer sur ce qui compte vraiment : la cr\u00e9ation de musique.<\/p>\n<p>En outre, la <strong>Focusrite Scarlett Solo V3<\/strong> est ultra-portable, vous permettant d&#8217;enregistrer, de mixer et d&#8217;\u00e9couter de la musique avec une qualit\u00e9 studio o\u00f9 que vous soyez. Son design compact et robuste en fait un compagnon de voyage id\u00e9al pour les musiciens en d\u00e9placement.<\/p>\n<p>En r\u00e9sum\u00e9, la <strong>Focusrite Scarlett Solo V3<\/strong> est une interface audio USB de choix pour tous ceux qui souhaitent enregistrer leur guitare et leur voix avec une qualit\u00e9 professionnelle. Avec son pr\u00e9ampli micro exceptionnel, son entr\u00e9e instrument \u00e0 haute r\u00e9serve de gain, ses convertisseurs hautes performances, et son outil Easy Start, elle offre tout ce dont vous avez besoin pour commencer \u00e0 enregistrer rapidement et facilement.<\/p>\n<p>&nbsp;<\/p>\n<p>&nbsp;<\/p>","protected":false},"excerpt":{"rendered":"<p>La <strong>Focusrite Scarlett Solo V3<\/strong> est l&#8217;interface audio USB id\u00e9ale pour enregistrer votre guitare et votre voix avec une qualit\u00e9 professionnelle. \u00c9quip\u00e9e du meilleur pr\u00e9ampli micro de la gamme Scarlett avec le mode Air, elle capture des enregistrements clairs et pr\u00e9cis. Son entr\u00e9e instrument \u00e0 haute r\u00e9serve de gain et ses convertisseurs hautes performances garantissent une qualit\u00e9 sonore de studio. Gr\u00e2ce \u00e0 l&#8217;outil Easy Start, prenez en main la Focusrite Scarlett Solo V3 rapidement et commencez \u00e0 enregistrer sans complications. Compacte et robuste, elle est parfaite pour les musiciens en d\u00e9placement.<\/p>","protected":false},"featured_media":16659,"comment_status":"open","ping_status":"closed","template":"","meta":[],"product_brand":[455],"product_cat":[188],"product_tag":[449],"class_list":{"0":"post-13402","1":"product","2":"type-product","3":"status-publish","4":"has-post-thumbnail","6":"product_brand-yahyaoui-shop","7":"product_cat-son","8":"product_tag-yahyaoui-shop","10":"first","11":"outofstock","12":"taxable","13":"shipping-taxable","14":"purchasable","15":"product-type-simple"},"jetpack_sharing_enabled":true,"_links":{"self":[{"href":"https:\/\/yahyaouishop.com\/fr\/wp-json\/wp\/v2\/product\/13402","targetHints":{"allow":["GET"]}}],"collection":[{"href":"https:\/\/yahyaouishop.com\/fr\/wp-json\/wp\/v2\/product"}],"about":[{"href":"https:\/\/yahyaouishop.com\/fr\/wp-json\/wp\/v2\/types\/product"}],"replies":[{"embeddable":true,"href":"https:\/\/yahyaouishop.com\/fr\/wp-json\/wp\/v2\/comments?post=13402"}],"version-history":[{"count":3,"href":"https:\/\/yahyaouishop.com\/fr\/wp-json\/wp\/v2\/product\/13402\/revisions"}],"predecessor-version":[{"id":19040,"href":"https:\/\/yahyaouishop.com\/fr\/wp-json\/wp\/v2\/product\/13402\/revisions\/19040"}],"wp:featuredmedia":[{"embeddable":true,"href":"https:\/\/yahyaouishop.com\/fr\/wp-json\/wp\/v2\/media\/16659"}],"wp:attachment":[{"href":"https:\/\/yahyaouishop.com\/fr\/wp-json\/wp\/v2\/media?parent=13402"}],"wp:term":[{"taxonomy":"product_brand","embeddable":true,"href":"https:\/\/yahyaouishop.com\/fr\/wp-json\/wp\/v2\/product_brand?post=13402"},{"taxonomy":"product_cat","embeddable":true,"href":"https:\/\/yahyaouishop.com\/fr\/wp-json\/wp\/v2\/product_cat?post=13402"},{"taxonomy":"product_tag","embeddable":true,"href":"https:\/\/yahyaouishop.com\/fr\/wp-json\/wp\/v2\/product_tag?post=13402"}],"curies":[{"name":"wp","href":"https:\/\/api.w.org\/{rel}","templated":true}]}}