{"id":13398,"date":"2023-10-30T19:32:32","date_gmt":"2023-10-30T18:32:32","guid":{"rendered":"https:\/\/yahyaouishop.com\/index.php\/product\/flash-godox-ad400-pro\/"},"modified":"2025-10-01T01:05:48","modified_gmt":"2025-10-01T00:05:48","slug":"flash-godox-ad400-pro","status":"publish","type":"product","link":"https:\/\/yahyaouishop.com\/fr\/produit\/flash-godox-ad400-pro\/","title":{"rendered":"Flash GODOX AD400 Pro"},"content":{"rendered":"<p>Le <strong>Flash GODOX AD400 Pro<\/strong> est un incontournable pour les photographes professionnels \u00e0 la recherche de puissance et de polyvalence. Ce flash TTL sans fil de 400 watts-seconde est \u00e9quip\u00e9 du syst\u00e8me int\u00e9gr\u00e9 Godox 2,4 GHz Wireless X, permettant une synchronisation jusqu&#8217;\u00e0 1\/8000 seconde et une compatibilit\u00e9 avec les syst\u00e8mes Canon, Nikon, Sony, Fujifilm, Olympus\/Panasonic et Pentax. Id\u00e9al pour les prises de vue rapides et pr\u00e9cises, il offre des fonctionnalit\u00e9s avanc\u00e9es comme la synchronisation HSS, la compensation d&#8217;exposition au flash (FEC), le mode manuel et le mode stroboscopique. Avec sa batterie Li-Ion, il assure un recyclage ultra-rapide et une autonomie \u00e9lev\u00e9e, tandis que son design robuste et ses options d&#8217;accessoires en font un choix polyvalent pour tous les environnements photographiques.<\/p>\n<p><strong>Caract\u00e9ristiques du Flash GODOX AD400 Pro<\/strong>:<\/p>\n<p>Puissance : 400 Ws<\/p>\n<p>Nombre guide \u00e0 ISO100 : 72 (m) avec r\u00e9flecteur standard<\/p>\n<p>Prise en charge compl\u00e8te des fonctions TTL, synchronisation courte dur\u00e9e HSS, compensation d&#8217;exposition au flash FEC, mode flash manuel, synchronisation avec le deuxi\u00e8me rideau, etc. avec l&#8217;\u00e9metteur Godox sp\u00e9cifique \u00e0 l&#8217;appareil photo (accessoire en option)<\/p>\n<p>Mode flash manuel avec des niveaux de puissance lumineuse allant de la pleine puissance \u00e0 la puissance 1\/256 par incr\u00e9ments de 1\/10<\/p>\n<p>Mode flash stroboscopique<\/p>\n<p>Lampe pilote \u00e0 LED de 30 W<\/p>\n<p>Affichage matriciel DOT<\/p>\n<p>Syst\u00e8me X sans fil Godox 2,4 GHz int\u00e9gr\u00e9<\/p>\n<p>Groupes d&#8217;esclaves : 5<\/p>\n<p>Canaux : 32<\/p>\n<p>D\u00e9clenchement optique sans fil en mode flash manuel (S1\/S2)<\/p>\n<p>Batterie Li-Ion (21,6 V\/2600 mAh) pour un recyclage rapide et environ 380 flashs complets par charge<\/p>\n<p>Dur\u00e9e du flash : 1\/230 \u00e0 1\/12340 seconde<\/p>\n<p>Temp\u00e9rature de couleur : 5600K +\/- 200K<\/p>\n<p>Le <strong>Flash GODOX AD400 Pro<\/strong> combine performance \u00e9lev\u00e9e, fiabilit\u00e9 et flexibilit\u00e9 pour r\u00e9pondre aux besoins les plus exigeants des professionnels de la photographie.<\/p>\n<p>&nbsp;<\/p>\n<p>&nbsp;<\/p>\n<p>&nbsp;<\/p>\n<div class=\"celwidget\" style=\"color: #0f1111;font-family: 'Amazon Ember', Arial, sans-serif;font-size: 14px;font-style: normal;font-weight: 400;letter-spacing: normal;text-align: start;text-indent: 0px;text-transform: none;background-color: #ffffff\" data-csa-c-id=\"ze4xil-mz7cm-ro8z7g-noql5k\" data-cel-widget=\"dpx-climate-pledge-friendly-btf_csm_instrumentation_wrapper\">\n<div id=\"climatePledgeFriendlyBTF_feature_div\" class=\"celwidget\" data-feature-name=\"climatePledgeFriendlyBTF\" data-csa-c-id=\"3obzxz-zbtq5i-ms0la6-xf54tl\" data-cel-widget=\"climatePledgeFriendlyBTF_feature_div\"><\/div>\n<\/div>\n<div class=\"celwidget\" style=\"color: #0f1111;font-family: 'Amazon Ember', Arial, sans-serif;font-size: 14px;font-style: normal;font-weight: 400;letter-spacing: normal;text-align: start;text-indent: 0px;text-transform: none;background-color: #ffffff\" data-csa-c-id=\"nffl2u-sbr4c8-wzjrey-97ee79\" data-cel-widget=\"dpx-aplus-brand-story_csm_instrumentation_wrapper\">\n<div id=\"aplusBrandStory_feature_div\" class=\"celwidget\" data-feature-name=\"aplusBrandStory\" data-csa-c-id=\"xnh0lz-ofvhf0-26o3w4-65bqmr\" data-cel-widget=\"aplusBrandStory_feature_div\"><\/div>\n<\/div>\n<div class=\"celwidget\" style=\"color: #0f1111;font-family: 'Amazon Ember', Arial, sans-serif;font-size: 14px;font-style: normal;font-weight: 400;letter-spacing: normal;text-align: start;text-indent: 0px;text-transform: none;background-color: #ffffff\" data-csa-c-id=\"42r9j9-l24baj-fymq1-nkkreq\" data-cel-widget=\"dpx-aplus-sustainability-story_csm_instrumentation_wrapper\">\n<div id=\"aplusSustainabilityStory_feature_div\" class=\"celwidget\" data-feature-name=\"aplusSustainabilityStory\" data-csa-c-id=\"l0ab8n-9w9jtx-9qab8p-mapvfj\" data-cel-widget=\"aplusSustainabilityStory_feature_div\"><\/div>\n<\/div>","protected":false},"excerpt":{"rendered":"<p>Le <strong>Flash GODOX AD400 Pro<\/strong> est le choix id\u00e9al pour les photographes professionnels. Avec une puissance de 400 Ws et une synchronisation HSS jusqu&#8217;\u00e0 1\/8000 seconde, il offre une pr\u00e9cision exceptionnelle pour capturer chaque instant avec nettet\u00e9 et clart\u00e9. Equip\u00e9 du syst\u00e8me X sans fil Godox 2,4 GHz, il est compatible avec les principaux syst\u00e8mes de cam\u00e9ras et offre une grande vari\u00e9t\u00e9 de fonctions avanc\u00e9es comme le mode stroboscopique et la compensation d&#8217;exposition au flash. Sa batterie Li-Ion assure un recyclage rapide et une longue autonomie, tandis que sa construction robuste garantit une fiabilit\u00e9 sans compromis sur le terrain.<\/p>","protected":false},"featured_media":14250,"comment_status":"open","ping_status":"closed","template":"","meta":[],"product_brand":[456],"product_cat":[166,141],"product_tag":[229],"class_list":{"0":"post-13398","1":"product","2":"type-product","3":"status-publish","4":"has-post-thumbnail","6":"product_brand-godox","7":"product_cat-eclairages-et-studio","8":"product_cat-flash","9":"product_tag-brand-godox","11":"first","12":"instock","13":"sale","14":"purchasable","15":"product-type-simple"},"jetpack_sharing_enabled":true,"_links":{"self":[{"href":"https:\/\/yahyaouishop.com\/fr\/wp-json\/wp\/v2\/product\/13398","targetHints":{"allow":["GET"]}}],"collection":[{"href":"https:\/\/yahyaouishop.com\/fr\/wp-json\/wp\/v2\/product"}],"about":[{"href":"https:\/\/yahyaouishop.com\/fr\/wp-json\/wp\/v2\/types\/product"}],"replies":[{"embeddable":true,"href":"https:\/\/yahyaouishop.com\/fr\/wp-json\/wp\/v2\/comments?post=13398"}],"version-history":[{"count":3,"href":"https:\/\/yahyaouishop.com\/fr\/wp-json\/wp\/v2\/product\/13398\/revisions"}],"predecessor-version":[{"id":21954,"href":"https:\/\/yahyaouishop.com\/fr\/wp-json\/wp\/v2\/product\/13398\/revisions\/21954"}],"wp:featuredmedia":[{"embeddable":true,"href":"https:\/\/yahyaouishop.com\/fr\/wp-json\/wp\/v2\/media\/14250"}],"wp:attachment":[{"href":"https:\/\/yahyaouishop.com\/fr\/wp-json\/wp\/v2\/media?parent=13398"}],"wp:term":[{"taxonomy":"product_brand","embeddable":true,"href":"https:\/\/yahyaouishop.com\/fr\/wp-json\/wp\/v2\/product_brand?post=13398"},{"taxonomy":"product_cat","embeddable":true,"href":"https:\/\/yahyaouishop.com\/fr\/wp-json\/wp\/v2\/product_cat?post=13398"},{"taxonomy":"product_tag","embeddable":true,"href":"https:\/\/yahyaouishop.com\/fr\/wp-json\/wp\/v2\/product_tag?post=13398"}],"curies":[{"name":"wp","href":"https:\/\/api.w.org\/{rel}","templated":true}]}}