{"id":13376,"date":"2023-10-30T19:32:16","date_gmt":"2023-10-30T18:32:16","guid":{"rendered":"https:\/\/yahyaouishop.com\/index.php\/product\/dji-rs-3-combo\/"},"modified":"2025-10-01T01:05:47","modified_gmt":"2025-10-01T00:05:47","slug":"dji-rs-3-combo","status":"publish","type":"product","link":"https:\/\/yahyaouishop.com\/fr\/produit\/dji-rs-3-combo\/","title":{"rendered":"DJI RS 3 Combo"},"content":{"rendered":"<p>Le <strong>DJI RS 3 Combo<\/strong> est l&#8217;outil ultime pour les professionnels de la production audiovisuelle, faisant partie de la c\u00e9l\u00e8bre gamme DJI Ronin. Dot\u00e9 de l&#8217;algorithme de stabilisation RS de nouvelle g\u00e9n\u00e9ration, cet appareil garantit des prises de vue parfaitement fluides dans toutes les situations. Sa poign\u00e9e-manche int\u00e9gr\u00e9e, la DJI BG21, fonctionne \u00e9galement comme une batterie offrant jusqu&#8217;\u00e0 12 heures d&#8217;autonomie, id\u00e9ale pour les longues sessions de tournage. Avec le mode SuperSmooth, la stabilisation est optimis\u00e9e pour des r\u00e9sultats impeccables, quel que soit le mouvement. L&#8217;\u00e9cran tactile polychrome de 1.8 pouce facilite la gestion des param\u00e8tres et des accessoires connect\u00e9s.<\/p>\n<p>Le <strong>DJI RS 3 Combo<\/strong> est livr\u00e9 avec divers accessoires suppl\u00e9mentaires, tels qu&#8217;une poign\u00e9e mallette, un moteur focus et un sac de transport sur-mesure, assurant une exp\u00e9rience utilisateur compl\u00e8te et hautement fonctionnelle. Id\u00e9al pour les professionnels cherchant \u00e0 am\u00e9liorer leur efficacit\u00e9 et la qualit\u00e9 de leurs productions, cet \u00e9quipement est un choix incontournable pour les utilisateurs de drones DJI, cam\u00e9ras DJI Mavic, DJI Phantom, DJI Inspire, DJI Mini, DJI Air, DJI Osmo, DJI Ronin, gimbals DJI, stabilisateurs DJI, cam\u00e9ras de poche DJI, accessoires DJI, batteries DJI, h\u00e9lices DJI, et t\u00e9l\u00e9commandes DJI.<\/p>\n<p>&nbsp;<\/p>\n<p>&nbsp;<\/p>","protected":false},"excerpt":{"rendered":"<p>Le <strong>DJI RS 3 Combo<\/strong> de la gamme DJI Ronin est un must-have pour les professionnels de la vid\u00e9o. Gr\u00e2ce \u00e0 son algorithme de stabilisation RS avanc\u00e9 et \u00e0 sa batterie int\u00e9gr\u00e9e DJI BG21 offrant jusqu&#8217;\u00e0 12 heures d&#8217;autonomie, il assure des prises de vue ultra-fluides. L&#8217;\u00e9cran tactile polychrome facilite la gestion des param\u00e8tres et des accessoires. Livr\u00e9 avec une poign\u00e9e mallette, un moteur focus et un sac de transport, cet \u00e9quipement est complet et id\u00e9al pour am\u00e9liorer l&#8217;efficacit\u00e9 sur le terrain. Parfait pour les utilisateurs de drones DJI, cam\u00e9ras DJI Mavic, DJI Phantom, DJI Inspire, DJI Mini, DJI Air, DJI Osmo, DJI Ronin, gimbals DJI, stabilisateurs DJI, et plus encore.<\/p>","protected":false},"featured_media":14200,"comment_status":"open","ping_status":"closed","template":"","meta":[],"product_brand":[480],"product_cat":[192,191],"product_tag":[232],"class_list":{"0":"post-13376","1":"product","2":"type-product","3":"status-publish","4":"has-post-thumbnail","6":"product_brand-dji","7":"product_cat-stabilisateurs-cameras","8":"product_cat-stabilisateurs","9":"product_tag-brand-dji","11":"first","12":"outofstock","13":"sale","14":"purchasable","15":"product-type-simple"},"jetpack_sharing_enabled":true,"_links":{"self":[{"href":"https:\/\/yahyaouishop.com\/fr\/wp-json\/wp\/v2\/product\/13376","targetHints":{"allow":["GET"]}}],"collection":[{"href":"https:\/\/yahyaouishop.com\/fr\/wp-json\/wp\/v2\/product"}],"about":[{"href":"https:\/\/yahyaouishop.com\/fr\/wp-json\/wp\/v2\/types\/product"}],"replies":[{"embeddable":true,"href":"https:\/\/yahyaouishop.com\/fr\/wp-json\/wp\/v2\/comments?post=13376"}],"version-history":[{"count":4,"href":"https:\/\/yahyaouishop.com\/fr\/wp-json\/wp\/v2\/product\/13376\/revisions"}],"predecessor-version":[{"id":19584,"href":"https:\/\/yahyaouishop.com\/fr\/wp-json\/wp\/v2\/product\/13376\/revisions\/19584"}],"wp:featuredmedia":[{"embeddable":true,"href":"https:\/\/yahyaouishop.com\/fr\/wp-json\/wp\/v2\/media\/14200"}],"wp:attachment":[{"href":"https:\/\/yahyaouishop.com\/fr\/wp-json\/wp\/v2\/media?parent=13376"}],"wp:term":[{"taxonomy":"product_brand","embeddable":true,"href":"https:\/\/yahyaouishop.com\/fr\/wp-json\/wp\/v2\/product_brand?post=13376"},{"taxonomy":"product_cat","embeddable":true,"href":"https:\/\/yahyaouishop.com\/fr\/wp-json\/wp\/v2\/product_cat?post=13376"},{"taxonomy":"product_tag","embeddable":true,"href":"https:\/\/yahyaouishop.com\/fr\/wp-json\/wp\/v2\/product_tag?post=13376"}],"curies":[{"name":"wp","href":"https:\/\/api.w.org\/{rel}","templated":true}]}}