{"id":13347,"date":"2023-10-30T19:31:56","date_gmt":"2023-10-30T18:31:56","guid":{"rendered":"https:\/\/yahyaouishop.com\/index.php\/product\/disque-dur-externe-1-to-hdd-seagate-expansion\/"},"modified":"2026-03-26T14:44:01","modified_gmt":"2026-03-26T13:44:01","slug":"disque-dur-externe-1-to-hdd-seagate-expansion","status":"publish","type":"product","link":"https:\/\/yahyaouishop.com\/fr\/produit\/disque-dur-externe-1-to-hdd-seagate-expansion\/","title":{"rendered":"Disque dur externe 1 To HDD &#8211; Seagate Expansion"},"content":{"rendered":"<p data-mce-fragment=\"1\">Le disque dur portable Seagate Expansion est une solution simple qui peut se r\u00e9v\u00e9ler tr\u00e8s utile lorsque vous devez rapidement augmenter la capacit\u00e9 de stockage de votre ordinateur ou transporter vos fichiers lors de vos d\u00e9placements.<\/p>\n<p>Contenu du packaging :<\/p>\n<p>Disque dur portable Seagate Expansion<\/p>\n<p>C\u00e2ble USB 3.0<\/p>\n<p>Guide de d\u00e9marrage rapide<\/p>","protected":false},"excerpt":{"rendered":"<p>Le disque dur portable Seagate Expansion est une solution simple qui peut se r\u00e9v\u00e9ler tr\u00e8s utile lorsque vous devez rapidement<\/p>","protected":false},"featured_media":29785,"comment_status":"open","ping_status":"closed","template":"","meta":[],"product_brand":[479],"product_cat":[135,126],"product_tag":[472],"class_list":{"0":"post-13347","1":"product","2":"type-product","3":"status-publish","4":"has-post-thumbnail","6":"product_brand-seagate","7":"product_cat-stockage","8":"product_cat-produits-divers","9":"product_tag-seagate","11":"first","12":"outofstock","13":"taxable","14":"shipping-taxable","15":"purchasable","16":"product-type-simple"},"jetpack_sharing_enabled":true,"_links":{"self":[{"href":"https:\/\/yahyaouishop.com\/fr\/wp-json\/wp\/v2\/product\/13347","targetHints":{"allow":["GET"]}}],"collection":[{"href":"https:\/\/yahyaouishop.com\/fr\/wp-json\/wp\/v2\/product"}],"about":[{"href":"https:\/\/yahyaouishop.com\/fr\/wp-json\/wp\/v2\/types\/product"}],"replies":[{"embeddable":true,"href":"https:\/\/yahyaouishop.com\/fr\/wp-json\/wp\/v2\/comments?post=13347"}],"version-history":[{"count":2,"href":"https:\/\/yahyaouishop.com\/fr\/wp-json\/wp\/v2\/product\/13347\/revisions"}],"predecessor-version":[{"id":29786,"href":"https:\/\/yahyaouishop.com\/fr\/wp-json\/wp\/v2\/product\/13347\/revisions\/29786"}],"wp:featuredmedia":[{"embeddable":true,"href":"https:\/\/yahyaouishop.com\/fr\/wp-json\/wp\/v2\/media\/29785"}],"wp:attachment":[{"href":"https:\/\/yahyaouishop.com\/fr\/wp-json\/wp\/v2\/media?parent=13347"}],"wp:term":[{"taxonomy":"product_brand","embeddable":true,"href":"https:\/\/yahyaouishop.com\/fr\/wp-json\/wp\/v2\/product_brand?post=13347"},{"taxonomy":"product_cat","embeddable":true,"href":"https:\/\/yahyaouishop.com\/fr\/wp-json\/wp\/v2\/product_cat?post=13347"},{"taxonomy":"product_tag","embeddable":true,"href":"https:\/\/yahyaouishop.com\/fr\/wp-json\/wp\/v2\/product_tag?post=13347"}],"curies":[{"name":"wp","href":"https:\/\/api.w.org\/{rel}","templated":true}]}}