{"id":13332,"date":"2023-10-30T19:31:46","date_gmt":"2023-10-30T18:31:46","guid":{"rendered":"https:\/\/yahyaouishop.com\/index.php\/product\/clapperboard-colourful-professional-black\/"},"modified":"2026-04-01T11:35:47","modified_gmt":"2026-04-01T10:35:47","slug":"clapperboard-colourful-professional-black","status":"publish","type":"product","link":"https:\/\/yahyaouishop.com\/fr\/produit\/clapperboard-colourful-professional-black\/","title":{"rendered":"CLAP DE CIN\u00c9MA PROFESSIONNEL \/ COULEUR NOIR"},"content":{"rendered":"<p><strong>CLAP DE CIN\u00c9MA PROFESSIONNEL \/ COULEUR NOIR<\/strong> La description:<\/p>\n<p>Mat\u00e9riau organique acrylique de qualit\u00e9 sup\u00e9rieure (3 mm d&#8217;\u00e9paisseur), imprim\u00e9 au recto, blanc au verso.<\/p>\n<p>La bande magn\u00e9tique int\u00e9gr\u00e9e, professionnelle et r\u00e9sonnante tout en \u00e9tant applaudie, produit un son fort et clair.<\/p>\n<p>Lettrage grav\u00e9 par ordinateur, version Chinease-anglais, beau et stable, peut s&#8217;ouvrir jusqu&#8217;\u00e0 180 degr\u00e9s.<\/p>\n<p>Con\u00e7u pour \u00eatre utilis\u00e9 avec des marqueurs effa\u00e7ables \u00e0 sec, facile \u00e0 \u00e9crire ou \u00e0 nettoyer.<\/p>\n<p><strong>CLAP DE CIN\u00c9MA PROFESSIONNEL \/ COULEUR NOIR <\/strong>Id\u00e9al pour les films, les pi\u00e8ces de t\u00e9l\u00e9vision, le direct, la publicit\u00e9, la production vid\u00e9o, la photographie avec appareil photo, etc.<\/p>","protected":false},"excerpt":{"rendered":"<p>CLAP DE CIN\u00c9MA PROFESSIONNEL \/ COULEUR NOIR La description: Mat\u00e9riau organique acrylique de qualit\u00e9 sup\u00e9rieure (3 mm d&#8217;\u00e9paisseur), imprim\u00e9 au<\/p>","protected":false},"featured_media":14140,"comment_status":"open","ping_status":"closed","template":"","meta":[],"product_brand":[455],"product_cat":[166,126],"product_tag":[449],"class_list":{"0":"post-13332","1":"product","2":"type-product","3":"status-publish","4":"has-post-thumbnail","6":"product_brand-yahyaoui-shop","7":"product_cat-eclairages-et-studio","8":"product_cat-produits-divers","9":"product_tag-yahyaoui-shop","11":"first","12":"instock","13":"purchasable","14":"product-type-simple"},"jetpack_sharing_enabled":true,"_links":{"self":[{"href":"https:\/\/yahyaouishop.com\/fr\/wp-json\/wp\/v2\/product\/13332","targetHints":{"allow":["GET"]}}],"collection":[{"href":"https:\/\/yahyaouishop.com\/fr\/wp-json\/wp\/v2\/product"}],"about":[{"href":"https:\/\/yahyaouishop.com\/fr\/wp-json\/wp\/v2\/types\/product"}],"replies":[{"embeddable":true,"href":"https:\/\/yahyaouishop.com\/fr\/wp-json\/wp\/v2\/comments?post=13332"}],"version-history":[{"count":3,"href":"https:\/\/yahyaouishop.com\/fr\/wp-json\/wp\/v2\/product\/13332\/revisions"}],"predecessor-version":[{"id":20122,"href":"https:\/\/yahyaouishop.com\/fr\/wp-json\/wp\/v2\/product\/13332\/revisions\/20122"}],"wp:featuredmedia":[{"embeddable":true,"href":"https:\/\/yahyaouishop.com\/fr\/wp-json\/wp\/v2\/media\/14140"}],"wp:attachment":[{"href":"https:\/\/yahyaouishop.com\/fr\/wp-json\/wp\/v2\/media?parent=13332"}],"wp:term":[{"taxonomy":"product_brand","embeddable":true,"href":"https:\/\/yahyaouishop.com\/fr\/wp-json\/wp\/v2\/product_brand?post=13332"},{"taxonomy":"product_cat","embeddable":true,"href":"https:\/\/yahyaouishop.com\/fr\/wp-json\/wp\/v2\/product_cat?post=13332"},{"taxonomy":"product_tag","embeddable":true,"href":"https:\/\/yahyaouishop.com\/fr\/wp-json\/wp\/v2\/product_tag?post=13332"}],"curies":[{"name":"wp","href":"https:\/\/api.w.org\/{rel}","templated":true}]}}