{"id":13327,"date":"2023-10-30T19:31:43","date_gmt":"2023-10-30T18:31:43","guid":{"rendered":"https:\/\/yahyaouishop.com\/index.php\/product\/carte-memoire-sdxc-professionnelle-64-go-160mb-s\/"},"modified":"2025-10-01T01:05:44","modified_gmt":"2025-10-01T00:05:44","slug":"carte-memoire-sdxc-professionnelle-64-go-160mb-s","status":"publish","type":"product","link":"https:\/\/yahyaouishop.com\/fr\/produit\/carte-memoire-sdxc-professionnelle-64-go-160mb-s\/","title":{"rendered":"Carte m\u00e9moire SDXC professionnelle 64 Go ,160Mb\/s"},"content":{"rendered":"<p>Con\u00e7ue pour les appareils photo sans miroir et reflex num\u00e9riques, la carte m\u00e9moire SDXC professionnelle 1066x UHS-I de 64 Go de Lexar vous permet de capturer et de transf\u00e9rer rapidement des photos de haute qualit\u00e9, y compris des vid\u00e9os Full HD et UHD 4K avec des vitesses de lecture allant jusqu&#8217;\u00e0 160 Mo \/s et des vitesses d&#8217;\u00e9criture allant jusqu&#8217;\u00e0 70 Mo\/s. Tout cela vous permet d&#8217;acc\u00e9l\u00e9rer consid\u00e9rablement votre flux de travail. Ces cartes ont chacune \u00e9t\u00e9 con\u00e7ues avec une capacit\u00e9 de 64 Go et la classe de vitesse vid\u00e9o V30, qui garantit des vitesses d&#8217;\u00e9criture minimales d&#8217;au moins 30 Mo\/s. Pour aider \u00e0 augmenter la durabilit\u00e9, Lexar a rendu ces cartes r\u00e9sistantes \u00e0 l&#8217;eau, aux chocs, aux vibrations, aux rayons X et aux temp\u00e9ratures extr\u00eames. Un commutateur de protection en \u00e9criture int\u00e9gr\u00e9 aidera \u00e0 prot\u00e9ger vos donn\u00e9es contre les effacements accidentels.<\/p>","protected":false},"excerpt":{"rendered":"<p>Con\u00e7ue pour les appareils photo sans miroir et reflex num\u00e9riques, la carte m\u00e9moire SDXC professionnelle 1066x UHS-I de 64 Go<\/p>","protected":false},"featured_media":14135,"comment_status":"open","ping_status":"closed","template":"","meta":[],"product_brand":[455],"product_cat":[204,135,126],"product_tag":[449],"class_list":{"0":"post-13327","1":"product","2":"type-product","3":"status-publish","4":"has-post-thumbnail","6":"product_brand-yahyaoui-shop","7":"product_cat-cartes-memoires","8":"product_cat-stockage","9":"product_cat-produits-divers","10":"product_tag-yahyaoui-shop","12":"first","13":"outofstock","14":"purchasable","15":"product-type-simple"},"jetpack_sharing_enabled":true,"_links":{"self":[{"href":"https:\/\/yahyaouishop.com\/fr\/wp-json\/wp\/v2\/product\/13327","targetHints":{"allow":["GET"]}}],"collection":[{"href":"https:\/\/yahyaouishop.com\/fr\/wp-json\/wp\/v2\/product"}],"about":[{"href":"https:\/\/yahyaouishop.com\/fr\/wp-json\/wp\/v2\/types\/product"}],"replies":[{"embeddable":true,"href":"https:\/\/yahyaouishop.com\/fr\/wp-json\/wp\/v2\/comments?post=13327"}],"version-history":[{"count":1,"href":"https:\/\/yahyaouishop.com\/fr\/wp-json\/wp\/v2\/product\/13327\/revisions"}],"predecessor-version":[{"id":21184,"href":"https:\/\/yahyaouishop.com\/fr\/wp-json\/wp\/v2\/product\/13327\/revisions\/21184"}],"wp:featuredmedia":[{"embeddable":true,"href":"https:\/\/yahyaouishop.com\/fr\/wp-json\/wp\/v2\/media\/14135"}],"wp:attachment":[{"href":"https:\/\/yahyaouishop.com\/fr\/wp-json\/wp\/v2\/media?parent=13327"}],"wp:term":[{"taxonomy":"product_brand","embeddable":true,"href":"https:\/\/yahyaouishop.com\/fr\/wp-json\/wp\/v2\/product_brand?post=13327"},{"taxonomy":"product_cat","embeddable":true,"href":"https:\/\/yahyaouishop.com\/fr\/wp-json\/wp\/v2\/product_cat?post=13327"},{"taxonomy":"product_tag","embeddable":true,"href":"https:\/\/yahyaouishop.com\/fr\/wp-json\/wp\/v2\/product_tag?post=13327"}],"curies":[{"name":"wp","href":"https:\/\/api.w.org\/{rel}","templated":true}]}}