{"id":13325,"date":"2023-10-30T19:31:42","date_gmt":"2023-10-30T18:31:42","guid":{"rendered":"https:\/\/yahyaouishop.com\/index.php\/product\/carte-memoire-sd-sandisk-sd-ultra-sdhc-32g\/"},"modified":"2025-11-29T13:48:17","modified_gmt":"2025-11-29T12:48:17","slug":"carte-memoire-sd-sandisk-sd-ultra-sdhc-32g","status":"publish","type":"product","link":"https:\/\/yahyaouishop.com\/fr\/produit\/carte-memoire-sd-sandisk-sd-ultra-sdhc-32g\/","title":{"rendered":"Carte m\u00e9moire SANDISK 32Go ULTRA SDXC UHS-I 80Mb\/s U1 CLASS 10"},"content":{"rendered":"<p>La carte ultra SD HC de SANDISK 32 GO vous permet de b\u00e9n\u00e9ficier de performances d&#8217;enregistrement accrues de classe 10 pour vos vid\u00e9os Full HD (1080 p).<\/p>\n<p>Elle offre une vitesse de t\u00e9l\u00e9chargement rapide, de hautes performances vous permettant de r\u00e9aliser et de stocker encore plus de photos et vid\u00e9os Full HD.<\/p>\n<p>La vitesse de lecture est ultra-rapide et peut atteindre\u00a0 jusqu&#8217;\u00e0\u00a0 90 Mo\/s.<\/p>\n<p>La capacit\u00e9 de\u00a0 32GO vous permettra de stocker vos photos et vid\u00e9os sans vous soucier du manque d&#8217;espace.<\/p>\n<p>Elle est compatible avec tous les p\u00e9riph\u00e9riques num\u00e9riques\u00a0 SD\/SDHC.<\/p>\n<p class=\"product_section_title font-2-b\" style=\"margin: 0px 0px 10px;padding: 10px 0px 0px;border: 0px;vertical-align: baseline;background: #ffffff;font-family: 'Open Sans', Arial, sans-serif;font-weight: bold !important;clear: both;color: #353535;font-size: 14px;font-style: normal;letter-spacing: normal;text-align: start;text-indent: 0px;text-transform: none\" data-mce-fragment=\"1\">Les points forts :<\/p>\n<ul class=\"product_details_items font-2-l\" style=\"margin: 0px 0px 5px;padding: 0px;border: 0px;vertical-align: baseline;background: #ffffff;font-family: 'Open Sans', Arial, sans-serif;font-weight: 400;color: #000000;font-size: 13px;font-style: normal;letter-spacing: normal;text-align: start;text-indent: 0px;text-transform: none\" data-mce-fragment=\"1\">\n<li class=\"product_details_item\" style=\"margin: 0px;padding: 0px 0px 0px 15px;border: 0px;vertical-align: baseline;background: url('..\/catalog\/version_desktop_old\/styles\/images\/darty_sprite\/sprite_bullet_list.png') 0px 8px no-repeat;color: #353535;font-size: 13px\" data-mce-fragment=\"1\">Carte SDHC 32 Go<\/li>\n<li class=\"product_details_item\" style=\"margin: 4px 0px 0px;padding: 0px 0px 0px 15px;border: 0px;vertical-align: baseline;background: url('..\/catalog\/version_desktop_old\/styles\/images\/darty_sprite\/sprite_bullet_list.png') 0px 8px no-repeat;color: #353535;font-size: 13px\" data-mce-fragment=\"1\">Classe 10 (UHS-I)<\/li>\n<\/ul>","protected":false},"excerpt":{"rendered":"<p>La carte ultra SD HC de SANDISK 32 GO vous permet de b\u00e9n\u00e9ficier de performances d&#8217;enregistrement accrues de classe 10<\/p>","protected":false},"featured_media":16788,"comment_status":"open","ping_status":"closed","template":"","meta":[],"product_brand":[476],"product_cat":[204,135,126],"product_tag":[408],"class_list":{"0":"post-13325","1":"product","2":"type-product","3":"status-publish","4":"has-post-thumbnail","6":"product_brand-sandisk","7":"product_cat-cartes-memoires","8":"product_cat-stockage","9":"product_cat-produits-divers","10":"product_tag-brand-sandisk","12":"first","13":"outofstock","14":"taxable","15":"shipping-taxable","16":"purchasable","17":"product-type-simple"},"jetpack_sharing_enabled":true,"_links":{"self":[{"href":"https:\/\/yahyaouishop.com\/fr\/wp-json\/wp\/v2\/product\/13325","targetHints":{"allow":["GET"]}}],"collection":[{"href":"https:\/\/yahyaouishop.com\/fr\/wp-json\/wp\/v2\/product"}],"about":[{"href":"https:\/\/yahyaouishop.com\/fr\/wp-json\/wp\/v2\/types\/product"}],"replies":[{"embeddable":true,"href":"https:\/\/yahyaouishop.com\/fr\/wp-json\/wp\/v2\/comments?post=13325"}],"version-history":[{"count":3,"href":"https:\/\/yahyaouishop.com\/fr\/wp-json\/wp\/v2\/product\/13325\/revisions"}],"predecessor-version":[{"id":24255,"href":"https:\/\/yahyaouishop.com\/fr\/wp-json\/wp\/v2\/product\/13325\/revisions\/24255"}],"wp:featuredmedia":[{"embeddable":true,"href":"https:\/\/yahyaouishop.com\/fr\/wp-json\/wp\/v2\/media\/16788"}],"wp:attachment":[{"href":"https:\/\/yahyaouishop.com\/fr\/wp-json\/wp\/v2\/media?parent=13325"}],"wp:term":[{"taxonomy":"product_brand","embeddable":true,"href":"https:\/\/yahyaouishop.com\/fr\/wp-json\/wp\/v2\/product_brand?post=13325"},{"taxonomy":"product_cat","embeddable":true,"href":"https:\/\/yahyaouishop.com\/fr\/wp-json\/wp\/v2\/product_cat?post=13325"},{"taxonomy":"product_tag","embeddable":true,"href":"https:\/\/yahyaouishop.com\/fr\/wp-json\/wp\/v2\/product_tag?post=13325"}],"curies":[{"name":"wp","href":"https:\/\/api.w.org\/{rel}","templated":true}]}}