{"id":13317,"date":"2023-10-30T19:31:37","date_gmt":"2023-10-30T18:31:37","guid":{"rendered":"https:\/\/yahyaouishop.com\/index.php\/product\/carte-memoire-sd-512gb-sandisk-extreme-pro-uhs-i-3-classe-10-200mb-s\/"},"modified":"2025-12-16T10:44:35","modified_gmt":"2025-12-16T09:44:35","slug":"carte-memoire-sd-512gb-sandisk-extreme-pro-uhs-i-3-classe-10-200mb-s","status":"publish","type":"product","link":"https:\/\/yahyaouishop.com\/fr\/produit\/carte-memoire-sd-512gb-sandisk-extreme-pro-uhs-i-3-classe-10-200mb-s\/","title":{"rendered":"Carte m\u00e9moire SANDISK 512Go EXTREME PRO SDXC UHS-I 200MB\/S"},"content":{"rendered":"<p>Gagnez du temps avec des vitesses de d\u00e9chargement de carte allant jusqu&#8217;\u00e0 100 Mo\/s* gr\u00e2ce \u00e0 la technologie SanDisk QuickFlow<br data-mce-fragment=\"1\" \/>Vitesses de prise de vue jusqu&#8217;\u00e0 140 Mo\/s* [256 Go-1 To] (jusqu&#8217;\u00e0 90 Mo\/s* pour 64 Go-128 Go)<br data-mce-fragment=\"1\" \/>Parfait pour la prise de vue vid\u00e9o 4K UHD1 et la photographie en mode rafale s\u00e9quentielle<br data-mce-fragment=\"1\" \/>Capturez des vid\u00e9os ininterrompues avec la classe de vitesse UHS 3 (U3) et la classe de vitesse vid\u00e9o 30 (V30)<br data-mce-fragment=\"1\" \/>Con\u00e7u pour et test\u00e9 dans des conditions difficiles\u00a0: r\u00e9sistant \u00e0 la temp\u00e9rature, \u00e0 l&#8217;eau, aux chocs et aux rayons X.<\/p>","protected":false},"excerpt":{"rendered":"<p>Gagnez du temps avec des vitesses de d\u00e9chargement de carte allant jusqu&#8217;\u00e0 100 Mo\/s* gr\u00e2ce \u00e0 la technologie SanDisk QuickFlowVitesses<\/p>","protected":false},"featured_media":16783,"comment_status":"open","ping_status":"closed","template":"","meta":[],"product_brand":[476],"product_cat":[204,135,126],"product_tag":[408],"class_list":{"0":"post-13317","1":"product","2":"type-product","3":"status-publish","4":"has-post-thumbnail","6":"product_brand-sandisk","7":"product_cat-cartes-memoires","8":"product_cat-stockage","9":"product_cat-produits-divers","10":"product_tag-brand-sandisk","12":"first","13":"instock","14":"purchasable","15":"product-type-simple"},"jetpack_sharing_enabled":true,"_links":{"self":[{"href":"https:\/\/yahyaouishop.com\/fr\/wp-json\/wp\/v2\/product\/13317","targetHints":{"allow":["GET"]}}],"collection":[{"href":"https:\/\/yahyaouishop.com\/fr\/wp-json\/wp\/v2\/product"}],"about":[{"href":"https:\/\/yahyaouishop.com\/fr\/wp-json\/wp\/v2\/types\/product"}],"replies":[{"embeddable":true,"href":"https:\/\/yahyaouishop.com\/fr\/wp-json\/wp\/v2\/comments?post=13317"}],"version-history":[{"count":2,"href":"https:\/\/yahyaouishop.com\/fr\/wp-json\/wp\/v2\/product\/13317\/revisions"}],"predecessor-version":[{"id":20636,"href":"https:\/\/yahyaouishop.com\/fr\/wp-json\/wp\/v2\/product\/13317\/revisions\/20636"}],"wp:featuredmedia":[{"embeddable":true,"href":"https:\/\/yahyaouishop.com\/fr\/wp-json\/wp\/v2\/media\/16783"}],"wp:attachment":[{"href":"https:\/\/yahyaouishop.com\/fr\/wp-json\/wp\/v2\/media?parent=13317"}],"wp:term":[{"taxonomy":"product_brand","embeddable":true,"href":"https:\/\/yahyaouishop.com\/fr\/wp-json\/wp\/v2\/product_brand?post=13317"},{"taxonomy":"product_cat","embeddable":true,"href":"https:\/\/yahyaouishop.com\/fr\/wp-json\/wp\/v2\/product_cat?post=13317"},{"taxonomy":"product_tag","embeddable":true,"href":"https:\/\/yahyaouishop.com\/fr\/wp-json\/wp\/v2\/product_tag?post=13317"}],"curies":[{"name":"wp","href":"https:\/\/api.w.org\/{rel}","templated":true}]}}