{"id":13314,"date":"2023-10-30T19:31:33","date_gmt":"2023-10-30T18:31:33","guid":{"rendered":"https:\/\/yahyaouishop.com\/index.php\/product\/sandisk-extreme-pro-64-go\/"},"modified":"2025-12-16T10:46:25","modified_gmt":"2025-12-16T09:46:25","slug":"sandisk-extreme-pro-64-go","status":"publish","type":"product","link":"https:\/\/yahyaouishop.com\/fr\/produit\/sandisk-extreme-pro-64-go\/","title":{"rendered":"Carte m\u00e9moire SanDisk Extreme PRO SD 64 Go, 170MB\/s"},"content":{"rendered":"<div class=\"product-description rte\" data-mce-fragment=\"1\">\n<span data-mce-fragment=\"1\">Pour les prises de vue en rafale ultra-rapides en continu, une efficacit\u00e9 maximale du workflow postproduction et un enregistrement vid\u00e9o haute performance, procurez-vous les cartes SanDisk Extreme PRO SDHC et SDXC UHS-II. Les cartes m\u00e9moire SDHC et SDXC haute performance offrent des vitesses de prise de vue allant jusqu&#8217;\u00e0 260 Mo\/s<\/span><span data-mce-fragment=\"1\">\u00a0(1733X) et des vitesses de transfert atteignant 300 Mo\/s<span style=\"font-size: 11.6667px\">\u00a0<\/span><\/span><span data-mce-fragment=\"1\">(2000X). La classe de vitesse UHS 3 (U3) supporte 32 Go \u00e0 128 Go<\/span><span data-mce-fragment=\"1\">\u00a0d&#8217;enregistrement vid\u00e9o 4K Full HD et qualit\u00e9 cin\u00e9ma<\/span><span data-mce-fragment=\"1\">. Optimis\u00e9es pour les appareils photo compatibles avec la nouvelle norme UHS-II, les cartes SanDisk Extreme PRO SDHC et SDXC UHS-II offrent les r\u00e9sultats sans compromis exig\u00e9s par les photographes professionnels.<\/span>\n<\/div>","protected":false},"excerpt":{"rendered":"<p>Pour les prises de vue en rafale ultra-rapides en continu, une efficacit\u00e9 maximale du workflow postproduction et un enregistrement vid\u00e9o<\/p>","protected":false},"featured_media":14123,"comment_status":"open","ping_status":"closed","template":"","meta":[],"product_brand":[476],"product_cat":[204,135,126],"product_tag":[408],"class_list":{"0":"post-13314","1":"product","2":"type-product","3":"status-publish","4":"has-post-thumbnail","6":"product_brand-sandisk","7":"product_cat-cartes-memoires","8":"product_cat-stockage","9":"product_cat-produits-divers","10":"product_tag-brand-sandisk","12":"first","13":"instock","14":"taxable","15":"shipping-taxable","16":"purchasable","17":"product-type-simple"},"jetpack_sharing_enabled":true,"_links":{"self":[{"href":"https:\/\/yahyaouishop.com\/fr\/wp-json\/wp\/v2\/product\/13314","targetHints":{"allow":["GET"]}}],"collection":[{"href":"https:\/\/yahyaouishop.com\/fr\/wp-json\/wp\/v2\/product"}],"about":[{"href":"https:\/\/yahyaouishop.com\/fr\/wp-json\/wp\/v2\/types\/product"}],"replies":[{"embeddable":true,"href":"https:\/\/yahyaouishop.com\/fr\/wp-json\/wp\/v2\/comments?post=13314"}],"version-history":[{"count":2,"href":"https:\/\/yahyaouishop.com\/fr\/wp-json\/wp\/v2\/product\/13314\/revisions"}],"predecessor-version":[{"id":25401,"href":"https:\/\/yahyaouishop.com\/fr\/wp-json\/wp\/v2\/product\/13314\/revisions\/25401"}],"wp:featuredmedia":[{"embeddable":true,"href":"https:\/\/yahyaouishop.com\/fr\/wp-json\/wp\/v2\/media\/14123"}],"wp:attachment":[{"href":"https:\/\/yahyaouishop.com\/fr\/wp-json\/wp\/v2\/media?parent=13314"}],"wp:term":[{"taxonomy":"product_brand","embeddable":true,"href":"https:\/\/yahyaouishop.com\/fr\/wp-json\/wp\/v2\/product_brand?post=13314"},{"taxonomy":"product_cat","embeddable":true,"href":"https:\/\/yahyaouishop.com\/fr\/wp-json\/wp\/v2\/product_cat?post=13314"},{"taxonomy":"product_tag","embeddable":true,"href":"https:\/\/yahyaouishop.com\/fr\/wp-json\/wp\/v2\/product_tag?post=13314"}],"curies":[{"name":"wp","href":"https:\/\/api.w.org\/{rel}","templated":true}]}}