{"id":13310,"date":"2023-10-30T19:31:31","date_gmt":"2023-10-30T18:31:31","guid":{"rendered":"https:\/\/yahyaouishop.com\/index.php\/product\/sandisk-extreme-pro-128-go\/"},"modified":"2026-04-13T20:45:43","modified_gmt":"2026-04-13T19:45:43","slug":"sandisk-extreme-pro-128-go","status":"publish","type":"product","link":"https:\/\/yahyaouishop.com\/fr\/produit\/sandisk-extreme-pro-128-go\/","title":{"rendered":"Carte m\u00e9moire SanDisk Extreme PRO 128Go, 200MB\/s V30 U3"},"content":{"rendered":"<p><strong>Carte m\u00e9moire SanDisk Extreme PRO 128Go, 200MB\/s <\/strong>Pour les prises de vue en rafale ultra-rapides en continu, une efficacit\u00e9 maximale du workflow postproduction et un enregistrement vid\u00e9o haute performance, procurez-vous les cartes SanDisk Extreme PRO SDHC et SDXC UHS-I. Les cartes m\u00e9moire SDHC et SDXC haute performance offrent des vitesses de prise de vue allant jusqu&#8217;\u00e0 260 Mo\/s (1733X) et des vitesses de transfert atteignant 300 Mo\/s (2000X). La classe de vitesse UHS 3 (U3) supporte 32 Go \u00e0 128 Go d&#8217;enregistrement vid\u00e9o 4K Full HD et qualit\u00e9 cin\u00e9ma. Optimis\u00e9es pour les appareils photo compatibles avec la nouvelle norme UHS-I, les cartes SanDisk Extreme PRO SDHC et SDXC UHS-I offrent les r\u00e9sultats sans compromis exig\u00e9s par les photographes professionnels.<\/p>","protected":false},"excerpt":{"rendered":"<p>Carte m\u00e9moire SanDisk Extreme PRO 128Go, 200MB\/s Pour les prises de vue en rafale ultra-rapides en continu, une efficacit\u00e9 maximale<\/p>","protected":false},"featured_media":14119,"comment_status":"open","ping_status":"closed","template":"","meta":[],"product_brand":[476],"product_cat":[204,135,126],"product_tag":[408],"class_list":{"0":"post-13310","1":"product","2":"type-product","3":"status-publish","4":"has-post-thumbnail","6":"product_brand-sandisk","7":"product_cat-cartes-memoires","8":"product_cat-stockage","9":"product_cat-produits-divers","10":"product_tag-brand-sandisk","12":"first","13":"instock","14":"purchasable","15":"product-type-simple"},"jetpack_sharing_enabled":true,"_links":{"self":[{"href":"https:\/\/yahyaouishop.com\/fr\/wp-json\/wp\/v2\/product\/13310","targetHints":{"allow":["GET"]}}],"collection":[{"href":"https:\/\/yahyaouishop.com\/fr\/wp-json\/wp\/v2\/product"}],"about":[{"href":"https:\/\/yahyaouishop.com\/fr\/wp-json\/wp\/v2\/types\/product"}],"replies":[{"embeddable":true,"href":"https:\/\/yahyaouishop.com\/fr\/wp-json\/wp\/v2\/comments?post=13310"}],"version-history":[{"count":4,"href":"https:\/\/yahyaouishop.com\/fr\/wp-json\/wp\/v2\/product\/13310\/revisions"}],"predecessor-version":[{"id":29837,"href":"https:\/\/yahyaouishop.com\/fr\/wp-json\/wp\/v2\/product\/13310\/revisions\/29837"}],"wp:featuredmedia":[{"embeddable":true,"href":"https:\/\/yahyaouishop.com\/fr\/wp-json\/wp\/v2\/media\/14119"}],"wp:attachment":[{"href":"https:\/\/yahyaouishop.com\/fr\/wp-json\/wp\/v2\/media?parent=13310"}],"wp:term":[{"taxonomy":"product_brand","embeddable":true,"href":"https:\/\/yahyaouishop.com\/fr\/wp-json\/wp\/v2\/product_brand?post=13310"},{"taxonomy":"product_cat","embeddable":true,"href":"https:\/\/yahyaouishop.com\/fr\/wp-json\/wp\/v2\/product_cat?post=13310"},{"taxonomy":"product_tag","embeddable":true,"href":"https:\/\/yahyaouishop.com\/fr\/wp-json\/wp\/v2\/product_tag?post=13310"}],"curies":[{"name":"wp","href":"https:\/\/api.w.org\/{rel}","templated":true}]}}