{"id":13306,"date":"2023-10-30T19:31:29","date_gmt":"2023-10-30T18:31:29","guid":{"rendered":"https:\/\/yahyaouishop.com\/index.php\/product\/carte-memoire-lexar-64gb-professionnel-120mb-s\/"},"modified":"2026-04-13T21:03:56","modified_gmt":"2026-04-13T20:03:56","slug":"lexar-64gb-professionnel-120mb-s","status":"publish","type":"product","link":"https:\/\/yahyaouishop.com\/fr\/produit\/lexar-64gb-professionnel-120mb-s\/","title":{"rendered":"Lexar 64GB Professionnel 270Mb\/s"},"content":{"rendered":"<p>La carte m\u00e9moire SDXC professionnelle 1800x UHS-II de 64 Go (s\u00e9rie GOLD) de Lexar dispose d&#8217;une capacit\u00e9 de stockage de 64 Go et tire parti du bus UHS-II pour prendre en charge les fonctions DSLR avanc\u00e9es telles que les rafales d&#8217;obturation en continu et la prise de vue rapide, ainsi que les images brutes et Captures JPEG. Cette carte est \u00e9galement bien adapt\u00e9e \u00e0 la capture vid\u00e9o, y compris la vid\u00e9o 4K, 3D et Full HD, et peut atteindre des vitesses de lecture maximales allant jusqu&#8217;\u00e0 270 Mo\/s et des vitesses d&#8217;\u00e9criture maximales allant jusqu&#8217;\u00e0 180 Mo\/s. Gr\u00e2ce \u00e0 sa classe de vitesse V60, les vitesses d&#8217;\u00e9criture minimales sont garanties de ne pas descendre en dessous de 60 Mo\/s.<\/p>","protected":false},"excerpt":{"rendered":"<p>La carte m\u00e9moire SDXC professionnelle 1800x UHS-II de 64 Go (s\u00e9rie GOLD) de Lexar dispose d&#8217;une capacit\u00e9 de stockage de<\/p>","protected":false},"featured_media":14115,"comment_status":"open","ping_status":"closed","template":"","meta":[],"product_brand":[475],"product_cat":[204,135,126],"product_tag":[428],"class_list":{"0":"post-13306","1":"product","2":"type-product","3":"status-publish","4":"has-post-thumbnail","6":"product_brand-lexar","7":"product_cat-cartes-memoires","8":"product_cat-stockage","9":"product_cat-produits-divers","10":"product_tag-brand-lexar","12":"first","13":"instock","14":"purchasable","15":"product-type-simple"},"jetpack_sharing_enabled":true,"_links":{"self":[{"href":"https:\/\/yahyaouishop.com\/fr\/wp-json\/wp\/v2\/product\/13306","targetHints":{"allow":["GET"]}}],"collection":[{"href":"https:\/\/yahyaouishop.com\/fr\/wp-json\/wp\/v2\/product"}],"about":[{"href":"https:\/\/yahyaouishop.com\/fr\/wp-json\/wp\/v2\/types\/product"}],"replies":[{"embeddable":true,"href":"https:\/\/yahyaouishop.com\/fr\/wp-json\/wp\/v2\/comments?post=13306"}],"version-history":[{"count":2,"href":"https:\/\/yahyaouishop.com\/fr\/wp-json\/wp\/v2\/product\/13306\/revisions"}],"predecessor-version":[{"id":29840,"href":"https:\/\/yahyaouishop.com\/fr\/wp-json\/wp\/v2\/product\/13306\/revisions\/29840"}],"wp:featuredmedia":[{"embeddable":true,"href":"https:\/\/yahyaouishop.com\/fr\/wp-json\/wp\/v2\/media\/14115"}],"wp:attachment":[{"href":"https:\/\/yahyaouishop.com\/fr\/wp-json\/wp\/v2\/media?parent=13306"}],"wp:term":[{"taxonomy":"product_brand","embeddable":true,"href":"https:\/\/yahyaouishop.com\/fr\/wp-json\/wp\/v2\/product_brand?post=13306"},{"taxonomy":"product_cat","embeddable":true,"href":"https:\/\/yahyaouishop.com\/fr\/wp-json\/wp\/v2\/product_cat?post=13306"},{"taxonomy":"product_tag","embeddable":true,"href":"https:\/\/yahyaouishop.com\/fr\/wp-json\/wp\/v2\/product_tag?post=13306"}],"curies":[{"name":"wp","href":"https:\/\/api.w.org\/{rel}","templated":true}]}}