{"id":13305,"date":"2023-10-30T19:31:28","date_gmt":"2023-10-30T18:31:28","guid":{"rendered":"https:\/\/yahyaouishop.com\/index.php\/product\/carte-cf-express-type-b-red-pro-660-go\/"},"modified":"2025-10-01T01:05:43","modified_gmt":"2025-10-01T00:05:43","slug":"carte-cf-express-type-b-red-pro-660-go","status":"publish","type":"product","link":"https:\/\/yahyaouishop.com\/fr\/produit\/carte-cf-express-type-b-red-pro-660-go\/","title":{"rendered":"Carte CF Express Type B RED PRO 660 Go"},"content":{"rendered":"<p>Certifi\u00e9e pour les syst\u00e8mes de cam\u00e9ras RED V-RAPTOR, la carte m\u00e9moire 660 Go PRO CFexpress 2.0 Type B de RED offre une protection contre la surchauffe, fonctionne avec une consommation d&#8217;\u00e9nergie r\u00e9duite et aide \u00e0 garantir des captures \u00e0 haut d\u00e9bit. Cette carte peut capturer toutes les fr\u00e9quences d&#8217;images et toutes les r\u00e9solutions, y compris les vid\u00e9os Full HD et brutes 4K, 6K, 8K et 12K. Il dispose d&#8217;une capacit\u00e9 de 660 Go et utilise le bus PCIe 3.0 x2 pour offrir des vitesses de lecture\/\u00e9criture maximales de 800 Mo\/s.<\/p>","protected":false},"excerpt":{"rendered":"<p>Certifi\u00e9e pour les syst\u00e8mes de cam\u00e9ras RED V-RAPTOR, la carte m\u00e9moire 660 Go PRO CFexpress 2.0 Type B de RED<\/p>","protected":false},"featured_media":14114,"comment_status":"open","ping_status":"closed","template":"","meta":[],"product_brand":[474],"product_cat":[135,126],"product_tag":[471],"class_list":{"0":"post-13305","1":"product","2":"type-product","3":"status-publish","4":"has-post-thumbnail","6":"product_brand-red","7":"product_cat-stockage","8":"product_cat-produits-divers","9":"product_tag-red","11":"first","12":"outofstock","13":"taxable","14":"shipping-taxable","15":"purchasable","16":"product-type-simple"},"jetpack_sharing_enabled":true,"_links":{"self":[{"href":"https:\/\/yahyaouishop.com\/fr\/wp-json\/wp\/v2\/product\/13305","targetHints":{"allow":["GET"]}}],"collection":[{"href":"https:\/\/yahyaouishop.com\/fr\/wp-json\/wp\/v2\/product"}],"about":[{"href":"https:\/\/yahyaouishop.com\/fr\/wp-json\/wp\/v2\/types\/product"}],"replies":[{"embeddable":true,"href":"https:\/\/yahyaouishop.com\/fr\/wp-json\/wp\/v2\/comments?post=13305"}],"version-history":[{"count":1,"href":"https:\/\/yahyaouishop.com\/fr\/wp-json\/wp\/v2\/product\/13305\/revisions"}],"predecessor-version":[{"id":23484,"href":"https:\/\/yahyaouishop.com\/fr\/wp-json\/wp\/v2\/product\/13305\/revisions\/23484"}],"wp:featuredmedia":[{"embeddable":true,"href":"https:\/\/yahyaouishop.com\/fr\/wp-json\/wp\/v2\/media\/14114"}],"wp:attachment":[{"href":"https:\/\/yahyaouishop.com\/fr\/wp-json\/wp\/v2\/media?parent=13305"}],"wp:term":[{"taxonomy":"product_brand","embeddable":true,"href":"https:\/\/yahyaouishop.com\/fr\/wp-json\/wp\/v2\/product_brand?post=13305"},{"taxonomy":"product_cat","embeddable":true,"href":"https:\/\/yahyaouishop.com\/fr\/wp-json\/wp\/v2\/product_cat?post=13305"},{"taxonomy":"product_tag","embeddable":true,"href":"https:\/\/yahyaouishop.com\/fr\/wp-json\/wp\/v2\/product_tag?post=13305"}],"curies":[{"name":"wp","href":"https:\/\/api.w.org\/{rel}","templated":true}]}}