{"id":13288,"date":"2023-10-30T19:31:21","date_gmt":"2023-10-30T18:31:21","guid":{"rendered":"https:\/\/yahyaouishop.com\/index.php\/product\/canon-rf-50mm-f-1-8-stm\/"},"modified":"2026-04-13T20:55:41","modified_gmt":"2026-04-13T19:55:41","slug":"canon-rf-50mm-f-1-8-stm","status":"publish","type":"product","link":"https:\/\/yahyaouishop.com\/fr\/produit\/canon-rf-50mm-f-1-8-stm\/","title":{"rendered":"Canon RF 50mm f\/1.8 STM"},"content":{"rendered":"<h4 class=\"sc-kpDqfm hAckgz model-overview-heading\" data-mce-fragment=\"1\">Pr\u00e9sentation du mod\u00e8le<\/h4>\n<div class=\"model-overview-description\" data-mce-fragment=\"1\">Le mod\u00e8le RF\u00a050mm\u00a0F1.8\u00a0STM est un objectif RF \u00e0 focale fixe compact et tr\u00e8s polyvalent capable d&#8217;offrir des images de haute qualit\u00e9. Gr\u00e2ce \u00e0 sa grande ouverture, cet objectif offre d&#8217;excellentes performances en basse lumi\u00e8re, ce qui signifie que vous pourrez le garder sur votre appareil photo tout au long de la journ\u00e9e, m\u00eame lorsque la luminosit\u00e9 baisse. Avec une distance focale fixe de 50mm offrant une perspective neutre et une mise au point rapproch\u00e9e remarquable pour capturer les d\u00e9tails \u00e0 port\u00e9e de main, vous d\u00e9couvrirez rapidement de nouvelles possibilit\u00e9s cr\u00e9atives et vos talents de photographie progresseront nettement. L&#8217;objectif est petit, l\u00e9ger et silencieux gr\u00e2ce \u00e0 une nouvelle conception de l&#8217;optique pour sa monture RF et son moteur STM. Il est id\u00e9al pour faire progresser vos comp\u00e9tences de photographe.<\/div>","protected":false},"excerpt":{"rendered":"<p>Pr\u00e9sentation du mod\u00e8le Le mod\u00e8le RF\u00a050mm\u00a0F1.8\u00a0STM est un objectif RF \u00e0 focale fixe compact et tr\u00e8s polyvalent capable d&#8217;offrir des<\/p>","protected":false},"featured_media":16632,"comment_status":"open","ping_status":"closed","template":"","meta":[],"product_brand":[453],"product_cat":[178],"product_tag":[221],"class_list":{"0":"post-13288","1":"product","2":"type-product","3":"status-publish","4":"has-post-thumbnail","6":"product_brand-canon","7":"product_cat-objectifs-canon-occasion","8":"product_tag-brand-canon","10":"first","11":"outofstock","12":"purchasable","13":"product-type-simple"},"jetpack_sharing_enabled":true,"_links":{"self":[{"href":"https:\/\/yahyaouishop.com\/fr\/wp-json\/wp\/v2\/product\/13288","targetHints":{"allow":["GET"]}}],"collection":[{"href":"https:\/\/yahyaouishop.com\/fr\/wp-json\/wp\/v2\/product"}],"about":[{"href":"https:\/\/yahyaouishop.com\/fr\/wp-json\/wp\/v2\/types\/product"}],"replies":[{"embeddable":true,"href":"https:\/\/yahyaouishop.com\/fr\/wp-json\/wp\/v2\/comments?post=13288"}],"version-history":[{"count":1,"href":"https:\/\/yahyaouishop.com\/fr\/wp-json\/wp\/v2\/product\/13288\/revisions"}],"predecessor-version":[{"id":16250,"href":"https:\/\/yahyaouishop.com\/fr\/wp-json\/wp\/v2\/product\/13288\/revisions\/16250"}],"wp:featuredmedia":[{"embeddable":true,"href":"https:\/\/yahyaouishop.com\/fr\/wp-json\/wp\/v2\/media\/16632"}],"wp:attachment":[{"href":"https:\/\/yahyaouishop.com\/fr\/wp-json\/wp\/v2\/media?parent=13288"}],"wp:term":[{"taxonomy":"product_brand","embeddable":true,"href":"https:\/\/yahyaouishop.com\/fr\/wp-json\/wp\/v2\/product_brand?post=13288"},{"taxonomy":"product_cat","embeddable":true,"href":"https:\/\/yahyaouishop.com\/fr\/wp-json\/wp\/v2\/product_cat?post=13288"},{"taxonomy":"product_tag","embeddable":true,"href":"https:\/\/yahyaouishop.com\/fr\/wp-json\/wp\/v2\/product_tag?post=13288"}],"curies":[{"name":"wp","href":"https:\/\/api.w.org\/{rel}","templated":true}]}}