{"id":13285,"date":"2023-10-30T19:31:20","date_gmt":"2023-10-30T18:31:20","guid":{"rendered":"https:\/\/yahyaouishop.com\/index.php\/product\/canon-rf-15-35mm-f-2-8-l-is-usm\/"},"modified":"2026-04-13T20:57:44","modified_gmt":"2026-04-13T19:57:44","slug":"canon-rf-15-35mm-f-2-8-l-is-usm","status":"publish","type":"product","link":"https:\/\/yahyaouishop.com\/fr\/produit\/canon-rf-15-35mm-f-2-8-l-is-usm\/","title":{"rendered":"Canon RF 15-35mm f\/2.8 L IS USM"},"content":{"rendered":"<h4 class=\"sc-kpDqfm hAckgz model-overview-heading\" data-mce-fragment=\"1\">Pr\u00e9sentation du mod\u00e8le<\/h4>\n<div class=\"model-overview-description\" data-mce-fragment=\"1\">Si vous recherchez un objectif RF ultra-grand-angle net et rapide, inutile d&#8217;aller plus loin. Le mod\u00e8le Canon\u00a0RF\u00a015-35mm F2.8L\u00a0\u0406\u0405\u00a0U\u0405\u041c regorge de fonctionnalit\u00e9s et de subtilit\u00e9s fantastiques qui en font l&#8217;objectif parfait pour la photographie architecturale et de paysages, tout en convenant tr\u00e8s bien pour d&#8217;autres styles. L&#8217;objectif comporte un syst\u00e8me de moteur Nano USM qui offre une mise au point automatique rapide, silencieuse et fluide. Il pr\u00e9sente \u00e9galement cinq vitesses de stabilisation de l&#8217;image, utiles pour prendre des photos sans mouvement.<\/div>","protected":false},"excerpt":{"rendered":"<p>Pr\u00e9sentation du mod\u00e8le Si vous recherchez un objectif RF ultra-grand-angle net et rapide, inutile d&#8217;aller plus loin. Le mod\u00e8le Canon\u00a0RF\u00a015-35mm<\/p>","protected":false},"featured_media":16789,"comment_status":"open","ping_status":"closed","template":"","meta":[],"product_brand":[453],"product_cat":[178],"product_tag":[221],"class_list":{"0":"post-13285","1":"product","2":"type-product","3":"status-publish","4":"has-post-thumbnail","6":"product_brand-canon","7":"product_cat-objectifs-canon-occasion","8":"product_tag-brand-canon","10":"first","11":"outofstock","12":"purchasable","13":"product-type-simple"},"jetpack_sharing_enabled":true,"_links":{"self":[{"href":"https:\/\/yahyaouishop.com\/fr\/wp-json\/wp\/v2\/product\/13285","targetHints":{"allow":["GET"]}}],"collection":[{"href":"https:\/\/yahyaouishop.com\/fr\/wp-json\/wp\/v2\/product"}],"about":[{"href":"https:\/\/yahyaouishop.com\/fr\/wp-json\/wp\/v2\/types\/product"}],"replies":[{"embeddable":true,"href":"https:\/\/yahyaouishop.com\/fr\/wp-json\/wp\/v2\/comments?post=13285"}],"version-history":[{"count":2,"href":"https:\/\/yahyaouishop.com\/fr\/wp-json\/wp\/v2\/product\/13285\/revisions"}],"predecessor-version":[{"id":16252,"href":"https:\/\/yahyaouishop.com\/fr\/wp-json\/wp\/v2\/product\/13285\/revisions\/16252"}],"wp:featuredmedia":[{"embeddable":true,"href":"https:\/\/yahyaouishop.com\/fr\/wp-json\/wp\/v2\/media\/16789"}],"wp:attachment":[{"href":"https:\/\/yahyaouishop.com\/fr\/wp-json\/wp\/v2\/media?parent=13285"}],"wp:term":[{"taxonomy":"product_brand","embeddable":true,"href":"https:\/\/yahyaouishop.com\/fr\/wp-json\/wp\/v2\/product_brand?post=13285"},{"taxonomy":"product_cat","embeddable":true,"href":"https:\/\/yahyaouishop.com\/fr\/wp-json\/wp\/v2\/product_cat?post=13285"},{"taxonomy":"product_tag","embeddable":true,"href":"https:\/\/yahyaouishop.com\/fr\/wp-json\/wp\/v2\/product_tag?post=13285"}],"curies":[{"name":"wp","href":"https:\/\/api.w.org\/{rel}","templated":true}]}}