{"id":13184,"date":"2023-10-30T19:30:05","date_gmt":"2023-10-30T18:30:05","guid":{"rendered":"https:\/\/yahyaouishop.com\/index.php\/product\/canon-eos-2000d-reflex-numerique-efs-18-55mm\/"},"modified":"2025-11-24T18:50:30","modified_gmt":"2025-11-24T17:50:30","slug":"canon-eos-2000d-reflex-numerique-efs-18-55mm","status":"publish","type":"product","link":"https:\/\/yahyaouishop.com\/fr\/produit\/canon-eos-2000d-reflex-numerique-efs-18-55mm\/","title":{"rendered":"Canon EOS 2000D +EF-S 18-55mm  (Bon \u00e9tat)"},"content":{"rendered":"<p class=\"pl-text pl-text--medium\" data-mce-fragment=\"1\">Cr\u00e9ez des prises de vue d\u00e9taill\u00e9es de qualit\u00e9 reflex et des vid\u00e9os Full\u00a0HD au rendu cin\u00e9matographique en toute simplicit\u00e9, m\u00eame en cas de basse lumi\u00e8re, \u00e0 l&#8217;aide du mod\u00e8le EOS\u00a02000D 24,1\u00a0millions de pixels. Partagez instantan\u00e9ment et prenez vos photos \u00e0 distance gr\u00e2ce \u00e0 la connexion Wi-Fi*, la fonction NFC et l&#8217;application Canon Camera Connect.<\/p>\n<table width=\"525\">\n<tbody>\n<tr>\n<td>Capteur<\/td>\n<td>CMOS 24 Mpx, APS-C (x1,6)<\/td>\n<\/tr>\n<tr>\n<td>Viseur<\/td>\n<td>Reflex<\/td>\n<\/tr>\n<tr>\n<td>Ecran<\/td>\n<td>7.5 cm, , 920000 points, , non tactile<\/td>\n<\/tr>\n<tr>\n<td>Sensibilit\u00e9 (plage ISO)<\/td>\n<td>100 &#8211; 6400 ISO<\/td>\n<\/tr>\n<tr>\n<td>Mode vid\u00e9o<\/td>\n<td>1920 x 1080 pixels, 30 i\/s<\/td>\n<\/tr>\n<tr>\n<td>Support Externe<\/td>\n<td>SDHC SDXC<\/td>\n<\/tr>\n<\/tbody>\n<\/table>","protected":false},"excerpt":{"rendered":"<p>Cr\u00e9ez des prises de vue d\u00e9taill\u00e9es de qualit\u00e9 reflex et des vid\u00e9os Full\u00a0HD au rendu cin\u00e9matographique en toute simplicit\u00e9, m\u00eame<\/p>","protected":false},"featured_media":16625,"comment_status":"open","ping_status":"closed","template":"","meta":[],"product_brand":[453],"product_cat":[208,155],"product_tag":[221],"class_list":{"0":"post-13184","1":"product","2":"type-product","3":"status-publish","4":"has-post-thumbnail","6":"product_brand-canon","7":"product_cat-cameras-canon-occasion","8":"product_cat-cameras-occasion","9":"product_tag-brand-canon","11":"first","12":"outofstock","13":"taxable","14":"shipping-taxable","15":"purchasable","16":"product-type-simple"},"jetpack_sharing_enabled":true,"_links":{"self":[{"href":"https:\/\/yahyaouishop.com\/fr\/wp-json\/wp\/v2\/product\/13184","targetHints":{"allow":["GET"]}}],"collection":[{"href":"https:\/\/yahyaouishop.com\/fr\/wp-json\/wp\/v2\/product"}],"about":[{"href":"https:\/\/yahyaouishop.com\/fr\/wp-json\/wp\/v2\/types\/product"}],"replies":[{"embeddable":true,"href":"https:\/\/yahyaouishop.com\/fr\/wp-json\/wp\/v2\/comments?post=13184"}],"version-history":[{"count":2,"href":"https:\/\/yahyaouishop.com\/fr\/wp-json\/wp\/v2\/product\/13184\/revisions"}],"predecessor-version":[{"id":17365,"href":"https:\/\/yahyaouishop.com\/fr\/wp-json\/wp\/v2\/product\/13184\/revisions\/17365"}],"wp:featuredmedia":[{"embeddable":true,"href":"https:\/\/yahyaouishop.com\/fr\/wp-json\/wp\/v2\/media\/16625"}],"wp:attachment":[{"href":"https:\/\/yahyaouishop.com\/fr\/wp-json\/wp\/v2\/media?parent=13184"}],"wp:term":[{"taxonomy":"product_brand","embeddable":true,"href":"https:\/\/yahyaouishop.com\/fr\/wp-json\/wp\/v2\/product_brand?post=13184"},{"taxonomy":"product_cat","embeddable":true,"href":"https:\/\/yahyaouishop.com\/fr\/wp-json\/wp\/v2\/product_cat?post=13184"},{"taxonomy":"product_tag","embeddable":true,"href":"https:\/\/yahyaouishop.com\/fr\/wp-json\/wp\/v2\/product_tag?post=13184"}],"curies":[{"name":"wp","href":"https:\/\/api.w.org\/{rel}","templated":true}]}}