{"id":13152,"date":"2023-10-30T19:29:49","date_gmt":"2023-10-30T18:29:49","guid":{"rendered":"https:\/\/yahyaouishop.com\/index.php\/product\/canon-d-cam-eos-r7-rf-s18-150-is-stm\/"},"modified":"2025-12-11T11:30:31","modified_gmt":"2025-12-11T10:30:31","slug":"canon-d-cam-eos-r7-rf-s18-150-is-stm","status":"publish","type":"product","link":"https:\/\/yahyaouishop.com\/fr\/produit\/canon-d-cam-eos-r7-rf-s18-150-is-stm\/","title":{"rendered":"CANON D.CAM EOS R7 + RF-S18-150 IS STM"},"content":{"rendered":"<p>Id\u00e9al pour les amateurs de photographie de faune, de sport et d&#8217;action.<\/p>\n<p>32,5 millions de pixels, capteur APS-C, 15 im.\/s, stabilisation d&#8217;image offrant jusqu&#8217;\u00e0 7 vitesses.<\/p>\n<p>Autofocus CMOS Dual Pixel II: Un autofocus qui d\u00e9tecte et suit les personnes, les animaux et les v\u00e9hicules.<\/p>\n<p>OLED EVF: Viseur \u00e9lectronique de 2,36 millions de points.<\/p>\n<p>\u00c9cran: Tactile orientable de 7,5 cm et de 1,62\u00a0<sup><a href=\"https:\/\/www.iris.ma\/14561-appareil-photo-hybride-canon-eos-r7-objectif-rf-s-18-150mm-f35-63-is-stm-bague-dadaptation-monture-ef-eos-r-5137c019aa.html\" target=\"_blank\" rel=\"noopener\">1<\/a><\/sup>\u00a0million de points.<\/p>\n<p>Enregistrement vid\u00e9o: 4K\/60p<\/p>\n<p>ISO 32.000: Sensibilit\u00e9 maximale standard<\/p>\n<p>Processeur DIGIC X: Contr\u00f4le r\u00e9actif et latence minimale du viseur \u00e9lectronique<\/p>","protected":false},"excerpt":{"rendered":"<p>Id\u00e9al pour les amateurs de photographie de faune, de sport et d&#8217;action. 32,5 millions de pixels, capteur APS-C, 15 im.\/s,<\/p>","protected":false},"featured_media":16621,"comment_status":"open","ping_status":"closed","template":"","meta":[],"product_brand":[453],"product_cat":[161,163],"product_tag":[221],"class_list":{"0":"post-13152","1":"product","2":"type-product","3":"status-publish","4":"has-post-thumbnail","6":"product_brand-canon","7":"product_cat-cameras","8":"product_cat-canon","9":"product_tag-brand-canon","11":"first","12":"instock","13":"taxable","14":"shipping-taxable","15":"purchasable","16":"product-type-simple"},"jetpack_sharing_enabled":true,"_links":{"self":[{"href":"https:\/\/yahyaouishop.com\/fr\/wp-json\/wp\/v2\/product\/13152","targetHints":{"allow":["GET"]}}],"collection":[{"href":"https:\/\/yahyaouishop.com\/fr\/wp-json\/wp\/v2\/product"}],"about":[{"href":"https:\/\/yahyaouishop.com\/fr\/wp-json\/wp\/v2\/types\/product"}],"replies":[{"embeddable":true,"href":"https:\/\/yahyaouishop.com\/fr\/wp-json\/wp\/v2\/comments?post=13152"}],"version-history":[{"count":2,"href":"https:\/\/yahyaouishop.com\/fr\/wp-json\/wp\/v2\/product\/13152\/revisions"}],"predecessor-version":[{"id":16622,"href":"https:\/\/yahyaouishop.com\/fr\/wp-json\/wp\/v2\/product\/13152\/revisions\/16622"}],"wp:featuredmedia":[{"embeddable":true,"href":"https:\/\/yahyaouishop.com\/fr\/wp-json\/wp\/v2\/media\/16621"}],"wp:attachment":[{"href":"https:\/\/yahyaouishop.com\/fr\/wp-json\/wp\/v2\/media?parent=13152"}],"wp:term":[{"taxonomy":"product_brand","embeddable":true,"href":"https:\/\/yahyaouishop.com\/fr\/wp-json\/wp\/v2\/product_brand?post=13152"},{"taxonomy":"product_cat","embeddable":true,"href":"https:\/\/yahyaouishop.com\/fr\/wp-json\/wp\/v2\/product_cat?post=13152"},{"taxonomy":"product_tag","embeddable":true,"href":"https:\/\/yahyaouishop.com\/fr\/wp-json\/wp\/v2\/product_tag?post=13152"}],"curies":[{"name":"wp","href":"https:\/\/api.w.org\/{rel}","templated":true}]}}