{"id":13128,"date":"2023-10-30T19:29:32","date_gmt":"2023-10-30T18:29:32","guid":{"rendered":"https:\/\/yahyaouishop.com\/index.php\/product\/cache-objectif-et-bouchon-pour-appareil-photo-objectif-canon\/"},"modified":"2026-04-13T20:29:53","modified_gmt":"2026-04-13T19:29:53","slug":"cache-objectif-et-bouchon-pour-appareil-photo-objectif-canon","status":"publish","type":"product","link":"https:\/\/yahyaouishop.com\/fr\/produit\/cache-objectif-et-bouchon-pour-appareil-photo-objectif-canon\/","title":{"rendered":"Cache-Objectif Et Bouchon Pour Appareil Photo-Objectif Canon"},"content":{"rendered":"<p>Les caches sont sp\u00e9cialement con\u00e7us pour les appareils photo et les objectifs.<br data-mce-fragment=\"1\">Le capuchon permet de prot\u00e9ger efficacement le capteur d&#8217;image et les composants internes de l&#8217;appareil photo de la poussi\u00e8re et de l&#8217;humidit\u00e9.<br data-mce-fragment=\"1\">Le capuchon d&#8217;objectif arri\u00e8re peut prot\u00e9ger efficacement vos objectifs de valeur contre les rayures, l&#8217;humidit\u00e9, la poussi\u00e8re et les traces de doigts.<br data-mce-fragment=\"1\"><\/p>","protected":false},"excerpt":{"rendered":"<p>Les caches sont sp\u00e9cialement con\u00e7us pour les appareils photo et les objectifs.Le capuchon permet de prot\u00e9ger efficacement le capteur d&#8217;image<\/p>","protected":false},"featured_media":13539,"comment_status":"open","ping_status":"closed","template":"","meta":[],"product_brand":[453],"product_cat":[157,126],"product_tag":[221],"class_list":{"0":"post-13128","1":"product","2":"type-product","3":"status-publish","4":"has-post-thumbnail","6":"product_brand-canon","7":"product_cat-bouchons-et-paresoleils","8":"product_cat-produits-divers","9":"product_tag-brand-canon","11":"first","12":"instock","13":"purchasable","14":"product-type-simple"},"jetpack_sharing_enabled":true,"_links":{"self":[{"href":"https:\/\/yahyaouishop.com\/fr\/wp-json\/wp\/v2\/product\/13128","targetHints":{"allow":["GET"]}}],"collection":[{"href":"https:\/\/yahyaouishop.com\/fr\/wp-json\/wp\/v2\/product"}],"about":[{"href":"https:\/\/yahyaouishop.com\/fr\/wp-json\/wp\/v2\/types\/product"}],"replies":[{"embeddable":true,"href":"https:\/\/yahyaouishop.com\/fr\/wp-json\/wp\/v2\/comments?post=13128"}],"version-history":[{"count":1,"href":"https:\/\/yahyaouishop.com\/fr\/wp-json\/wp\/v2\/product\/13128\/revisions"}],"predecessor-version":[{"id":23477,"href":"https:\/\/yahyaouishop.com\/fr\/wp-json\/wp\/v2\/product\/13128\/revisions\/23477"}],"wp:featuredmedia":[{"embeddable":true,"href":"https:\/\/yahyaouishop.com\/fr\/wp-json\/wp\/v2\/media\/13539"}],"wp:attachment":[{"href":"https:\/\/yahyaouishop.com\/fr\/wp-json\/wp\/v2\/media?parent=13128"}],"wp:term":[{"taxonomy":"product_brand","embeddable":true,"href":"https:\/\/yahyaouishop.com\/fr\/wp-json\/wp\/v2\/product_brand?post=13128"},{"taxonomy":"product_cat","embeddable":true,"href":"https:\/\/yahyaouishop.com\/fr\/wp-json\/wp\/v2\/product_cat?post=13128"},{"taxonomy":"product_tag","embeddable":true,"href":"https:\/\/yahyaouishop.com\/fr\/wp-json\/wp\/v2\/product_tag?post=13128"}],"curies":[{"name":"wp","href":"https:\/\/api.w.org\/{rel}","templated":true}]}}