{"id":13069,"date":"2023-10-30T19:28:25","date_gmt":"2023-10-30T18:28:25","guid":{"rendered":"https:\/\/yahyaouishop.com\/index.php\/product\/atomos-ninja-v-5\/"},"modified":"2025-10-01T01:05:27","modified_gmt":"2025-10-01T00:05:27","slug":"atomos-ninja-v-5","status":"publish","type":"product","link":"https:\/\/yahyaouishop.com\/fr\/produit\/atomos-ninja-v-5\/","title":{"rendered":"Atomos Ninja V 5\u201d"},"content":{"rendered":"<p>Moniteur\/enregistreur Atomos Ninja V portable furtif de 5 pouces, 4Kp60 10bit HDR visible \u00e0 la lumi\u00e8re du jour 1000nit.Enregistrez comme un ninja ! Enregistrez jusqu&#8217;\u00e0 4Kp60 de vid\u00e9os HDR 10 bits directement \u00e0 partir du capteur de votre appareil photo, via HDMI, 2.0. Stockez des fichiers ProRes ou DNxHR pr\u00eats \u00e0 \u00eatre \u00e9dit\u00e9s sur des disques SSD abordables et contournez la compression interne de vos cam\u00e9ras et les limites de temps d&#8217;enregistrement.<\/p>","protected":false},"excerpt":{"rendered":"<p>Moniteur\/enregistreur Atomos Ninja V portable furtif de 5 pouces, 4Kp60 10bit HDR visible \u00e0 la lumi\u00e8re du jour 1000nit.Enregistrez comme<\/p>","protected":false},"featured_media":13246,"comment_status":"open","ping_status":"closed","template":"","meta":[],"product_brand":[464],"product_cat":[175,126],"product_tag":[452],"class_list":{"0":"post-13069","1":"product","2":"type-product","3":"status-publish","4":"has-post-thumbnail","6":"product_brand-atomos","7":"product_cat-moniteurs-video","8":"product_cat-produits-divers","9":"product_tag-brand-atomos","11":"first","12":"outofstock","13":"taxable","14":"shipping-taxable","15":"purchasable","16":"product-type-simple"},"jetpack_sharing_enabled":true,"_links":{"self":[{"href":"https:\/\/yahyaouishop.com\/fr\/wp-json\/wp\/v2\/product\/13069","targetHints":{"allow":["GET"]}}],"collection":[{"href":"https:\/\/yahyaouishop.com\/fr\/wp-json\/wp\/v2\/product"}],"about":[{"href":"https:\/\/yahyaouishop.com\/fr\/wp-json\/wp\/v2\/types\/product"}],"replies":[{"embeddable":true,"href":"https:\/\/yahyaouishop.com\/fr\/wp-json\/wp\/v2\/comments?post=13069"}],"version-history":[{"count":1,"href":"https:\/\/yahyaouishop.com\/fr\/wp-json\/wp\/v2\/product\/13069\/revisions"}],"predecessor-version":[{"id":20623,"href":"https:\/\/yahyaouishop.com\/fr\/wp-json\/wp\/v2\/product\/13069\/revisions\/20623"}],"wp:featuredmedia":[{"embeddable":true,"href":"https:\/\/yahyaouishop.com\/fr\/wp-json\/wp\/v2\/media\/13246"}],"wp:attachment":[{"href":"https:\/\/yahyaouishop.com\/fr\/wp-json\/wp\/v2\/media?parent=13069"}],"wp:term":[{"taxonomy":"product_brand","embeddable":true,"href":"https:\/\/yahyaouishop.com\/fr\/wp-json\/wp\/v2\/product_brand?post=13069"},{"taxonomy":"product_cat","embeddable":true,"href":"https:\/\/yahyaouishop.com\/fr\/wp-json\/wp\/v2\/product_cat?post=13069"},{"taxonomy":"product_tag","embeddable":true,"href":"https:\/\/yahyaouishop.com\/fr\/wp-json\/wp\/v2\/product_tag?post=13069"}],"curies":[{"name":"wp","href":"https:\/\/api.w.org\/{rel}","templated":true}]}}