{"id":13061,"date":"2023-10-30T19:28:21","date_gmt":"2023-10-30T18:28:21","guid":{"rendered":"https:\/\/yahyaouishop.com\/index.php\/product\/aputure-ls-600d-pro\/"},"modified":"2025-10-01T01:05:27","modified_gmt":"2025-10-01T00:05:27","slug":"aputure-ls-600d-pro","status":"publish","type":"product","link":"https:\/\/yahyaouishop.com\/fr\/produit\/aputure-ls-600d-pro\/","title":{"rendered":"APUTURE LS 600D PRO"},"content":{"rendered":"<div class=\"flex flex-grow flex-col max-w-full\">\n<div class=\"min-h-[20px] text-message flex flex-col items-start whitespace-pre-wrap break-words [.text-message+&amp;]:mt-5 juice:w-full juice:items-end overflow-x-auto gap-2\" dir=\"auto\" data-message-author-role=\"assistant\" data-message-id=\"57191c57-4e9e-4733-a3c7-5a005db6e63e\">\n<div class=\"flex w-full flex-col gap-1 juice:empty:hidden juice:first:pt-[3px]\">\n<div class=\"markdown prose w-full break-words dark:prose-invert light\">\n<p>L&#8217;<strong>Aputure LS 600d Pro<\/strong> est un appareil d&#8217;\u00e9clairage exceptionnellement puissant et polyvalent, con\u00e7u pour r\u00e9pondre aux besoins des professionnels de la photographie et de la vid\u00e9ographie. Dot\u00e9 de LED COB, cet appareil offre une luminosit\u00e9 impressionnante avec une puissance de 1 200 W, compl\u00e9t\u00e9e par un hyper-r\u00e9flecteur \u00e0 55 degr\u00e9s. La temp\u00e9rature de couleur de l&#8217;<strong>Aputure LS 600d Pro<\/strong> est de 5600K, avec un indice de rendu des couleurs (CRI) et un indice de coh\u00e9rence des couleurs (TLCI) \u00e9lev\u00e9s de 96, garantissant une reproduction fid\u00e8le et pr\u00e9cise des couleurs.<\/p>\n<p>La possibilit\u00e9 de contr\u00f4ler le LS 600d Pro de multiples fa\u00e7ons est l&#8217;un de ses points forts. Vous pouvez utiliser la t\u00e9l\u00e9commande 2,4 GHz fournie, l&#8217;application Sidus Link, ou le contr\u00f4le DMX sans fil int\u00e9gr\u00e9 pour ajuster les param\u00e8tres \u00e0 distance. Cette flexibilit\u00e9 de contr\u00f4le fait de l&#8217;<strong>Aputure LS 600d Pro<\/strong> un choix id\u00e9al pour les environnements de tournage complexes et exigeants, tant en photographie qu&#8217;en vid\u00e9ographie.<\/p>\n<p>L&#8217;<strong>Aputure LS 600d Pro<\/strong> se distingue \u00e9galement par sa durabilit\u00e9 et sa r\u00e9sistance aux intemp\u00e9ries, permettant une utilisation fiable en ext\u00e9rieur. La luminosit\u00e9 de cet appareil est r\u00e9glable en continu de 0 \u00e0 100 %, et il est capable de produire jusqu&#8217;\u00e0 200 000+ lux \u00e0 1 m\u00e8tre avec le F10 Fresnel et 100 000+ lux avec le 600d Hyper Reflector. Ces caract\u00e9ristiques font de l&#8217;Aputure LS 600d Pro un outil indispensable pour les professionnels qui exigent des performances lumineuses exceptionnelles.<\/p>\n<p><strong>Caract\u00e9ristiques de l\u2019Aputure LS 600d Pro :<\/strong><\/p>\n<ul>\n<li>Temp\u00e9rature de couleur : 5600K<\/li>\n<li>IRC : 96, TLCI : 96, SSI (D55) : 72<\/li>\n<li>Luminosit\u00e9 r\u00e9glable en continu de 0 \u00e0 100 %<\/li>\n<li>DMX sans fil, contr\u00f4le Bluetooth<\/li>\n<li>Angle de faisceau avec r\u00e9flecteur de 55 degr\u00e9s<\/li>\n<li>Jusqu&#8217;\u00e0 200 000+ lux \u00e0 1 m\u00e8tre avec le F10 Fresnel<\/li>\n<li>Jusqu&#8217;\u00e0 100 000+ lux \u00e0 1 m\u00e8tre avec le 600d Hyper Reflector<\/li>\n<li>T\u00e9l\u00e9commande via l&#8217;application Bluetooth 2.4 GHz et Sidus Link<\/li>\n<li>R\u00e9sistant aux intemp\u00e9ries<\/li>\n<li>8 effets de lumi\u00e8re int\u00e9gr\u00e9s<\/li>\n<li>Plaque \u00e0 d\u00e9gagement rapide pour pince lightning int\u00e9gr\u00e9e<\/li>\n<li>Accepte les fa\u00e7onneurs de lumi\u00e8re \u00e0 monture Bowens<\/li>\n<li>Fourche de verrouillage de frein \u00e0 main incurv\u00e9e avec rotation \u00e0 360 degr\u00e9s<\/li>\n<li>Double r\u00e9cepteur junior\/b\u00e9b\u00e9 pour un montage facile<\/li>\n<li>Bo\u00eetier de commutation s\u00e9par\u00e9 pour une t\u00eate de lampe plus l\u00e9g\u00e8re<\/li>\n<li>Comprend un c\u00e2ble d&#8217;alimentation r\u00e9sistant aux intemp\u00e9ries de 6 m avec une prise Neutrik verrouillable<\/li>\n<li>Alimentation \u00e0 double plaque de batterie, prend en charge plusieurs tensions jusqu&#8217;\u00e0 la moiti\u00e9 ou la pleine puissance (14,4 V, 26 V et 28,8 V)<\/li>\n<li>Peut charger les batteries V- et Gold-mount lorsqu&#8217;il est connect\u00e9 au secteur<\/li>\n<li>Prend en charge la tension d&#8217;entr\u00e9e de 48 V CC, y compris les stations de batterie et les batteries de bloc via XLR \u00e0 3 broches (n\u00e9cessite 15 A)<\/li>\n<li>Compatibilit\u00e9 DMX sans fil, Ethernet, entr\u00e9e\/sortie DMX512 5 broches<\/li>\n<li>8 effets de lumi\u00e8re int\u00e9gr\u00e9s : paparazzi, feux d\u2019artifice, foudre, lampe d\u00e9fectueuse, TV, impulsion, stroboscope et explosion<\/li>\n<\/ul>\n<p><strong>Contenu de l\u2019emballage :<\/strong><\/p>\n<ul>\n<li>Aputure LS 600d Pro<\/li>\n<li>Barndoors<\/li>\n<li>Alimentation r\u00e9seau<\/li>\n<li>C\u00e2ble de connexion de 6 m de long<\/li>\n<li>Adaptateur de plaque de batterie NP-F<\/li>\n<li>C\u00e2ble D-Tap<\/li>\n<li>Sac de transport<\/li>\n<\/ul>\n<h3><\/h3>\n<p>&nbsp;<\/p>\n<\/div>\n<\/div>\n<\/div>\n<\/div>\n<div class=\"mt-1 flex gap-3 empty:hidden juice:-ml-3\">\n<div class=\"items-center justify-start rounded-xl p-1 flex\">\n<div class=\"flex items-center\"><\/div>\n<\/div>\n<\/div>","protected":false},"excerpt":{"rendered":"<p>L&#8217;<strong>Aputure LS 600d Pro<\/strong> est une lumi\u00e8re LED COB puissante, id\u00e9ale pour la photographie et la vid\u00e9ographie. Avec une temp\u00e9rature de couleur de 5600K et un CRI\/TLCI de 96, il garantit des couleurs pr\u00e9cises. L&#8217;Aputure LS 600d Pro offre une luminosit\u00e9 r\u00e9glable en continu de 0 \u00e0 100 % et plusieurs options de contr\u00f4le sans fil, y compris DMX et Bluetooth. R\u00e9sistant aux intemp\u00e9ries et \u00e9quip\u00e9 de 8 effets de lumi\u00e8re, il est parfait pour les environnements de tournage exigeants. Ce kit comprend \u00e9galement des barndoors, une alimentation r\u00e9seau, un c\u00e2ble de connexion de 6 m et un sac de transport.<\/p>","protected":false},"featured_media":13214,"comment_status":"open","ping_status":"closed","template":"","meta":[],"product_brand":[461],"product_cat":[194,166],"product_tag":[227],"class_list":{"0":"post-13061","1":"product","2":"type-product","3":"status-publish","4":"has-post-thumbnail","6":"product_brand-aputure","7":"product_cat-torches-video","8":"product_cat-eclairages-et-studio","9":"product_tag-brand-aputure","11":"first","12":"outofstock","13":"sale","14":"taxable","15":"shipping-taxable","16":"purchasable","17":"product-type-simple"},"jetpack_sharing_enabled":true,"_links":{"self":[{"href":"https:\/\/yahyaouishop.com\/fr\/wp-json\/wp\/v2\/product\/13061","targetHints":{"allow":["GET"]}}],"collection":[{"href":"https:\/\/yahyaouishop.com\/fr\/wp-json\/wp\/v2\/product"}],"about":[{"href":"https:\/\/yahyaouishop.com\/fr\/wp-json\/wp\/v2\/types\/product"}],"replies":[{"embeddable":true,"href":"https:\/\/yahyaouishop.com\/fr\/wp-json\/wp\/v2\/comments?post=13061"}],"version-history":[{"count":2,"href":"https:\/\/yahyaouishop.com\/fr\/wp-json\/wp\/v2\/product\/13061\/revisions"}],"predecessor-version":[{"id":19400,"href":"https:\/\/yahyaouishop.com\/fr\/wp-json\/wp\/v2\/product\/13061\/revisions\/19400"}],"wp:featuredmedia":[{"embeddable":true,"href":"https:\/\/yahyaouishop.com\/fr\/wp-json\/wp\/v2\/media\/13214"}],"wp:attachment":[{"href":"https:\/\/yahyaouishop.com\/fr\/wp-json\/wp\/v2\/media?parent=13061"}],"wp:term":[{"taxonomy":"product_brand","embeddable":true,"href":"https:\/\/yahyaouishop.com\/fr\/wp-json\/wp\/v2\/product_brand?post=13061"},{"taxonomy":"product_cat","embeddable":true,"href":"https:\/\/yahyaouishop.com\/fr\/wp-json\/wp\/v2\/product_cat?post=13061"},{"taxonomy":"product_tag","embeddable":true,"href":"https:\/\/yahyaouishop.com\/fr\/wp-json\/wp\/v2\/product_tag?post=13061"}],"curies":[{"name":"wp","href":"https:\/\/api.w.org\/{rel}","templated":true}]}}